{"id":1580,"date":"2020-02-14T10:59:51","date_gmt":"2020-02-14T10:59:51","guid":{"rendered":"https:\/\/www.institutdelhaleine.be\/medische-bibliotheek-over-halitose\/consequences-psychologiques-et-sociales\/"},"modified":"2025-01-20T09:38:35","modified_gmt":"2025-01-20T09:38:35","slug":"consequences-psychologiques-et-sociales","status":"publish","type":"page","link":"https:\/\/www.institutdelhaleine.be\/nl\/medische-bibliotheek-over-halitose\/consequences-psychologiques-et-sociales\/","title":{"rendered":"Cons\u00e9quences psychologiques et sociales"},"content":{"rendered":"<p><div class=\"fusion-fullwidth fullwidth-box fusion-builder-row-1 fusion-flex-container nonhundred-percent-fullwidth non-hundred-percent-height-scrolling\" style=\"--awb-border-radius-top-left:0px;--awb-border-radius-top-right:0px;--awb-border-radius-bottom-right:0px;--awb-border-radius-bottom-left:0px;--awb-flex-wrap:wrap;\" ><div class=\"fusion-builder-row fusion-row fusion-flex-align-items-stretch fusion-flex-content-wrap\" style=\"max-width:1144px;margin-left: calc(-4% \/ 2 );margin-right: calc(-4% \/ 2 );\"><div class=\"fusion-layout-column fusion_builder_column fusion-builder-column-0 fusion_builder_column_1_4 1_4 fusion-flex-column\" style=\"--awb-padding-top:20px;--awb-padding-right:20px;--awb-padding-bottom:20px;--awb-padding-left:20px;--awb-bg-color:#eeeeee;--awb-bg-color-hover:#eeeeee;--awb-bg-size:cover;--awb-width-large:25%;--awb-margin-top-large:0px;--awb-spacing-right-large:0%;--awb-margin-bottom-large:20px;--awb-spacing-left-large:7.68%;--awb-width-medium:100%;--awb-spacing-right-medium:1.92%;--awb-spacing-left-medium:1.92%;--awb-width-small:100%;--awb-spacing-right-small:1.92%;--awb-spacing-left-small:1.92%;\"><div class=\"fusion-column-wrapper fusion-flex-justify-content-flex-start fusion-content-layout-column\"><div class=\"fusion-text fusion-text-1\"><h2 style=\"text-align: left;\"><strong>Cons\u00e9quences psychologiques et sociales<\/strong><\/h2>\n<p>Bien qu\u2019il ne soit pas courant de partager ses inqui\u00e9tudes sur son haleine avec son entourage ou d\u2019autres personnes, il s\u2019agit en fait d\u2019un sujet de grande pr\u00e9occupation. Dans une enqu\u00eate r\u00e9alis\u00e9e aupr\u00e8s de 3290 personnes au Japon, 20 % ont confess\u00e9 se sentir \u00ab <em>anxieuses et pr\u00e9occup\u00e9es en permanence<\/em> \u00bb par leur haleine et 60 % \u00ab <em>occasionnellement<\/em> \u00bb. Seulement les 20 % restants ont assur\u00e9 \u00ab <em>ne jamais se soucier de leur haleine<\/em> \u00bb. <strong>Cette inqui\u00e9tude face \u00e0 l\u2019\u00e9tat de son haleine<\/strong> est clairement refl\u00e9t\u00e9e dans la consommation tr\u00e8s \u00e9lev\u00e9e de chewing-gums et de solutions orales de type rince-bouche, produits que l\u2019on trouve facilement \u00e0 la vente dans les supermarch\u00e9s, les petits commerces et les stations-service. Une \u00e9tude r\u00e9alis\u00e9e aux \u00c9tats-Unis en 1994 a conclu que plus de 2 milliards de dollars avaient \u00e9t\u00e9 d\u00e9pens\u00e9s pour l\u2019achat de ces produits, constituant ainsi un v\u00e9ritable march\u00e9. Une autre enqu\u00eate a montr\u00e9 qu\u2019environ 60 % des femmes et 50 % des hommes utilisent r\u00e9guli\u00e8rement des produits sp\u00e9cifiques pour am\u00e9liorer leur haleine. La conscience de souffrir d\u2019halitose, que celle-ci soit r\u00e9elle ou imaginaire, provoque souvent un fort impact sur le plan comportemental et \u00e9motionnel d\u2019une personne, et cela peut avoir de graves r\u00e9percussions sur sa qualit\u00e9 de vie (quelque soit son niveau culturel ou social).<\/p>\n<\/div><\/div><\/div><div class=\"fusion-layout-column fusion_builder_column fusion-builder-column-1 fusion_builder_column_3_4 3_4 fusion-flex-column\" style=\"--awb-padding-top:20px;--awb-padding-right:20px;--awb-padding-bottom:20px;--awb-padding-left:20px;--awb-bg-color:#dddddd;--awb-bg-color-hover:#dddddd;--awb-bg-size:cover;--awb-width-large:75%;--awb-margin-top-large:0px;--awb-spacing-right-large:2.56%;--awb-margin-bottom-large:20px;--awb-spacing-left-large:0%;--awb-width-medium:100%;--awb-spacing-right-medium:1.92%;--awb-spacing-left-medium:1.92%;--awb-width-small:100%;--awb-spacing-right-small:1.92%;--awb-spacing-left-small:1.92%;\"><div class=\"fusion-column-wrapper fusion-flex-justify-content-flex-start fusion-content-layout-column\"><div class=\"fusion-text fusion-text-2\"><h2 style=\"text-align: justify;\"><strong>Cons\u00e9quences sur le comportement<\/strong><\/h2>\n<p style=\"text-align: justify;\">Une autre \u00e9tude scientifique pionni\u00e8re, r\u00e9alis\u00e9e par des chercheurs de l\u2019Institut de l\u2019Haleine, a mis en \u00e9vidence un certain nombre de r\u00e9flexes de d\u00e9fense dans le comportement des personnes conscientes d\u2019avoir mauvaise haleine (dans une tentative de masquer l\u2019existence de l\u2019halitose ou de minimiser son impact sur l\u2019entourage). A savoir: <\/p>\n<ul style=\"text-align: justify;\">\n<li><strong>Une limitation de la communication orale <\/strong><br \/>\n(particuli\u00e8rement dans les lieux ferm\u00e9s ou exigus)<\/li>\n<li><strong>Une mise \u00e0 distance au niveau interpersonnel<\/strong><\/li>\n<li><strong>Une plus grande fr\u00e9quence de la communication \u00e0 travers des signes ou des gestes<\/strong><\/li>\n<li><strong>Une nette tendance \u00e0 se couvrir la bouche avec la main pour parler<\/strong><\/li>\n<li><strong>Une expiration plus courte<\/strong><\/li>\n<\/ul>\n<p style=\"text-align: justify;\">D\u2019autres comportements ont \u00e9galement \u00e9t\u00e9 observ\u00e9s sur les personnes pr\u00e9occup\u00e9es par leur mauvaise haleine. Conscientes des implications sociales que suppose l\u2019halitose et dans une tentative d\u00e9sesp\u00e9r\u00e9e de masquer l\u2019odeur pour \u00eatre accept\u00e9es socialement, ces personnes se brossent les dents de fa\u00e7on compulsive (plus de 5 fois par jour), font un usage fr\u00e9quent des rince-bouche et des chewing-gums, et vont parfois m\u00eame jusqu\u2019\u00e0 fumer. Mais ces solutions sont peu efficaces car elles ne font qu\u2019occulter temporairement le probl\u00e8me.  <\/p>\n<\/div><div class=\"fusion-image-element \" style=\"--awb-caption-title-font-family:var(--h2_typography-font-family);--awb-caption-title-font-weight:var(--h2_typography-font-weight);--awb-caption-title-font-style:var(--h2_typography-font-style);--awb-caption-title-size:var(--h2_typography-font-size);--awb-caption-title-transform:var(--h2_typography-text-transform);--awb-caption-title-line-height:var(--h2_typography-line-height);--awb-caption-title-letter-spacing:var(--h2_typography-letter-spacing);\"><span class=\" fusion-imageframe imageframe-none imageframe-1 hover-type-none\"><img decoding=\"async\" width=\"800\" height=\"334\" title=\"Consequences psychologiques et sociales halitose\" src=\"https:\/\/www.institutdelhaleine.be\/wp-content\/uploads\/2020\/02\/Consequences-psychologiques-et-sociales-halitose.jpg\" alt class=\"img-responsive wp-image-1485\" srcset=\"https:\/\/www.institutdelhaleine.be\/wp-content\/uploads\/2020\/02\/Consequences-psychologiques-et-sociales-halitose-200x84.jpg 200w, https:\/\/www.institutdelhaleine.be\/wp-content\/uploads\/2020\/02\/Consequences-psychologiques-et-sociales-halitose-400x167.jpg 400w, https:\/\/www.institutdelhaleine.be\/wp-content\/uploads\/2020\/02\/Consequences-psychologiques-et-sociales-halitose-600x251.jpg 600w, https:\/\/www.institutdelhaleine.be\/wp-content\/uploads\/2020\/02\/Consequences-psychologiques-et-sociales-halitose.jpg 800w\" sizes=\"(max-width: 1024px) 100vw, (max-width: 640px) 100vw, 800px\" \/><\/span><\/div><div class=\"fusion-text fusion-text-3\"><h2 style=\"text-align: justify;\"><strong>Cons\u00e9quences psychologiques et \u00e9motionnelles<\/strong><\/h2>\n<p>L\u2019<strong>Institut de l\u2019Haleine<\/strong>, \u00e0 travers des \u00e9tudes r\u00e9alis\u00e9es sur de larges \u00e9chantillons de population, a r\u00e9ussi \u00e0 d\u00e9montrer sans risque d\u2019erreur que <strong>l\u2019halitose limite la vie sociale<\/strong>, augmente <strong>l\u2019anxi\u00e9t\u00e9<\/strong>, interf\u00e8re avec les relations intimes et diminue la capacit\u00e9 de bonheur de la personne qui en souffre. Les <strong>effets psychologiques<\/strong> les plus fr\u00e9quents vont de la <strong>baisse de confiance<\/strong> en soi, de <strong>l\u2019estime<\/strong> de soi, \u00e0 <strong>l\u2019anxi\u00e9t\u00e9<\/strong> ou \u00e9tat de <strong>stress<\/strong> chroniques. Dans certains cas, les personnes souffrant d\u2019halitose font l\u2019objet de moqueries et de vexations de la part de leur entourage (coll\u00e8gues de travail ou compagnons d\u2019\u00e9tude, par exemple). Certains patients affirment m\u00eame avoir \u00e9t\u00e9 victimes de discrimination dans le cadre d\u2019une promotion professionnelle ou avoir v\u00e9cu une situation traumatisante au niveau familial, tel qu\u2019une s\u00e9paration conjugale, \u00e0 cause de ce probl\u00e8me. Dans la principale base de donn\u00e9es m\u00e9dicale des Etats-Unis (PubMed\/Medline), on reporte certains cas de personnes qui se sont suicid\u00e9es \u00e0 cause de l\u2019halitose et \u00e0 la source de mal \u00eatre extr\u00eame qu\u2019elle avait produit dans leur vie. L\u2019\u00e9vidence du fort impact de l\u2019halitose sur la qualit\u00e9 de vie d\u2019une personne est manifeste avec la r\u00e9mission de ses effets psychologiques apr\u00e8s un traitement r\u00e9ussi. En 2010, l\u2019Institut de l\u2019Haleine a publi\u00e9 les r\u00e9sultats du traitement sur un groupe de patients, d\u00e9montrant certains effets b\u00e9n\u00e9fiques:<\/p>\n<\/div>\n<div class=\"table-1\">\n<table width=\"100%\">\n<thead>\n<tr>\n<th align=\"left\">EFFET<\/th>\n<th align=\"left\">\u00c9CHELLE DE MESURE UTILIS\u00c9E PAR L\u2019INSTITUT DE L\u2019HALEINE<\/th>\n<\/tr>\n<\/thead>\n<tbody>\n<tr>\n<td align=\"left\">Disparition de sch\u00e9mas anxieux ou d\u00e9pressifs<\/td>\n<td align=\"left\">Ansiety and Depression Scale <em>(de Zigmond)<\/em><\/td>\n<\/tr>\n<tr>\n<td align=\"left\">Am\u00e9lioration significative de la sensation de bonheur<\/td>\n<td align=\"left\">SWLS \u2013 Satisfaction With Life Scale <em>(de Diener)<\/em><\/td>\n<\/tr>\n<tr>\n<td align=\"left\">Augmentation de la fr\u00e9quence des \u00e9motions positives et baisse des \u00e9motions n\u00e9gatives<\/td>\n<td align=\"left\">PANAS \u2013 Positive And Negative Affect Schedule <em>(de Watson, Clark &amp; Tellegen)<\/em><\/td>\n<\/tr>\n<tr>\n<td align=\"left\">Augmentation significative de la qualit\u00e9 de vie<\/td>\n<td align=\"left\">OHIP \u2013 Oral Health Impact Profile<em> (de Slade e Spencer)<\/em><\/td>\n<\/tr>\n<\/tbody>\n<\/table>\n<\/div>\n<div class=\"fusion-text fusion-text-4\"><p style=\"text-align: justify;\">En r\u00e9sum\u00e9, les r\u00e9sultats de l\u2019\u00e9tude ont confirm\u00e9 ce que l\u2019on pouvait supposer : l\u2019impact le plus important de l\u2019halitose est d\u2019ordre psychologique et social. Si on la compare \u00e0 d\u2019autres pathologies du domaine de la stomatologie et de l\u2019odontologie (par exemple, douleurs chroniques et dysfonction temporo-mandibulaire, syndrome de br\u00fblure buccale, utilisation de proth\u00e8ses amovibles), l\u2019halitose est la pathologie qui atteint les niveaux d\u2019impact psycho-sociaux les plus \u00e9lev\u00e9s. Il est clair que, m\u00eame si elle repr\u00e9sente rarement un risque pour la vie d\u2019un patient, l\u2019halitose doit \u00eatre mieux prise en compte tant par les professionnels de la sant\u00e9 que par les familles et amis des personnes qui en souffrent.  <\/p>\n<\/div><\/div><\/div><\/div><\/div><div class=\"fusion-fullwidth fullwidth-box fusion-builder-row-2 fusion-flex-container nonhundred-percent-fullwidth non-hundred-percent-height-scrolling\" style=\"--awb-border-radius-top-left:0px;--awb-border-radius-top-right:0px;--awb-border-radius-bottom-right:0px;--awb-border-radius-bottom-left:0px;--awb-flex-wrap:wrap;\" ><div class=\"fusion-builder-row fusion-row fusion-flex-align-items-flex-start fusion-flex-content-wrap\" style=\"max-width:calc( 1100px + 0px );margin-left: calc(-0px \/ 2 );margin-right: calc(-0px \/ 2 );\"><div class=\"fusion-layout-column fusion_builder_column fusion-builder-column-2 fusion_builder_column_1_1 1_1 fusion-flex-column\" style=\"--awb-bg-size:cover;--awb-width-large:100%;--awb-margin-top-large:0px;--awb-spacing-right-large:0px;--awb-margin-bottom-large:20px;--awb-spacing-left-large:0px;--awb-width-medium:100%;--awb-spacing-right-medium:0px;--awb-spacing-left-medium:0px;--awb-width-small:100%;--awb-spacing-right-small:0px;--awb-spacing-left-small:0px;\"><div class=\"fusion-column-wrapper fusion-flex-justify-content-flex-start fusion-content-layout-column\"><div class=\"fusion-text fusion-text-5\"><p><div class=\"fusion-alignleft\"><a class=\"fusion-button button-flat fusion-button-default-size button-default fusion-button-default button-1 fusion-button-default-span fusion-button-default-type\" style=\"--button-border-radius-top-left:2px;--button-border-radius-top-right:2px;--button-border-radius-bottom-right:2px;--button-border-radius-bottom-left:2px;\" target=\"_self\" href=\"http:\/\/www.institutdelhaleine.be\/bibliotheque-medicale-sur-lhalitose\/quest-ce-que-lhalitose\/\"><span class=\"fusion-button-text awb-button__text awb-button__text--default\">Ant\u00e9rieur<\/span><\/a><\/div> <div class=\"fusion-alignright\"><a class=\"fusion-button button-flat fusion-button-default-size button-default fusion-button-default button-2 fusion-button-default-span fusion-button-default-type\" style=\"--button-border-radius-top-left:2px;--button-border-radius-top-right:2px;--button-border-radius-bottom-right:2px;--button-border-radius-bottom-left:2px;\" target=\"_self\" href=\"http:\/\/www.institutdelhaleine.be\/bibliotheque-medicale-sur-lhalitose\/la-mauvaise-haleine-au-cours-du-temps-historique\/\"><span class=\"fusion-button-text awb-button__text awb-button__text--default\">Suivant<\/span><\/a><\/div><\/p>\n<\/div><\/div><\/div><\/div><\/div><div class=\"fusion-fullwidth fullwidth-box fusion-builder-row-3 fusion-flex-container nonhundred-percent-fullwidth non-hundred-percent-height-scrolling\" style=\"--awb-border-radius-top-left:0px;--awb-border-radius-top-right:0px;--awb-border-radius-bottom-right:0px;--awb-border-radius-bottom-left:0px;--awb-flex-wrap:wrap;\" ><div class=\"fusion-builder-row fusion-row fusion-flex-align-items-stretch fusion-flex-content-wrap\" style=\"max-width:1144px;margin-left: calc(-4% \/ 2 );margin-right: calc(-4% \/ 2 );\"><div class=\"fusion-layout-column fusion_builder_column fusion-builder-column-3 fusion_builder_column_1_3 1_3 fusion-flex-column\" style=\"--awb-padding-top:20px;--awb-padding-right:20px;--awb-padding-bottom:20px;--awb-padding-left:20px;--awb-bg-color:#f0f9fa;--awb-bg-color-hover:#f0f9fa;--awb-bg-size:cover;--awb-width-large:33.333333333333%;--awb-margin-top-large:0px;--awb-spacing-right-large:0%;--awb-margin-bottom-large:20px;--awb-spacing-left-large:5.76%;--awb-width-medium:100%;--awb-spacing-right-medium:1.92%;--awb-spacing-left-medium:1.92%;--awb-width-small:100%;--awb-spacing-right-small:1.92%;--awb-spacing-left-small:1.92%;\"><div class=\"fusion-column-wrapper fusion-flex-justify-content-flex-start fusion-content-layout-column\"><div class=\"fusion-text fusion-text-6\"><h2 style=\"line-height: 15.6pt; margin: 0cm 0cm 12.0pt 0cm;\"><strong>Le concept<\/strong><\/h2>\n<p>Parlons ouvertement de l\u2019halitose pour mieux comprendre et acc\u00e9der \u00e0 la terminologie utilis\u00e9e par les scientifiques.<\/p>\n<p>1. <a href=\"http:\/\/www.institutdelhaleine.be\/bibliotheque-medicale-sur-lhalitose\/quest-ce-que-lhalitose\/\">Qu\u2019est-ce que l\u2019halitose?<\/a><br \/>\n2. <a href=\"http:\/\/www.institutdelhaleine.be\/bibliotheque-medicale-sur-lhalitose\/consequences-psychologiques-et-sociales\/\">Cons\u00e9quences psychologiques et sociales<\/a><br \/>\n3. <a href=\"http:\/\/www.institutdelhaleine.be\/bibliotheque-medicale-sur-lhalitose\/la-mauvaise-haleine-au-cours-du-temps-historique\/\">La mauvaise haleine au cours du temps &#8211; historique<\/a><\/p>\n<\/div><\/div><\/div><div class=\"fusion-layout-column fusion_builder_column fusion-builder-column-4 fusion_builder_column_1_3 1_3 fusion-flex-column\" style=\"--awb-padding-top:20px;--awb-padding-right:20px;--awb-padding-bottom:20px;--awb-padding-left:20px;--awb-bg-color:#e0f2f4;--awb-bg-color-hover:#e0f2f4;--awb-bg-size:cover;--awb-width-large:33.333333333333%;--awb-margin-top-large:0px;--awb-spacing-right-large:0%;--awb-margin-bottom-large:20px;--awb-spacing-left-large:0%;--awb-width-medium:100%;--awb-spacing-right-medium:1.92%;--awb-spacing-left-medium:1.92%;--awb-width-small:100%;--awb-spacing-right-small:1.92%;--awb-spacing-left-small:1.92%;\"><div class=\"fusion-column-wrapper fusion-flex-justify-content-flex-start fusion-content-layout-column\"><div class=\"fusion-text fusion-text-7\"><h2><strong>Les causes<\/strong><\/h2>\n<p>D\u00e9couvrons les plus de 80 causes potentielles de l\u2019halitose, sur la base des recherches internationales les plus r\u00e9centes.<\/p>\n<p>1. <a href=\"http:\/\/www.institutdelhaleine.be\/bibliotheque-medicale-sur-lhalitose\/les-composes-malodorants\/\">Les compos\u00e9s de la mauvaise odeur<\/a><br \/>\n2. <a href=\"http:\/\/www.institutdelhaleine.be\/bibliotheque-medicale-sur-lhalitose\/les-causes-de-lhalitose-ou-mauvaise-haleine\/\">Les causes de l\u2019halitose ou mauvaise haleine<\/a><br \/>\n2.1 <a href=\"http:\/\/www.institutdelhaleine.be\/bibliotheque-medicale-sur-lhalitose\/les-causes-de-lhalitose-ou-mauvaise-haleine\/causes-de-lhalitose-dans-la-bouche\/\">Les causes orales (dans la bouche)<\/a><br \/>\n2.2 <a href=\"http:\/\/www.institutdelhaleine.be\/bibliotheque-medicale-sur-lhalitose\/les-causes-de-lhalitose-ou-mauvaise-haleine\/causes-de-lhalitose-dans-lappareil-respiratoire\/\">Les causes dans l\u2019appareil respiratoire<\/a><br \/>\n2.3 <a href=\"http:\/\/www.institutdelhaleine.be\/bibliotheque-medicale-sur-lhalitose\/les-causes-de-lhalitose-ou-mauvaise-haleine\/les-causes-de-lhalitose-dans-le-tube-digestif\/\">Les causes dans le tube digestif<\/a><br \/>\n2.4 <a href=\"http:\/\/www.institutdelhaleine.be\/bibliotheque-medicale-sur-lhalitose\/les-causes-de-lhalitose-ou-mauvaise-haleine\/les-causes-systemiques-nutritionnelles-et-liees-au-mode-de-vie\/\">Les causes syst\u00e9miques, nutritionnelles et li\u00e9es au mode de vie<\/a><br \/>\n2.5 <a href=\"http:\/\/www.institutdelhaleine.be\/bibliotheque-medicale-sur-lhalitose\/les-causes-de-lhalitose-ou-mauvaise-haleine\/causes-neuropsychologiques-de-lhalitose\/\">Les causes neuropsychologiques<\/a><\/p>\n<\/div><\/div><\/div><div class=\"fusion-layout-column fusion_builder_column fusion-builder-column-5 fusion_builder_column_1_3 1_3 fusion-flex-column\" style=\"--awb-padding-top:20px;--awb-padding-right:20px;--awb-padding-bottom:20px;--awb-padding-left:20px;--awb-bg-color:#d2edf0;--awb-bg-color-hover:#d2edf0;--awb-bg-size:cover;--awb-width-large:33.333333333333%;--awb-margin-top-large:0px;--awb-spacing-right-large:5.76%;--awb-margin-bottom-large:20px;--awb-spacing-left-large:0%;--awb-width-medium:100%;--awb-spacing-right-medium:1.92%;--awb-spacing-left-medium:1.92%;--awb-width-small:100%;--awb-spacing-right-small:1.92%;--awb-spacing-left-small:1.92%;\"><div class=\"fusion-column-wrapper fusion-flex-justify-content-flex-start fusion-content-layout-column\"><div class=\"fusion-text fusion-text-8\"><h2>Le Diagnostic<\/h2>\n<p>Identifions les proc\u00e9d\u00e9s cliniques les plus efficaces pour un diagnostic pr\u00e9cis de l\u2019origine de l\u2019halitose, afin de choisir le meilleur traitement.<\/p>\n<p>1. <a href=\"http:\/\/www.institutdelhaleine.be\/bibliotheque-medicale-sur-lhalitose\/methodes-de-diagnostic-de-lhalitose\/\">M\u00e9thodes de diagnostic<\/a><br \/>\n1.1 <a href=\"http:\/\/www.institutdelhaleine.be\/bibliotheque-medicale-sur-lhalitose\/methodes-de-diagnostic-de-lhalitose\/auto-perception-de-lhalitose\/\">Auto-perception<\/a><br \/>\n1.2 <a href=\"http:\/\/www.institutdelhaleine.be\/bibliotheque-medicale-sur-lhalitose\/methodes-de-diagnostic-de-lhalitose\/tests-organoleptiques-olfactifs\/\">Tests organoleptiques olfactifs<\/a><br \/>\n1.3 <a href=\"http:\/\/www.institutdelhaleine.be\/bibliotheque-medicale-sur-lhalitose\/methodes-de-diagnostic-de-lhalitose\/mesure-des-gaz-contenus-dans-lhaleine\/\">Mesure des substances gazeuses contenues dans l\u2019haleine<\/a><br \/>\n1.4 <a href=\"http:\/\/www.institutdelhaleine.be\/bibliotheque-medicale-sur-lhalitose\/methodes-de-diagnostic-de-lhalitose\/analyses-de-laboratoire-pour-le-diagnostic-de-lhalitose\/\">Analyses de laboratoire<\/a><br \/>\n2. <a href=\"http:\/\/www.institutdelhaleine.be\/bibliotheque-medicale-sur-lhalitose\/test-psychologiques\/\">Tests psychologiques<\/a><br \/>\n3. <a href=\"http:\/\/www.institutdelhaleine.be\/signes-et-facteurs-associes\/\">Signes et facteurs associ\u00e9s<\/a><\/p>\n<\/div><\/div><\/div><\/div><\/div><\/p>\n","protected":false},"excerpt":{"rendered":"","protected":false},"author":2,"featured_media":0,"parent":1570,"menu_order":0,"comment_status":"closed","ping_status":"closed","template":"","meta":{"footnotes":""},"class_list":["post-1580","page","type-page","status-publish","hentry"],"_links":{"self":[{"href":"https:\/\/www.institutdelhaleine.be\/nl\/wp-json\/wp\/v2\/pages\/1580","targetHints":{"allow":["GET"]}}],"collection":[{"href":"https:\/\/www.institutdelhaleine.be\/nl\/wp-json\/wp\/v2\/pages"}],"about":[{"href":"https:\/\/www.institutdelhaleine.be\/nl\/wp-json\/wp\/v2\/types\/page"}],"author":[{"embeddable":true,"href":"https:\/\/www.institutdelhaleine.be\/nl\/wp-json\/wp\/v2\/users\/2"}],"replies":[{"embeddable":true,"href":"https:\/\/www.institutdelhaleine.be\/nl\/wp-json\/wp\/v2\/comments?post=1580"}],"version-history":[{"count":5,"href":"https:\/\/www.institutdelhaleine.be\/nl\/wp-json\/wp\/v2\/pages\/1580\/revisions"}],"predecessor-version":[{"id":1585,"href":"https:\/\/www.institutdelhaleine.be\/nl\/wp-json\/wp\/v2\/pages\/1580\/revisions\/1585"}],"up":[{"embeddable":true,"href":"https:\/\/www.institutdelhaleine.be\/nl\/wp-json\/wp\/v2\/pages\/1570"}],"wp:attachment":[{"href":"https:\/\/www.institutdelhaleine.be\/nl\/wp-json\/wp\/v2\/media?parent=1580"}],"curies":[{"name":"wp","href":"https:\/\/api.w.org\/{rel}","templated":true}]}}