{"id":1592,"date":"2020-02-17T10:38:48","date_gmt":"2020-02-17T10:38:48","guid":{"rendered":"https:\/\/www.institutdelhaleine.be\/medische-bibliotheek-over-halitose\/les-causes-de-lhalitose-ou-mauvaise-haleine\/causes-de-lhalitose-dans-lappareil-respiratoire\/"},"modified":"2025-01-20T09:44:10","modified_gmt":"2025-01-20T09:44:10","slug":"causes-de-lhalitose-dans-lappareil-respiratoire","status":"publish","type":"page","link":"https:\/\/www.institutdelhaleine.be\/nl\/medische-bibliotheek-over-halitose\/les-causes-de-lhalitose-ou-mauvaise-haleine\/causes-de-lhalitose-dans-lappareil-respiratoire\/","title":{"rendered":"Causes de l\u2019halitose dans l\u2019appareil respiratoire"},"content":{"rendered":"<p><div class=\"fusion-fullwidth fullwidth-box fusion-builder-row-1 fusion-flex-container nonhundred-percent-fullwidth non-hundred-percent-height-scrolling\" style=\"--awb-border-radius-top-left:0px;--awb-border-radius-top-right:0px;--awb-border-radius-bottom-right:0px;--awb-border-radius-bottom-left:0px;--awb-flex-wrap:wrap;\" ><div class=\"fusion-builder-row fusion-row fusion-flex-align-items-stretch fusion-flex-content-wrap\" style=\"max-width:1144px;margin-left: calc(-4% \/ 2 );margin-right: calc(-4% \/ 2 );\"><div class=\"fusion-layout-column fusion_builder_column fusion-builder-column-0 fusion_builder_column_1_4 1_4 fusion-flex-column\" style=\"--awb-padding-top:20px;--awb-padding-right:20px;--awb-padding-bottom:20px;--awb-padding-left:20px;--awb-bg-color:#eeeeee;--awb-bg-color-hover:#eeeeee;--awb-bg-size:cover;--awb-width-large:25%;--awb-margin-top-large:0px;--awb-spacing-right-large:0%;--awb-margin-bottom-large:20px;--awb-spacing-left-large:7.68%;--awb-width-medium:100%;--awb-spacing-right-medium:1.92%;--awb-spacing-left-medium:1.92%;--awb-width-small:100%;--awb-spacing-right-small:1.92%;--awb-spacing-left-small:1.92%;\"><div class=\"fusion-column-wrapper fusion-flex-justify-content-flex-start fusion-content-layout-column\"><div class=\"fusion-text fusion-text-1\"><h2><strong>Les causes dans l\u2019appareil respiratoire<\/strong><\/h2>\n<p style=\"text-align: justify;\">On peut trouver dans l\u2019appareil respiratoire sup\u00e9rieur (au-dessus du larynx) certaines pathologies se d\u00e9veloppant g\u00e9n\u00e9ralement comme des infections chroniques, et qui peuvent entra\u00eener une halitose. Les plus courantes sont la <strong>rhino-sinusite<\/strong> et <strong>l\u2019amygdalite chronique<\/strong>. <\/p>\n<\/div><\/div><\/div><div class=\"fusion-layout-column fusion_builder_column fusion-builder-column-1 fusion_builder_column_3_4 3_4 fusion-flex-column\" style=\"--awb-padding-top:20px;--awb-padding-right:20px;--awb-padding-bottom:20px;--awb-padding-left:20px;--awb-bg-color:#dddddd;--awb-bg-color-hover:#dddddd;--awb-bg-size:cover;--awb-width-large:75%;--awb-margin-top-large:0px;--awb-spacing-right-large:2.56%;--awb-margin-bottom-large:20px;--awb-spacing-left-large:0%;--awb-width-medium:100%;--awb-spacing-right-medium:1.92%;--awb-spacing-left-medium:1.92%;--awb-width-small:100%;--awb-spacing-right-small:1.92%;--awb-spacing-left-small:1.92%;\"><div class=\"fusion-column-wrapper fusion-flex-justify-content-flex-start fusion-content-layout-column\"><div class=\"fusion-text fusion-text-2\"><h2><strong>Respiration par la bouche<\/strong><\/h2>\n<p style=\"text-align: justify;\">Les malformations et les maladies du complexe ostium-meato peuvent obstruer l\u2019ostium des sinus paranasaux, entra\u00eenant une stase et une infection de ces cavit\u00e9s. Les principales g\u00eanes qu\u2019observent ces patients sont la rhinorrh\u00e9e post\u00e9rieure, la toux, la pr\u00e9sence de mucus dans la gorge, la <strong>langue p\u00e2teuse et l\u2019halitose<\/strong>. L\u2019une des cons\u00e9quences de la rhinorrh\u00e9e post\u00e9rieure est l\u2019accumulation continue de mucus purulent dans la r\u00e9gion post\u00e9rieure de la langue, o\u00f9 s\u2019installe un deuxi\u00e8me foyer de l\u2019infection chronique, provoquant ainsi des alt\u00e9rations de la flore bact\u00e9rienne, ce qui d\u00e9clenche l\u2019halitose. Il existe plusieurs bact\u00e9ries li\u00e9es \u00e0 la <strong>sinusite chronique<\/strong>, comme celles du genre Fusobacterium et Bacteroides, qui peuvent produire des COV et des CSV g\u00e9n\u00e9rant une <strong>mauvaise odeur<\/strong>.   <\/p>\n<p style=\"text-align: justify;\">La <strong>respiration par la bouche<\/strong> influence la quantit\u00e9 et la composition bact\u00e9rienne de la salive. <strong>Les personnes respirant par la bouche sont davantage pr\u00e9dispos\u00e9es \u00e0 l\u2019halitose<\/strong>. Par ailleurs, la d\u00e9viation du septum nasal peut dans certains cas imperm\u00e9abiliser l\u2019ostium du sinus, entra\u00eenant alors une infection. Une \u00e9tude portant sur 24 patients souffrant de troubles obstructifs du complexe ostium-meato a montr\u00e9 qu\u2019apr\u00e8s une intervention chirurgicale corrective, une nette am\u00e9lioration de l\u2019haleine a \u00e9t\u00e9 observ\u00e9e chez 80 % de ces patients. Une autre \u00e9tude a r\u00e9v\u00e9l\u00e9 que l\u2019halitose \u00e9tait l\u2019un des principaux sympt\u00f4mes constat\u00e9s sur un ensemble de 100 patients p\u00e9diatriques atteints de rhino-sinusite chronique. L\u2019ad\u00e9no\u00efdite peut aussi provoquer une halitose.    <\/p>\n<\/div><div class=\"fusion-image-element \" style=\"--awb-caption-title-font-family:var(--h2_typography-font-family);--awb-caption-title-font-weight:var(--h2_typography-font-weight);--awb-caption-title-font-style:var(--h2_typography-font-style);--awb-caption-title-size:var(--h2_typography-font-size);--awb-caption-title-transform:var(--h2_typography-text-transform);--awb-caption-title-line-height:var(--h2_typography-line-height);--awb-caption-title-letter-spacing:var(--h2_typography-letter-spacing);\"><span class=\" fusion-imageframe imageframe-none imageframe-1 hover-type-none\"><img decoding=\"async\" width=\"800\" height=\"400\" title=\"Causes de l\u2019halitose dans l\u2019appareil respiratoire\" src=\"https:\/\/www.institutdelhaleine.be\/wp-content\/uploads\/2020\/02\/Causes-de-lhalitose-dans-lappareil-respiratoire.jpg\" alt class=\"img-responsive wp-image-1489\" srcset=\"https:\/\/www.institutdelhaleine.be\/wp-content\/uploads\/2020\/02\/Causes-de-lhalitose-dans-lappareil-respiratoire-200x100.jpg 200w, https:\/\/www.institutdelhaleine.be\/wp-content\/uploads\/2020\/02\/Causes-de-lhalitose-dans-lappareil-respiratoire-400x200.jpg 400w, https:\/\/www.institutdelhaleine.be\/wp-content\/uploads\/2020\/02\/Causes-de-lhalitose-dans-lappareil-respiratoire-600x300.jpg 600w, https:\/\/www.institutdelhaleine.be\/wp-content\/uploads\/2020\/02\/Causes-de-lhalitose-dans-lappareil-respiratoire.jpg 800w\" sizes=\"(max-width: 1024px) 100vw, (max-width: 640px) 100vw, 800px\" \/><\/span><\/div><div class=\"fusion-text fusion-text-3\"><h2><strong>Amygdales et halitose<\/strong><\/h2>\n<p style=\"text-align: justify;\">Les <strong>amygdales<\/strong> sont aussi une <strong>source fr\u00e9quente d\u2019halitose<\/strong>. Celles-ci poss\u00e8dent des invaginations tubulaires tordues allant de la surface \u00e0 l\u2019int\u00e9rieur du parenchyme, plus connues sous le nom de <strong>cryptes<\/strong>. Des fragments d\u2019\u00e9pith\u00e9lium exfoli\u00e9, des restes de k\u00e9ratine et des corps \u00e9trangers (tels que des restes de nourriture) peuvent \u00eatre conserv\u00e9s dans les cryptes, formant ainsi les points blancs au fond de la gorge (calculs friables putr\u00e9fi\u00e9s). Les <strong>calculs de l\u2019amygdale<\/strong> sont une <strong>cause tr\u00e8s fr\u00e9quente de l\u2019halitose<\/strong>, pouvant pr\u00e9senter un cycle de lib\u00e9ration p\u00e9riodique ou continu. Bien qu\u2019il soit quasi asymptomatique, certains patients observent cet \u00e9tat par l\u2019\u00e9limination de ces calculs au niveau de la langue. Quelquefois, bien qu\u2019il n\u2019y ait pas de formation de calculs, si l\u2019on exerce une pression sur les amygdales, une odeur forte et naus\u00e9abonde s\u2019en d\u00e9gage, parfois m\u00eame sur des amygdales \u00e0 l\u2019aspect sain (sans hyper\u00e9mie ni hypertrophie).     <\/p>\n<p style=\"text-align: justify;\">La flore pr\u00e9sente dans les amygdales contient des bact\u00e9ries susceptibles de produire une mauvaise odeur, m\u00eame chez les patients sans ant\u00e9c\u00e9dents d\u2019amygdalite. Une \u00e9tude \u00e9pid\u00e9miologique a montr\u00e9 que pour 49 patients souffrant d\u2019amygdalite chronique cas\u00e9oleuse, ceux qui pr\u00e9sentaient des calculs au moment de la mesure des CSV ont obtenu des r\u00e9sultats cinq fois plus \u00e9lev\u00e9s que ceux qui n\u2019avaient pas pr\u00e9sent\u00e9 de calculs. <\/p>\n<\/div><div class=\"fusion-text fusion-text-4\"><h2><strong>Autres causes de l\u2019halitose<\/strong><\/h2>\n<p style=\"text-align: justify;\">Les autres conditions et pathologies de l\u2019appareil respiratoire sup\u00e9rieur en lien avec l\u2019halitose sont la pr\u00e9sence de corps \u00e9trangers, l\u2019oc\u00e8ne ou rhinite atrophique, l\u2019apparition d\u2019un abc\u00e8s naso-pharyngien et\/ou r\u00e9tro-pharyng\u00e9 et les carcinomes du larynx.<\/p>\n<p style=\"text-align: justify;\"><strong>Les causes d\u2019halitose provenant de l\u2019appareil respiratoire inf\u00e9rieur<\/strong>, c\u2019est-\u00e0-dire dont l\u2019origine premi\u00e8re se situe au-dessous du niveau du larynx, sont plus rares. On peut citer notamment les bronchites, les bronchectasies, les pneumonies, les abc\u00e8s pulmonaires et les carcinomes pulmonaires. <\/p>\n<\/div><\/div><\/div><\/div><\/div><div class=\"fusion-fullwidth fullwidth-box fusion-builder-row-2 fusion-flex-container nonhundred-percent-fullwidth non-hundred-percent-height-scrolling\" style=\"--awb-border-radius-top-left:0px;--awb-border-radius-top-right:0px;--awb-border-radius-bottom-right:0px;--awb-border-radius-bottom-left:0px;--awb-flex-wrap:wrap;\" ><div class=\"fusion-builder-row fusion-row fusion-flex-align-items-flex-start fusion-flex-content-wrap\" style=\"max-width:calc( 1100px + 0px );margin-left: calc(-0px \/ 2 );margin-right: calc(-0px \/ 2 );\"><div class=\"fusion-layout-column fusion_builder_column fusion-builder-column-2 fusion_builder_column_1_1 1_1 fusion-flex-column\" style=\"--awb-bg-size:cover;--awb-width-large:100%;--awb-margin-top-large:0px;--awb-spacing-right-large:0px;--awb-margin-bottom-large:20px;--awb-spacing-left-large:0px;--awb-width-medium:100%;--awb-spacing-right-medium:0px;--awb-spacing-left-medium:0px;--awb-width-small:100%;--awb-spacing-right-small:0px;--awb-spacing-left-small:0px;\"><div class=\"fusion-column-wrapper fusion-flex-justify-content-flex-start fusion-content-layout-column\"><div class=\"fusion-text fusion-text-5\"><p><div class=\"fusion-alignleft\"><a class=\"fusion-button button-flat fusion-button-default-size button-default fusion-button-default button-1 fusion-button-default-span fusion-button-default-type\" style=\"--button-border-radius-top-left:2px;--button-border-radius-top-right:2px;--button-border-radius-bottom-right:2px;--button-border-radius-bottom-left:2px;\" target=\"_self\" href=\"http:\/\/www.institutdelhaleine.be\/bibliotheque-medicale-sur-lhalitose\/les-causes-de-lhalitose-ou-mauvaise-haleine\/causes-de-lhalitose-dans-la-bouche\/\"><span class=\"fusion-button-text awb-button__text awb-button__text--default\">Ant\u00e9rieur<\/span><\/a><\/div> <div class=\"fusion-alignright\"><a class=\"fusion-button button-flat fusion-button-default-size button-default fusion-button-default button-2 fusion-button-default-span fusion-button-default-type\" style=\"--button-border-radius-top-left:2px;--button-border-radius-top-right:2px;--button-border-radius-bottom-right:2px;--button-border-radius-bottom-left:2px;\" target=\"_self\" href=\"http:\/\/www.institutdelhaleine.be\/bibliotheque-medicale-sur-lhalitose\/les-causes-de-lhalitose-ou-mauvaise-haleine\/les-causes-de-lhalitose-dans-le-tube-digestif\/\"><span class=\"fusion-button-text awb-button__text awb-button__text--default\">Suivant<\/span><\/a><\/div><\/p>\n<\/div><\/div><\/div><\/div><\/div><div class=\"fusion-fullwidth fullwidth-box fusion-builder-row-3 fusion-flex-container nonhundred-percent-fullwidth non-hundred-percent-height-scrolling\" style=\"--awb-border-radius-top-left:0px;--awb-border-radius-top-right:0px;--awb-border-radius-bottom-right:0px;--awb-border-radius-bottom-left:0px;--awb-flex-wrap:wrap;\" ><div class=\"fusion-builder-row fusion-row fusion-flex-align-items-stretch fusion-flex-content-wrap\" style=\"max-width:1144px;margin-left: calc(-4% \/ 2 );margin-right: calc(-4% \/ 2 );\"><div class=\"fusion-layout-column fusion_builder_column fusion-builder-column-3 fusion_builder_column_1_3 1_3 fusion-flex-column\" style=\"--awb-padding-top:20px;--awb-padding-right:20px;--awb-padding-bottom:20px;--awb-padding-left:20px;--awb-bg-color:#f0f9fa;--awb-bg-color-hover:#f0f9fa;--awb-bg-size:cover;--awb-width-large:33.333333333333%;--awb-margin-top-large:0px;--awb-spacing-right-large:0%;--awb-margin-bottom-large:20px;--awb-spacing-left-large:5.76%;--awb-width-medium:100%;--awb-spacing-right-medium:1.92%;--awb-spacing-left-medium:1.92%;--awb-width-small:100%;--awb-spacing-right-small:1.92%;--awb-spacing-left-small:1.92%;\"><div class=\"fusion-column-wrapper fusion-flex-justify-content-flex-start fusion-content-layout-column\"><div class=\"fusion-text fusion-text-6\"><h2 style=\"line-height: 15.6pt; margin: 0cm 0cm 12.0pt 0cm;\"><strong>Le concept<\/strong><\/h2>\n<p>Parlons ouvertement de l\u2019halitose pour mieux comprendre et acc\u00e9der \u00e0 la terminologie utilis\u00e9e par les scientifiques.<\/p>\n<p>1. <a href=\"http:\/\/www.institutdelhaleine.be\/bibliotheque-medicale-sur-lhalitose\/quest-ce-que-lhalitose\/\">Qu\u2019est-ce que l\u2019halitose?<\/a><br \/>\n2. <a href=\"http:\/\/www.institutdelhaleine.be\/bibliotheque-medicale-sur-lhalitose\/consequences-psychologiques-et-sociales\/\">Cons\u00e9quences psychologiques et sociales<\/a><br \/>\n3. <a href=\"http:\/\/www.institutdelhaleine.be\/bibliotheque-medicale-sur-lhalitose\/la-mauvaise-haleine-au-cours-du-temps-historique\/\">La mauvaise haleine au cours du temps &#8211; historique<\/a><\/p>\n<\/div><\/div><\/div><div class=\"fusion-layout-column fusion_builder_column fusion-builder-column-4 fusion_builder_column_1_3 1_3 fusion-flex-column\" style=\"--awb-padding-top:20px;--awb-padding-right:20px;--awb-padding-bottom:20px;--awb-padding-left:20px;--awb-bg-color:#e0f2f4;--awb-bg-color-hover:#e0f2f4;--awb-bg-size:cover;--awb-width-large:33.333333333333%;--awb-margin-top-large:0px;--awb-spacing-right-large:0%;--awb-margin-bottom-large:20px;--awb-spacing-left-large:0%;--awb-width-medium:100%;--awb-spacing-right-medium:1.92%;--awb-spacing-left-medium:1.92%;--awb-width-small:100%;--awb-spacing-right-small:1.92%;--awb-spacing-left-small:1.92%;\"><div class=\"fusion-column-wrapper fusion-flex-justify-content-flex-start fusion-content-layout-column\"><div class=\"fusion-text fusion-text-7\"><h2><strong>Les causes<\/strong><\/h2>\n<p>D\u00e9couvrons les plus de 80 causes potentielles de l\u2019halitose, sur la base des recherches internationales les plus r\u00e9centes.<\/p>\n<p>1. <a href=\"http:\/\/www.institutdelhaleine.be\/bibliotheque-medicale-sur-lhalitose\/les-composes-malodorants\/\">Les compos\u00e9s de la mauvaise odeur<\/a><br \/>\n2. <a href=\"http:\/\/www.institutdelhaleine.be\/bibliotheque-medicale-sur-lhalitose\/les-causes-de-lhalitose-ou-mauvaise-haleine\/\">Les causes de l\u2019halitose ou mauvaise haleine<\/a><br \/>\n2.1 <a href=\"http:\/\/www.institutdelhaleine.be\/bibliotheque-medicale-sur-lhalitose\/les-causes-de-lhalitose-ou-mauvaise-haleine\/causes-de-lhalitose-dans-la-bouche\/\">Les causes orales (dans la bouche)<\/a><br \/>\n2.2 <a href=\"http:\/\/www.institutdelhaleine.be\/bibliotheque-medicale-sur-lhalitose\/les-causes-de-lhalitose-ou-mauvaise-haleine\/causes-de-lhalitose-dans-lappareil-respiratoire\/\">Les causes dans l\u2019appareil respiratoire<\/a><br \/>\n2.3 <a href=\"http:\/\/www.institutdelhaleine.be\/bibliotheque-medicale-sur-lhalitose\/les-causes-de-lhalitose-ou-mauvaise-haleine\/les-causes-de-lhalitose-dans-le-tube-digestif\/\">Les causes dans le tube digestif<\/a><br \/>\n2.4 <a href=\"http:\/\/www.institutdelhaleine.be\/bibliotheque-medicale-sur-lhalitose\/les-causes-de-lhalitose-ou-mauvaise-haleine\/les-causes-systemiques-nutritionnelles-et-liees-au-mode-de-vie\/\">Les causes syst\u00e9miques, nutritionnelles et li\u00e9es au mode de vie<\/a><br \/>\n2.5 <a href=\"http:\/\/www.institutdelhaleine.be\/bibliotheque-medicale-sur-lhalitose\/les-causes-de-lhalitose-ou-mauvaise-haleine\/causes-neuropsychologiques-de-lhalitose\/\">Les causes neuropsychologiques<\/a><\/p>\n<\/div><\/div><\/div><div class=\"fusion-layout-column fusion_builder_column fusion-builder-column-5 fusion_builder_column_1_3 1_3 fusion-flex-column\" style=\"--awb-padding-top:20px;--awb-padding-right:20px;--awb-padding-bottom:20px;--awb-padding-left:20px;--awb-bg-color:#d2edf0;--awb-bg-color-hover:#d2edf0;--awb-bg-size:cover;--awb-width-large:33.333333333333%;--awb-margin-top-large:0px;--awb-spacing-right-large:5.76%;--awb-margin-bottom-large:20px;--awb-spacing-left-large:0%;--awb-width-medium:100%;--awb-spacing-right-medium:1.92%;--awb-spacing-left-medium:1.92%;--awb-width-small:100%;--awb-spacing-right-small:1.92%;--awb-spacing-left-small:1.92%;\"><div class=\"fusion-column-wrapper fusion-flex-justify-content-flex-start fusion-content-layout-column\"><div class=\"fusion-text fusion-text-8\"><h2>Le Diagnostic<\/h2>\n<p>Identifions les proc\u00e9d\u00e9s cliniques les plus efficaces pour un diagnostic pr\u00e9cis de l\u2019origine de l\u2019halitose, afin de choisir le meilleur traitement.<\/p>\n<p>1. <a href=\"http:\/\/www.institutdelhaleine.be\/bibliotheque-medicale-sur-lhalitose\/methodes-de-diagnostic-de-lhalitose\/\">M\u00e9thodes de diagnostic<\/a><br \/>\n1.1 <a href=\"http:\/\/www.institutdelhaleine.be\/bibliotheque-medicale-sur-lhalitose\/methodes-de-diagnostic-de-lhalitose\/auto-perception-de-lhalitose\/\">Auto-perception<\/a><br \/>\n1.2 <a href=\"http:\/\/www.institutdelhaleine.be\/bibliotheque-medicale-sur-lhalitose\/methodes-de-diagnostic-de-lhalitose\/tests-organoleptiques-olfactifs\/\">Tests organoleptiques olfactifs<\/a><br \/>\n1.3 <a href=\"http:\/\/www.institutdelhaleine.be\/bibliotheque-medicale-sur-lhalitose\/methodes-de-diagnostic-de-lhalitose\/mesure-des-gaz-contenus-dans-lhaleine\/\">Mesure des substances gazeuses contenues dans l\u2019haleine<\/a><br \/>\n1.4 <a href=\"http:\/\/www.institutdelhaleine.be\/bibliotheque-medicale-sur-lhalitose\/methodes-de-diagnostic-de-lhalitose\/analyses-de-laboratoire-pour-le-diagnostic-de-lhalitose\/\">Analyses de laboratoire<\/a><br \/>\n2. <a href=\"http:\/\/www.institutdelhaleine.be\/bibliotheque-medicale-sur-lhalitose\/test-psychologiques\/\">Tests psychologiques<\/a><br \/>\n3. <a href=\"http:\/\/www.institutdelhaleine.be\/signes-et-facteurs-associes\/\">Signes et facteurs associ\u00e9s<\/a><\/p>\n<\/div><\/div><\/div><\/div><\/div><\/p>\n","protected":false},"excerpt":{"rendered":"","protected":false},"author":2,"featured_media":0,"parent":1589,"menu_order":0,"comment_status":"closed","ping_status":"closed","template":"","meta":{"footnotes":""},"class_list":["post-1592","page","type-page","status-publish","hentry"],"_links":{"self":[{"href":"https:\/\/www.institutdelhaleine.be\/nl\/wp-json\/wp\/v2\/pages\/1592","targetHints":{"allow":["GET"]}}],"collection":[{"href":"https:\/\/www.institutdelhaleine.be\/nl\/wp-json\/wp\/v2\/pages"}],"about":[{"href":"https:\/\/www.institutdelhaleine.be\/nl\/wp-json\/wp\/v2\/types\/page"}],"author":[{"embeddable":true,"href":"https:\/\/www.institutdelhaleine.be\/nl\/wp-json\/wp\/v2\/users\/2"}],"replies":[{"embeddable":true,"href":"https:\/\/www.institutdelhaleine.be\/nl\/wp-json\/wp\/v2\/comments?post=1592"}],"version-history":[{"count":2,"href":"https:\/\/www.institutdelhaleine.be\/nl\/wp-json\/wp\/v2\/pages\/1592\/revisions"}],"predecessor-version":[{"id":1594,"href":"https:\/\/www.institutdelhaleine.be\/nl\/wp-json\/wp\/v2\/pages\/1592\/revisions\/1594"}],"up":[{"embeddable":true,"href":"https:\/\/www.institutdelhaleine.be\/nl\/wp-json\/wp\/v2\/pages\/1589"}],"wp:attachment":[{"href":"https:\/\/www.institutdelhaleine.be\/nl\/wp-json\/wp\/v2\/media?parent=1592"}],"curies":[{"name":"wp","href":"https:\/\/api.w.org\/{rel}","templated":true}]}}