{"id":1595,"date":"2020-02-17T10:29:51","date_gmt":"2020-02-17T10:29:51","guid":{"rendered":"https:\/\/www.institutdelhaleine.be\/medische-bibliotheek-over-halitose\/les-causes-de-lhalitose-ou-mauvaise-haleine\/causes-de-lhalitose-dans-la-bouche\/"},"modified":"2025-01-20T09:45:42","modified_gmt":"2025-01-20T09:45:42","slug":"causes-de-lhalitose-dans-la-bouche","status":"publish","type":"page","link":"https:\/\/www.institutdelhaleine.be\/nl\/medische-bibliotheek-over-halitose\/les-causes-de-lhalitose-ou-mauvaise-haleine\/causes-de-lhalitose-dans-la-bouche\/","title":{"rendered":"Causes de l\u2019halitose dans la bouche"},"content":{"rendered":"<p><div class=\"fusion-fullwidth fullwidth-box fusion-builder-row-1 fusion-flex-container nonhundred-percent-fullwidth non-hundred-percent-height-scrolling\" style=\"--awb-border-radius-top-left:0px;--awb-border-radius-top-right:0px;--awb-border-radius-bottom-right:0px;--awb-border-radius-bottom-left:0px;--awb-flex-wrap:wrap;\" ><div class=\"fusion-builder-row fusion-row fusion-flex-align-items-stretch fusion-flex-content-wrap\" style=\"max-width:1144px;margin-left: calc(-4% \/ 2 );margin-right: calc(-4% \/ 2 );\"><div class=\"fusion-layout-column fusion_builder_column fusion-builder-column-0 fusion_builder_column_1_4 1_4 fusion-flex-column\" style=\"--awb-padding-top:20px;--awb-padding-right:20px;--awb-padding-bottom:20px;--awb-padding-left:20px;--awb-bg-color:#eeeeeee;--awb-bg-color-hover:#eeeeeee;--awb-bg-size:cover;--awb-width-large:25%;--awb-margin-top-large:0px;--awb-spacing-right-large:0%;--awb-margin-bottom-large:20px;--awb-spacing-left-large:7.68%;--awb-width-medium:100%;--awb-spacing-right-medium:1.92%;--awb-spacing-left-medium:1.92%;--awb-width-small:100%;--awb-spacing-right-small:1.92%;--awb-spacing-left-small:1.92%;\"><div class=\"fusion-column-wrapper fusion-flex-justify-content-flex-start fusion-content-layout-column\"><div class=\"fusion-text fusion-text-1\"><h2><strong>Les causes dans la bouche<\/strong><\/h2>\n<p style=\"text-align: justify;\">Les <strong>halitoses d\u2019origine orale<\/strong> sont celles que l\u2019on retrouve <strong>le plus fr\u00e9quemment<\/strong> sur le plan clinique. Elles sont g\u00e9n\u00e9ralement associ\u00e9es \u00e0 des ph\u00e9nom\u00e8nes de n\u00e9crose ou de putr\u00e9faction bact\u00e9rienne. Trois types de tests d\u00e9montrent que les bact\u00e9ries pr\u00e9sentes dans la cavit\u00e9 buccale sont des agents de production d\u2019halitose.  <\/p>\n<p style=\"text-align: justify;\">1\u00ba \/ <em>in vitro<\/em>, lorsqu\u2019on met en pr\u00e9sence des substrats organiques (par exemple des r\u00e9sidus alimentaires) avec des bact\u00e9ries orales, celles-ci produisent des <strong>compos\u00e9s de l\u2019halitose<\/strong> ; <em>in vivo<\/em>, la production de CSV peut \u00eatre imm\u00e9diatement induite lorsque la bouche est en contact avec des peptides et des acides amin\u00e9s riches en soufre.<\/p>\n<p style=\"text-align: justify;\">2\u00ba\/ l\u2019intensit\u00e9 de l\u2019halitose diminue g\u00e9n\u00e9ralement lorsque les substrats organiques et les micro-organismes sont \u00e9limin\u00e9s avec le <strong>brossage des dents<\/strong> et le <strong>nettoyage de la langue<\/strong>.<\/p>\n<p style=\"text-align: justify;\">3\u00ba\/ l\u2019utilisation d\u2019agents antimicrobiens \u00e0 usage topique oral (rince-bouche) peut dans certains cas r\u00e9duire l\u2019halitose (lorsqu\u2019elle est li\u00e9e \u00e0 des bact\u00e9ries orales), mais avec un effet de courte dur\u00e9e.<\/p>\n<\/div><\/div><\/div><div class=\"fusion-layout-column fusion_builder_column fusion-builder-column-1 fusion_builder_column_3_4 3_4 fusion-flex-column\" style=\"--awb-padding-top:20px;--awb-padding-right:20px;--awb-padding-bottom:20px;--awb-padding-left:20px;--awb-bg-color:#dddddd;--awb-bg-color-hover:#dddddd;--awb-bg-size:cover;--awb-width-large:75%;--awb-margin-top-large:0px;--awb-spacing-right-large:2.56%;--awb-margin-bottom-large:20px;--awb-spacing-left-large:0%;--awb-width-medium:100%;--awb-spacing-right-medium:1.92%;--awb-spacing-left-medium:1.92%;--awb-width-small:100%;--awb-spacing-right-small:1.92%;--awb-spacing-left-small:1.92%;\"><div class=\"fusion-column-wrapper fusion-flex-justify-content-flex-start fusion-content-layout-column\"><div class=\"fusion-text fusion-text-2\"><h2 style=\"text-align: justify;\"><strong>Bact\u00e9ries et sulfates volatils<\/strong><\/h2>\n<p style=\"text-align: justify;\">Les causes orales sont presque toutes li\u00e9es \u00e0 l\u2019action de <strong>bact\u00e9ries <\/strong>sur des substrats de mati\u00e8re organique qui, souvent, g\u00e9n\u00e8rent une <strong>mauvaise odeur<\/strong>. L\u2019un des facteurs y contribuant est la pr\u00e9sence de sang, qui favorise fr\u00e9quemment le d\u00e9veloppement de Porphyromonas gingivalis. <strong>Toutes les causes de saignement peuvent th\u00e9oriquement causer une halitose<\/strong>, car l\u2019action de certaines bact\u00e9ries prot\u00e9olytiques sur le sang peut g\u00e9n\u00e9rer des compos\u00e9s volatils. Le sang fournit des produits de d\u00e9composition, tels que les peptides contenant du soufre et des acides amin\u00e9s, sources potentielles de CSV.  <\/p>\n<p style=\"text-align: justify;\">La <strong>mauvaise hygi\u00e8ne buccale<\/strong> a \u00e9t\u00e9 l\u2019une des premi\u00e8res <strong>causes d\u2019halitose<\/strong> identifi\u00e9e depuis les temps anciens. Des \u00e9tudes \u00e9pid\u00e9miologiques ont montr\u00e9 que plus l\u2019indice individuel d\u2019hygi\u00e8ne buccale est faible, plus les concentrations de <strong>compos\u00e9s sulfur\u00e9s volatils (CSV)<\/strong> pr\u00e9sents dans l\u2019air expir\u00e9 sont \u00e9lev\u00e9es. Il a \u00e9galement \u00e9t\u00e9 d\u00e9montr\u00e9 que m\u00eame chez les patients sans halitose, un programme d\u2019hygi\u00e8ne buccale (incluant une s\u00e9ance de <strong>prophylaxie<\/strong> professionnelle &#8211; nettoyage par un dentiste, des consignes pour une bonne hygi\u00e8ne buccale et leur application au quotidien) peut r\u00e9duire jusqu\u2019\u00e0 34% le saignement gingival et les niveaux de CSV oraux sur une p\u00e9riode de quatre semaines. Contrairement \u00e0 la croyance g\u00e9n\u00e9rale, des \u00e9tudes r\u00e9centes ont montr\u00e9 que <strong>l\u2019utilisation de fil dentaire<\/strong> et <strong>le nettoyage r\u00e9gulier de la langue<\/strong> sont plus efficaces dans le contr\u00f4le de l\u2019halitose que l\u2019usage r\u00e9gulier de rince-bouche ou le brossage fr\u00e9quent des dents.   <\/p>\n<\/div><div class=\"fusion-image-element \" style=\"--awb-caption-title-font-family:var(--h2_typography-font-family);--awb-caption-title-font-weight:var(--h2_typography-font-weight);--awb-caption-title-font-style:var(--h2_typography-font-style);--awb-caption-title-size:var(--h2_typography-font-size);--awb-caption-title-transform:var(--h2_typography-text-transform);--awb-caption-title-line-height:var(--h2_typography-line-height);--awb-caption-title-letter-spacing:var(--h2_typography-letter-spacing);\"><span class=\" fusion-imageframe imageframe-none imageframe-1 hover-type-none\"><img decoding=\"async\" width=\"800\" height=\"400\" title=\"Causes de l\u2019halitose dans la bouche\" src=\"https:\/\/www.institutdelhaleine.be\/wp-content\/uploads\/2020\/02\/Causes-de-lhalitose-dans-la-bouche.jpg\" alt class=\"img-responsive wp-image-1488\" srcset=\"https:\/\/www.institutdelhaleine.be\/wp-content\/uploads\/2020\/02\/Causes-de-lhalitose-dans-la-bouche-200x100.jpg 200w, https:\/\/www.institutdelhaleine.be\/wp-content\/uploads\/2020\/02\/Causes-de-lhalitose-dans-la-bouche-400x200.jpg 400w, https:\/\/www.institutdelhaleine.be\/wp-content\/uploads\/2020\/02\/Causes-de-lhalitose-dans-la-bouche-600x300.jpg 600w, https:\/\/www.institutdelhaleine.be\/wp-content\/uploads\/2020\/02\/Causes-de-lhalitose-dans-la-bouche.jpg 800w\" sizes=\"(max-width: 1024px) 100vw, (max-width: 640px) 100vw, 800px\" \/><\/span><\/div><div class=\"fusion-text fusion-text-3\"><h2 style=\"text-align: justify;\"><strong>Langue p\u00e2teuse<\/strong><\/h2>\n<p style=\"text-align: justify;\">Une <strong>langue p\u00e2teuse<\/strong> est l\u2019une des <strong>causes les plus courantes de l\u2019halitose<\/strong>, car elle constitue la plus grande niche de micro-organismes de la cavit\u00e9 buccale. La pr\u00e9sence de mati\u00e8re organique et de bact\u00e9ries sur le dos de la langue est nettement plus importante chez les patients atteints d\u2019halitose. La pr\u00e9disposition \u00e0 l\u2019accumulation de bact\u00e9ries et de r\u00e9sidus alimentaires varie en fonction de divers facteurs, dont notamment la morphologie du dos de la langue (papilles linguales plus \u00e9lev\u00e9es). M\u00eame chez les personnes non malades, sans ant\u00e9c\u00e9dents d\u2019halitose ou de maladie parodontale, la langue est la principale source de production de compos\u00e9s volatils de soufre. Les ph\u00e9nom\u00e8nes de rhinorrh\u00e9e post\u00e9rieure et de reflux gastro-\u0153sophagien peuvent \u00e9galement contribuer \u00e0 la formation de ce substrat sur le dos de la langue.    <\/p>\n<\/div><div class=\"fusion-text fusion-text-4\"><h2 style=\"text-align: justify;\"><strong>Maladie parodontale<\/strong><\/h2>\n<p style=\"text-align: justify;\">L\u2019halitose est \u00e9galement associ\u00e9e \u00e0 la <strong>maladie parodontale<\/strong> (ensemble de pathologies associ\u00e9es aux tissus dentaires tels que les gencives, le ligament parodontal et l\u2019os alv\u00e9olaire). Les patients souffrant de parodontite chronique pr\u00e9sentent g\u00e9n\u00e9ralement une plus forte concentration de CSV intra-oraux, ainsi que d\u2019autres sympt\u00f4mes typiques de cette maladie : <strong>saignement gingival<\/strong>, pr\u00e9sence de tartre (presencial de c\u00e1lculo\/t\u00e1rtaro), mobilit\u00e9 dentaire, pr\u00e9sence de poches sub-gingivales\/parodontales, entre autres. D\u2019autres conditions parodontales telles que la p\u00e9riimplantite, la gingivite ulc\u00e9reuse n\u00e9crosante aigu\u00eb (GUNA), la parodontite ulc\u00e9reuse n\u00e9crosante aigu\u00eb (PUNA) et le cancrum oris (ou noma) peuvent \u00e9galement \u00eatre \u00e0 l\u2019origine de l\u2019halitose.  <\/p>\n<\/div><div class=\"fusion-text fusion-text-5\"><h2 style=\"text-align: justify;\"><strong>S\u00e9cr\u00e9tion salivaire<\/strong><\/h2>\n<p>La s\u00e9cr\u00e9tion salivaire a \u00e9galement une fonction importante. Plusieurs situations interf\u00e9rant avec la fonction salivaire peuvent induire l\u2019halitose. C\u2019est le cas des <strong>je\u00fbnes prolong\u00e9s<\/strong> (sans activit\u00e9 de masticage stimulant la <strong>production de salive<\/strong>), de la perturbation du rythme circadien du sommeil, de la prise de certains m\u00e9dicaments qui diminuent le flux salivaire ; \u00e9galement, si l\u2019on fait de l\u2019exercice physique ou si l\u2019on parle sans discontinuer. Le pH (plus alcalin), la concentration d\u2019oxyg\u00e8ne (plus faible) et la composition salivaire (pr\u00e9sence accrue de cellules \u00e9pith\u00e9liales et de d\u00e9bris cellulaires) influencent la production de CSV. L\u2019apparition de l\u2019halitose \u00e0 partir de salive r\u00e9siduelle s\u2019explique par la capacit\u00e9 de certains compos\u00e9s odorif\u00e9rants (par exemple : indole, escatol, putrescine, cadaverine) \u00e0 se volatiliser dans les tissus oraux.    <\/p>\n<p style=\"text-align: justify;\">Dans ce cas, l\u2019\u00e9paisseur du film salivaire (r\u00e9sidus de salive) semble cruciale. Plus l\u2019\u00e9paisseur est faible, plus ces compos\u00e9s se volatilisent. En outre, une moindre quantit\u00e9 de salive favorise l\u2019accumulation de bact\u00e9ries et de mati\u00e8res organiques dans la bouche, car elle r\u00e9duit le potentiel d\u2019auto-nettoyage buccal. Divers m\u00e9dicaments largement utilis\u00e9s par la population peuvent \u00e9galement diminuer le flux salivaire. Ils sont commun\u00e9ment appel\u00e9s m\u00e9dicaments x\u00e9rostomiques, et comprennent entre autres les antid\u00e9presseurs, les antipsychotiques, les antihypertensifs, et les inhibiteurs de la pompe \u00e0 protons.    <\/p>\n<\/div><div class=\"fusion-text fusion-text-6\"><h2 style=\"text-align: justify;\"><strong>Autres foyers de l\u2019halitose<\/strong><\/h2>\n<p style=\"text-align: justify;\">D\u2019autres probl\u00e8mes li\u00e9s \u00e0 l\u2019activit\u00e9 bact\u00e9rienne, aux foyers infectieux et \u00e0 leurs actions respectives sur diff\u00e9rents substrats de mati\u00e8re organique peuvent entra\u00eener une <strong>halitose<\/strong>. Ces substrats sont g\u00e9n\u00e9ralement des restes de nourriture, de sang et de tissu de l\u2019organisme lui-m\u00eame qui provoquent une n\u00e9crose et une <strong>putr\u00e9faction<\/strong>, avec ou sans s\u00e9cr\u00e9tion purulente. Il s\u2019agit notamment de la p\u00e9ricoronarite, de l\u2019alv\u00e9olite, des abc\u00e8s et autres sources de pus, des aphtes, des ulc\u00e8res oraux, des bourrages alimentaires interdentaires, de l\u2019exposition pulpaire avec n\u00e9crose, des restaurations dentaires d\u00e9bordantes. On peut citer aussi des causes comme la stomatite, les blessures chirurgicales, la candidose, les caries profondes, les piercings sur la langue, le kyste dentaire (drain\u00e9 par une fistule vers la cavit\u00e9 buccale) (quisto dent\u00edgero (cuando drena por una fistula para la cavidad oral), parasitose myiase, scorbut, histiocytose, leuc\u00e9mie (quand il y a manifestation d\u2019ulc\u00e8res buccaux ou d\u2019h\u00e9morragie spontan\u00e9e) et les n\u00e9oplasies. Les proth\u00e8ses amovibles trop poreuses, en particulier les plus anciennes fabriqu\u00e9es \u00e0 partir de mat\u00e9riaux moins durs, peuvent \u00eatre \u00e0 l\u2019origine de l\u2019halitose (il en va de m\u00eame pour leur usage nocturne).    <\/p>\n<\/div><\/div><\/div><\/div><\/div><div class=\"fusion-fullwidth fullwidth-box fusion-builder-row-2 fusion-flex-container nonhundred-percent-fullwidth non-hundred-percent-height-scrolling\" style=\"--awb-border-radius-top-left:0px;--awb-border-radius-top-right:0px;--awb-border-radius-bottom-right:0px;--awb-border-radius-bottom-left:0px;--awb-flex-wrap:wrap;\" ><div class=\"fusion-builder-row fusion-row fusion-flex-align-items-flex-start fusion-flex-content-wrap\" style=\"max-width:calc( 1100px + 0px );margin-left: calc(-0px \/ 2 );margin-right: calc(-0px \/ 2 );\"><div class=\"fusion-layout-column fusion_builder_column fusion-builder-column-2 fusion_builder_column_1_1 1_1 fusion-flex-column\" style=\"--awb-bg-size:cover;--awb-width-large:100%;--awb-margin-top-large:0px;--awb-spacing-right-large:0px;--awb-margin-bottom-large:20px;--awb-spacing-left-large:0px;--awb-width-medium:100%;--awb-spacing-right-medium:0px;--awb-spacing-left-medium:0px;--awb-width-small:100%;--awb-spacing-right-small:0px;--awb-spacing-left-small:0px;\"><div class=\"fusion-column-wrapper fusion-flex-justify-content-flex-start fusion-content-layout-column\"><div class=\"fusion-text fusion-text-7\"><p><div class=\"fusion-alignleft\"><a class=\"fusion-button button-flat fusion-button-default-size button-default fusion-button-default button-1 fusion-button-default-span fusion-button-default-type\" style=\"--button-border-radius-top-left:2px;--button-border-radius-top-right:2px;--button-border-radius-bottom-right:2px;--button-border-radius-bottom-left:2px;\" target=\"_self\" href=\"http:\/\/www.institutdelhaleine.be\/bibliotheque-medicale-sur-lhalitose\/les-causes-de-lhalitose-ou-mauvaise-haleine\/\"><span class=\"fusion-button-text awb-button__text awb-button__text--default\">Ant\u00e9rieur<\/span><\/a><\/div> <div class=\"fusion-alignright\"><a class=\"fusion-button button-flat fusion-button-default-size button-default fusion-button-default button-2 fusion-button-default-span fusion-button-default-type\" style=\"--button-border-radius-top-left:2px;--button-border-radius-top-right:2px;--button-border-radius-bottom-right:2px;--button-border-radius-bottom-left:2px;\" target=\"_self\" href=\"http:\/\/www.institutdelhaleine.be\/bibliotheque-medicale-sur-lhalitose\/les-causes-de-lhalitose-ou-mauvaise-haleine\/causes-de-lhalitose-dans-lappareil-respiratoire\/\"><span class=\"fusion-button-text awb-button__text awb-button__text--default\">Suivant<\/span><\/a><\/div><\/p>\n<\/div><\/div><\/div><\/div><\/div><div class=\"fusion-fullwidth fullwidth-box fusion-builder-row-3 fusion-flex-container nonhundred-percent-fullwidth non-hundred-percent-height-scrolling\" style=\"--awb-border-radius-top-left:0px;--awb-border-radius-top-right:0px;--awb-border-radius-bottom-right:0px;--awb-border-radius-bottom-left:0px;--awb-flex-wrap:wrap;\" ><div class=\"fusion-builder-row fusion-row fusion-flex-align-items-stretch fusion-flex-content-wrap\" style=\"max-width:1144px;margin-left: calc(-4% \/ 2 );margin-right: calc(-4% \/ 2 );\"><div class=\"fusion-layout-column fusion_builder_column fusion-builder-column-3 fusion_builder_column_1_3 1_3 fusion-flex-column\" style=\"--awb-padding-top:20px;--awb-padding-right:20px;--awb-padding-bottom:20px;--awb-padding-left:20px;--awb-bg-color:#f0f9fa;--awb-bg-color-hover:#f0f9fa;--awb-bg-size:cover;--awb-width-large:33.333333333333%;--awb-margin-top-large:0px;--awb-spacing-right-large:0%;--awb-margin-bottom-large:20px;--awb-spacing-left-large:5.76%;--awb-width-medium:100%;--awb-spacing-right-medium:1.92%;--awb-spacing-left-medium:1.92%;--awb-width-small:100%;--awb-spacing-right-small:1.92%;--awb-spacing-left-small:1.92%;\"><div class=\"fusion-column-wrapper fusion-flex-justify-content-flex-start fusion-content-layout-column\"><div class=\"fusion-text fusion-text-8\"><h2 style=\"line-height: 15.6pt; margin: 0cm 0cm 12.0pt 0cm;\"><strong>Le concept<\/strong><\/h2>\n<p>Parlons ouvertement de l\u2019halitose pour mieux comprendre et acc\u00e9der \u00e0 la terminologie utilis\u00e9e par les scientifiques.<\/p>\n<p>1. <a href=\"http:\/\/www.institutdelhaleine.be\/bibliotheque-medicale-sur-lhalitose\/quest-ce-que-lhalitose\/\">Qu\u2019est-ce que l\u2019halitose?<\/a><br \/>\n2. <a href=\"http:\/\/www.institutdelhaleine.be\/bibliotheque-medicale-sur-lhalitose\/consequences-psychologiques-et-sociales\/\">Cons\u00e9quences psychologiques et sociales<\/a><br \/>\n3. <a href=\"http:\/\/www.institutdelhaleine.be\/bibliotheque-medicale-sur-lhalitose\/la-mauvaise-haleine-au-cours-du-temps-historique\/\">La mauvaise haleine au cours du temps &#8211; historique<\/a><\/p>\n<\/div><\/div><\/div><div class=\"fusion-layout-column fusion_builder_column fusion-builder-column-4 fusion_builder_column_1_3 1_3 fusion-flex-column\" style=\"--awb-padding-top:20px;--awb-padding-right:20px;--awb-padding-bottom:20px;--awb-padding-left:20px;--awb-bg-color:#e0f2f4;--awb-bg-color-hover:#e0f2f4;--awb-bg-size:cover;--awb-width-large:33.333333333333%;--awb-margin-top-large:0px;--awb-spacing-right-large:0%;--awb-margin-bottom-large:20px;--awb-spacing-left-large:0%;--awb-width-medium:100%;--awb-spacing-right-medium:1.92%;--awb-spacing-left-medium:1.92%;--awb-width-small:100%;--awb-spacing-right-small:1.92%;--awb-spacing-left-small:1.92%;\"><div class=\"fusion-column-wrapper fusion-flex-justify-content-flex-start fusion-content-layout-column\"><div class=\"fusion-text fusion-text-9\"><h2><strong>Les causes<\/strong><\/h2>\n<p>D\u00e9couvrons les plus de 80 causes potentielles de l\u2019halitose, sur la base des recherches internationales les plus r\u00e9centes.<\/p>\n<p>1. <a href=\"http:\/\/www.institutdelhaleine.be\/bibliotheque-medicale-sur-lhalitose\/les-composes-malodorants\/\">Les compos\u00e9s de la mauvaise odeur<\/a><br \/>\n2. <a href=\"http:\/\/www.institutdelhaleine.be\/bibliotheque-medicale-sur-lhalitose\/les-causes-de-lhalitose-ou-mauvaise-haleine\/\">Les causes de l\u2019halitose ou mauvaise haleine<\/a><br \/>\n2.1 <a href=\"http:\/\/www.institutdelhaleine.be\/bibliotheque-medicale-sur-lhalitose\/les-causes-de-lhalitose-ou-mauvaise-haleine\/causes-de-lhalitose-dans-la-bouche\/\">Les causes orales (dans la bouche)<\/a><br \/>\n2.2 <a href=\"http:\/\/www.institutdelhaleine.be\/bibliotheque-medicale-sur-lhalitose\/les-causes-de-lhalitose-ou-mauvaise-haleine\/causes-de-lhalitose-dans-lappareil-respiratoire\/\">Les causes dans l\u2019appareil respiratoire<\/a><br \/>\n2.3 <a href=\"http:\/\/www.institutdelhaleine.be\/bibliotheque-medicale-sur-lhalitose\/les-causes-de-lhalitose-ou-mauvaise-haleine\/les-causes-de-lhalitose-dans-le-tube-digestif\/\">Les causes dans le tube digestif<\/a><br \/>\n2.4 <a href=\"http:\/\/www.institutdelhaleine.be\/bibliotheque-medicale-sur-lhalitose\/les-causes-de-lhalitose-ou-mauvaise-haleine\/les-causes-systemiques-nutritionnelles-et-liees-au-mode-de-vie\/\">Les causes syst\u00e9miques, nutritionnelles et li\u00e9es au mode de vie<\/a><br \/>\n2.5 <a href=\"http:\/\/www.institutdelhaleine.be\/bibliotheque-medicale-sur-lhalitose\/les-causes-de-lhalitose-ou-mauvaise-haleine\/causes-neuropsychologiques-de-lhalitose\/\">Les causes neuropsychologiques<\/a><\/p>\n<\/div><\/div><\/div><div class=\"fusion-layout-column fusion_builder_column fusion-builder-column-5 fusion_builder_column_1_3 1_3 fusion-flex-column\" style=\"--awb-padding-top:20px;--awb-padding-right:20px;--awb-padding-bottom:20px;--awb-padding-left:20px;--awb-bg-color:#d2edf0;--awb-bg-color-hover:#d2edf0;--awb-bg-size:cover;--awb-width-large:33.333333333333%;--awb-margin-top-large:0px;--awb-spacing-right-large:5.76%;--awb-margin-bottom-large:20px;--awb-spacing-left-large:0%;--awb-width-medium:100%;--awb-spacing-right-medium:1.92%;--awb-spacing-left-medium:1.92%;--awb-width-small:100%;--awb-spacing-right-small:1.92%;--awb-spacing-left-small:1.92%;\"><div class=\"fusion-column-wrapper fusion-flex-justify-content-flex-start fusion-content-layout-column\"><div class=\"fusion-text fusion-text-10\"><h2>Le Diagnostic<\/h2>\n<p>Identifions les proc\u00e9d\u00e9s cliniques les plus efficaces pour un diagnostic pr\u00e9cis de l\u2019origine de l\u2019halitose, afin de choisir le meilleur traitement.<\/p>\n<p>1. <a href=\"http:\/\/www.institutdelhaleine.be\/bibliotheque-medicale-sur-lhalitose\/methodes-de-diagnostic-de-lhalitose\/\">M\u00e9thodes de diagnostic<\/a><br \/>\n1.1 <a href=\"http:\/\/www.institutdelhaleine.be\/bibliotheque-medicale-sur-lhalitose\/methodes-de-diagnostic-de-lhalitose\/auto-perception-de-lhalitose\/\">Auto-perception<\/a><br \/>\n1.2 <a href=\"http:\/\/www.institutdelhaleine.be\/bibliotheque-medicale-sur-lhalitose\/methodes-de-diagnostic-de-lhalitose\/tests-organoleptiques-olfactifs\/\">Tests organoleptiques olfactifs<\/a><br \/>\n1.3 <a href=\"http:\/\/www.institutdelhaleine.be\/bibliotheque-medicale-sur-lhalitose\/methodes-de-diagnostic-de-lhalitose\/mesure-des-gaz-contenus-dans-lhaleine\/\">Mesure des substances gazeuses contenues dans l\u2019haleine<\/a><br \/>\n1.4 <a href=\"http:\/\/www.institutdelhaleine.be\/bibliotheque-medicale-sur-lhalitose\/methodes-de-diagnostic-de-lhalitose\/analyses-de-laboratoire-pour-le-diagnostic-de-lhalitose\/\">Analyses de laboratoire<\/a><br \/>\n2. <a href=\"http:\/\/www.institutdelhaleine.be\/bibliotheque-medicale-sur-lhalitose\/test-psychologiques\/\">Tests psychologiques<\/a><br \/>\n3. <a href=\"http:\/\/www.institutdelhaleine.be\/signes-et-facteurs-associes\/\">Signes et facteurs associ\u00e9s<\/a><\/p>\n<\/div><\/div><\/div><\/div><\/div><\/p>\n","protected":false},"excerpt":{"rendered":"","protected":false},"author":2,"featured_media":0,"parent":1589,"menu_order":0,"comment_status":"closed","ping_status":"closed","template":"","meta":{"footnotes":""},"class_list":["post-1595","page","type-page","status-publish","hentry"],"_links":{"self":[{"href":"https:\/\/www.institutdelhaleine.be\/nl\/wp-json\/wp\/v2\/pages\/1595","targetHints":{"allow":["GET"]}}],"collection":[{"href":"https:\/\/www.institutdelhaleine.be\/nl\/wp-json\/wp\/v2\/pages"}],"about":[{"href":"https:\/\/www.institutdelhaleine.be\/nl\/wp-json\/wp\/v2\/types\/page"}],"author":[{"embeddable":true,"href":"https:\/\/www.institutdelhaleine.be\/nl\/wp-json\/wp\/v2\/users\/2"}],"replies":[{"embeddable":true,"href":"https:\/\/www.institutdelhaleine.be\/nl\/wp-json\/wp\/v2\/comments?post=1595"}],"version-history":[{"count":2,"href":"https:\/\/www.institutdelhaleine.be\/nl\/wp-json\/wp\/v2\/pages\/1595\/revisions"}],"predecessor-version":[{"id":1597,"href":"https:\/\/www.institutdelhaleine.be\/nl\/wp-json\/wp\/v2\/pages\/1595\/revisions\/1597"}],"up":[{"embeddable":true,"href":"https:\/\/www.institutdelhaleine.be\/nl\/wp-json\/wp\/v2\/pages\/1589"}],"wp:attachment":[{"href":"https:\/\/www.institutdelhaleine.be\/nl\/wp-json\/wp\/v2\/media?parent=1595"}],"curies":[{"name":"wp","href":"https:\/\/api.w.org\/{rel}","templated":true}]}}