{"id":1598,"date":"2020-02-17T11:24:54","date_gmt":"2020-02-17T11:24:54","guid":{"rendered":"https:\/\/www.institutdelhaleine.be\/medische-bibliotheek-over-halitose\/les-causes-de-lhalitose-ou-mauvaise-haleine\/causes-neuropsychologiques-de-lhalitose\/"},"modified":"2025-01-20T09:47:47","modified_gmt":"2025-01-20T09:47:47","slug":"causes-neuropsychologiques-de-lhalitose","status":"publish","type":"page","link":"https:\/\/www.institutdelhaleine.be\/nl\/medische-bibliotheek-over-halitose\/les-causes-de-lhalitose-ou-mauvaise-haleine\/causes-neuropsychologiques-de-lhalitose\/","title":{"rendered":"Causes neuropsychologiques de l\u2019halitose"},"content":{"rendered":"<p><div class=\"fusion-fullwidth fullwidth-box fusion-builder-row-1 fusion-flex-container nonhundred-percent-fullwidth non-hundred-percent-height-scrolling\" style=\"--awb-border-radius-top-left:0px;--awb-border-radius-top-right:0px;--awb-border-radius-bottom-right:0px;--awb-border-radius-bottom-left:0px;--awb-flex-wrap:wrap;\" ><div class=\"fusion-builder-row fusion-row fusion-flex-align-items-stretch fusion-flex-content-wrap\" style=\"max-width:1144px;margin-left: calc(-4% \/ 2 );margin-right: calc(-4% \/ 2 );\"><div class=\"fusion-layout-column fusion_builder_column fusion-builder-column-0 fusion_builder_column_1_4 1_4 fusion-flex-column\" style=\"--awb-padding-top:20px;--awb-padding-right:20px;--awb-padding-bottom:20px;--awb-padding-left:20px;--awb-bg-color:#eeeeee;--awb-bg-color-hover:#eeeeee;--awb-bg-size:cover;--awb-width-large:25%;--awb-margin-top-large:0px;--awb-spacing-right-large:0%;--awb-margin-bottom-large:20px;--awb-spacing-left-large:7.68%;--awb-width-medium:100%;--awb-spacing-right-medium:1.92%;--awb-spacing-left-medium:1.92%;--awb-width-small:100%;--awb-spacing-right-small:1.92%;--awb-spacing-left-small:1.92%;\"><div class=\"fusion-column-wrapper fusion-flex-justify-content-flex-start fusion-content-layout-column\"><div class=\"fusion-text fusion-text-1\"><h2><strong>Causes neuropsychologiques<\/strong><\/h2>\n<p style=\"text-align: justify;\">Certains \u00e9tats psychologiques li\u00e9s au <strong>stress<\/strong> ou \u00e0 l\u2019<strong>anxi\u00e9t\u00e9<\/strong> <strong>peuvent engendrer une v\u00e9ritable halitose<\/strong>. Ceci est d\u00fb notamment au fait que les glandes salivaires, qui sont stimul\u00e9es par des fibres nerveuses li\u00e9es au syst\u00e8me nerveux autonome, g\u00e9n\u00e8rent une <strong>moindre s\u00e9cr\u00e9tion salivaire<\/strong> dans ces \u00e9tats psychologiques. La stagnation de la salive r\u00e9siduelle dans la bouche entra\u00eene une augmentation de la production de COV et CSV.  <\/p>\n<p style=\"text-align: justify;\">Ce ph\u00e9nom\u00e8ne a \u00e9t\u00e9 d\u00e9montr\u00e9 avec un groupe d\u2019\u00e9tudiants invit\u00e9 \u00e0 regarder un film d\u2019horreur pendant 15 minutes, en mesurant l\u2019\u00e9tat de leur haleine avant et apr\u00e8s la projection du film. Il est \u00e9galement fr\u00e9quent de retrouver ce ph\u00e9nom\u00e8ne chez les personnes qui doivent faire un discours devant un auditoire (elles ont souvent besoin d\u2019un verre d\u2019eau \u00e0 port\u00e9e de main, pour palier la s\u00e9cheresse buccale provoqu\u00e9e par le stress) ; on se r\u00e9f\u00e8re alors \u00e0 \u00ab l\u2019halitose du conf\u00e9rencier \u00bb. <\/p>\n<\/div><\/div><\/div><div class=\"fusion-layout-column fusion_builder_column fusion-builder-column-1 fusion_builder_column_3_4 3_4 fusion-flex-column\" style=\"--awb-padding-top:20px;--awb-padding-right:20px;--awb-padding-bottom:20px;--awb-padding-left:20px;--awb-bg-color:#dddddd;--awb-bg-color-hover:#dddddd;--awb-bg-size:cover;--awb-width-large:75%;--awb-margin-top-large:0px;--awb-spacing-right-large:2.56%;--awb-margin-bottom-large:20px;--awb-spacing-left-large:0%;--awb-width-medium:100%;--awb-spacing-right-medium:1.92%;--awb-spacing-left-medium:1.92%;--awb-width-small:100%;--awb-spacing-right-small:1.92%;--awb-spacing-left-small:1.92%;\"><div class=\"fusion-column-wrapper fusion-flex-justify-content-flex-start fusion-content-layout-column\"><div class=\"fusion-text fusion-text-2\"><h2><strong>Alt\u00e9rations au niveau du palais<\/strong><\/h2>\n<p style=\"text-align: justify;\">D\u2019autres conditions de nature psychologique ou psychiatrique peuvent cependant agir sur l\u2019auto-perception qu\u2019une personne a de sa propre haleine, ou m\u00eame sur l\u2019id\u00e9e qu\u2019elle se fait de la perception de son haleine par ceux qui l\u2019entourent. Les <strong>cas de pseudo-halitose<\/strong> peuvent provenir de plusieurs facteurs. Certaines personnes sentent une mauvaise odeur constante dans l\u2019air qu\u2019elles expirent (alors que les autres ne la sentent pas), ou bien elles sont convaincues qu\u2019elles exhalent une mauvaise odeur puisqu\u2019elles la ressentent lorsqu\u2019elles enveloppent leur nez et leur bouche de leurs mains ou apr\u00e8s avoir l\u00e9ch\u00e9 leur main; elles peuvent aussi avoir cette perception lorsqu\u2019elles sentent le combin\u00e9 du t\u00e9l\u00e9phone, le fil dentaire apr\u00e8s usage, ou leurs doigts apr\u00e8s avoir frott\u00e9 leurs gencives, leurs amygdales ou leur langue; ou bien encore en respirant l\u2019air qu\u2019elles expirent en ayant la t\u00eate enfonc\u00e9e sous une couverture. On observe g\u00e9n\u00e9ralement chez ces patients des grades plus \u00e9lev\u00e9s sur les \u00e9chelles de degr\u00e9 de compulsion, d\u2019obsession, de sensibilit\u00e9 interpersonnelle, d\u2019anxi\u00e9t\u00e9 et de psychose, compar\u00e9s aux autres patients.   <\/p>\n<p style=\"text-align: justify;\">Des interpr\u00e9tations erron\u00e9es dans l\u2019attitude des autres sont \u00e9galement courantes. <strong>L\u2019ins\u00e9curit\u00e9 personnelle<\/strong> conduit souvent un individu \u00e0 exag\u00e9rer ou mal interpr\u00e9ter les attitudes et les comportements de ceux qui l\u2019entourent, comme par exemple le fait que quelqu\u2019un ouvre une fen\u00eatre en sa pr\u00e9sence, se gratte le nez, mette sa main devant sa bouche en l\u2019\u00e9coutant, lui offre un chewing-gum, ou baisse les yeux pendant qu\u2019il parle ; ou bien encore la d\u00e9tection d\u2019un d\u00e9p\u00f4t de mati\u00e8re blanche sur sa langue (il s\u2019agit souvent de d\u00e9p\u00f4ts prot\u00e9iques d\u2019origine salivaire), peut entra\u00eener la croyance imm\u00e9diate que cette substance va g\u00e9n\u00e9rer une mauvaise haleine. <\/p>\n<p style=\"text-align: justify;\"><strong>Les dysgueusies, ou alt\u00e9rations du palais<\/strong>, am\u00e8nent aussi les patients \u00e0 croire qu\u2019ils souffrent d\u2019halitose. Celles-ci peuvent \u00eatre induites par un certain nombre de facteurs nutritionnels, hormonaux ou m\u00e9taboliques (entre autres) cr\u00e9ant une certaine confusion, de par l\u2019\u00e9troite proximit\u00e9 entre la perception olfactive et la perception du palais. Les patients souffrant de d\u00e9ficiences olfactives sont aussi en g\u00e9n\u00e9ral davantage pr\u00e9occup\u00e9s par l\u2019\u00e9tat de leur haleine.  <\/p>\n<\/div><div class=\"fusion-text fusion-text-3\"><h2><strong>L\u2019halitophobie<\/strong><\/h2>\n<p style=\"text-align: justify;\"><strong>L\u2019halitophobie<\/strong> est consid\u00e9r\u00e9e depuis r\u00e9cemment comme un <strong>\u00e9tat psychiatrique reconnu<\/strong>. Les <strong>halitophobes<\/strong> sont atteints <strong>d\u2019halitose psychosomatique<\/strong> (beaucoup d\u2019entre eux n\u2019ont pas m\u00eame d\u2019auto-perception de l\u2019halitose), et refusent de voir un psychologue parce qu\u2019ils ne reconnaissent pas leur propre condition psychosomatique. Pour eux, il ne fait aucun doute qu\u2019ils souffrent d\u2019une halitose tr\u00e8s intense, m\u00eame si leurs proches affirment le contraire avec insistance. Le comportement des personnes qui les entourent (par exemple si celles-ci se couvrent le nez pendant qu\u2019ils parlent, ou bien si leur entourage maintient une grande distance interpersonnelle avec eux au cours d\u2019une conversation) peut \u00eatre tr\u00e8s vite interpr\u00e9t\u00e9 comme un signal que leur haleine est d\u00e9rangeante. Cette halitophobie engendre souvent de graves r\u00e9percussions pour la personne et des situations assez dramatiques sur le plan personnel et familialr.    <\/p>\n<p style=\"text-align: justify;\">Le <strong>syndrome de r\u00e9f\u00e9rence olfactif<\/strong> est un \u00e9tat psychiatrique caract\u00e9ris\u00e9 par la croyance absolue de poss\u00e9der une odeur corporelle tr\u00e8s d\u00e9sagr\u00e9able, provenant non seulement de l\u2019air expir\u00e9 comme dans l\u2019halitophobie, mais aussi de la peau, des aisselles, des organes g\u00e9nitaux ou d\u2019autres r\u00e9gions du corps ; cette croyance s\u2019accompagne d\u2019un sentiment de honte et d\u2019une angoisse consid\u00e9rable, pouvant m\u00eame conduire \u00e0 l\u2019isolement social. Ces patients pr\u00e9sentent des tendances tr\u00e8s marqu\u00e9es d\u2019auto-observation, d\u2019autocritique, de n\u00e9vrose, de sentiment d\u2019inf\u00e9riorit\u00e9, de difficult\u00e9s \u00e0 exprimer les \u00e9motions et de troubles obsessionnels. La d\u00e9pression est souvent un corollaire \u00e0 ce syndrome.  <\/p>\n<p style=\"text-align: justify;\">L\u2019<strong>hypocondrie<\/strong> peut aussi d\u00e9clencher une <strong>perception erron\u00e9e de sa propre haleine<\/strong>. On observe aussi des cas de personnes qui deviennent hypersensibles en raison de la proximit\u00e9 avec un membre de leur famille souffrant d\u2019halitose chronique. <\/p>\n<p style=\"text-align: justify;\">La <strong>pr\u00e9sence de calculs amygdaliens<\/strong> ne se traduit pas toujours par une mauvaise odeur ressentie par l\u2019entourage. Cependant, en cr\u00e9ant un malaise constant pour le patient, ces calculs induisent le patient \u00e0 croire qu\u2019il souffre r\u00e9ellement d\u2019halitose. <\/p>\n<p style=\"text-align: justify;\">Depuis ces derni\u00e8res ann\u00e9es, nous avons observ\u00e9 un nombre croissant de demandes de traitement venant de personnes qui ont la sensation de ne pas avoir une \u00ab haleine fra\u00eeche \u00bb. Ces attentes quelque peu exag\u00e9r\u00e9es sont le fruit de la large publicit\u00e9 dont b\u00e9n\u00e9ficie la multitude de produits disponibles sur le march\u00e9 et qui sont sens\u00e9s am\u00e9liorer l\u2019haleine. Ce message erron\u00e9 est malheureusement souvent diffus\u00e9 et relay\u00e9 par les m\u00e9dias.  <\/p>\n<\/div><\/div><\/div><\/div><\/div><div class=\"fusion-fullwidth fullwidth-box fusion-builder-row-2 fusion-flex-container nonhundred-percent-fullwidth non-hundred-percent-height-scrolling\" style=\"--awb-border-radius-top-left:0px;--awb-border-radius-top-right:0px;--awb-border-radius-bottom-right:0px;--awb-border-radius-bottom-left:0px;--awb-flex-wrap:wrap;\" ><div class=\"fusion-builder-row fusion-row fusion-flex-align-items-flex-start fusion-flex-content-wrap\" style=\"max-width:calc( 1100px + 0px );margin-left: calc(-0px \/ 2 );margin-right: calc(-0px \/ 2 );\"><div class=\"fusion-layout-column fusion_builder_column fusion-builder-column-2 fusion_builder_column_1_1 1_1 fusion-flex-column\" style=\"--awb-bg-size:cover;--awb-width-large:100%;--awb-margin-top-large:0px;--awb-spacing-right-large:0px;--awb-margin-bottom-large:20px;--awb-spacing-left-large:0px;--awb-width-medium:100%;--awb-spacing-right-medium:0px;--awb-spacing-left-medium:0px;--awb-width-small:100%;--awb-spacing-right-small:0px;--awb-spacing-left-small:0px;\"><div class=\"fusion-column-wrapper fusion-flex-justify-content-flex-start fusion-content-layout-column\"><div class=\"fusion-text fusion-text-4\"><p><div class=\"fusion-alignleft\"><a class=\"fusion-button button-flat fusion-button-default-size button-default fusion-button-default button-1 fusion-button-default-span fusion-button-default-type\" style=\"--button-border-radius-top-left:2px;--button-border-radius-top-right:2px;--button-border-radius-bottom-right:2px;--button-border-radius-bottom-left:2px;\" target=\"_self\" href=\"http:\/\/www.institutdelhaleine.be\/bibliotheque-medicale-sur-lhalitose\/les-causes-de-lhalitose-ou-mauvaise-haleine\/les-causes-systemiques-nutritionnelles-et-liees-au-mode-de-vie\/\"><span class=\"fusion-button-text awb-button__text awb-button__text--default\">Ant\u00e9rieur<\/span><\/a><\/div> <div class=\"fusion-alignright\"><a class=\"fusion-button button-flat fusion-button-default-size button-default fusion-button-default button-2 fusion-button-default-span fusion-button-default-type\" style=\"--button-border-radius-top-left:2px;--button-border-radius-top-right:2px;--button-border-radius-bottom-right:2px;--button-border-radius-bottom-left:2px;\" target=\"_self\" href=\"http:\/\/www.institutdelhaleine.be\/bibliotheque-medicale-sur-lhalitose\/methodes-de-diagnostic-de-lhalitose\/\"><span class=\"fusion-button-text awb-button__text awb-button__text--default\">Suivant<\/span><\/a><\/div><\/p>\n<\/div><\/div><\/div><\/div><\/div><div class=\"fusion-fullwidth fullwidth-box fusion-builder-row-3 fusion-flex-container nonhundred-percent-fullwidth non-hundred-percent-height-scrolling\" style=\"--awb-border-radius-top-left:0px;--awb-border-radius-top-right:0px;--awb-border-radius-bottom-right:0px;--awb-border-radius-bottom-left:0px;--awb-flex-wrap:wrap;\" ><div class=\"fusion-builder-row fusion-row fusion-flex-align-items-stretch fusion-flex-content-wrap\" style=\"max-width:1144px;margin-left: calc(-4% \/ 2 );margin-right: calc(-4% \/ 2 );\"><div class=\"fusion-layout-column fusion_builder_column fusion-builder-column-3 fusion_builder_column_1_3 1_3 fusion-flex-column\" style=\"--awb-padding-top:20px;--awb-padding-right:20px;--awb-padding-bottom:20px;--awb-padding-left:20px;--awb-bg-color:#f0f9fa;--awb-bg-color-hover:#f0f9fa;--awb-bg-size:cover;--awb-width-large:33.333333333333%;--awb-margin-top-large:0px;--awb-spacing-right-large:0%;--awb-margin-bottom-large:20px;--awb-spacing-left-large:5.76%;--awb-width-medium:100%;--awb-spacing-right-medium:1.92%;--awb-spacing-left-medium:1.92%;--awb-width-small:100%;--awb-spacing-right-small:1.92%;--awb-spacing-left-small:1.92%;\"><div class=\"fusion-column-wrapper fusion-flex-justify-content-flex-start fusion-content-layout-column\"><div class=\"fusion-text fusion-text-5\"><h2 style=\"line-height: 15.6pt; margin: 0cm 0cm 12.0pt 0cm;\"><strong>Le concept<\/strong><\/h2>\n<p>Parlons ouvertement de l\u2019halitose pour mieux comprendre et acc\u00e9der \u00e0 la terminologie utilis\u00e9e par les scientifiques.<\/p>\n<p>1. <a href=\"http:\/\/www.institutdelhaleine.be\/bibliotheque-medicale-sur-lhalitose\/quest-ce-que-lhalitose\/\">Qu\u2019est-ce que l\u2019halitose?<\/a><br \/>\n2. <a href=\"http:\/\/www.institutdelhaleine.be\/bibliotheque-medicale-sur-lhalitose\/consequences-psychologiques-et-sociales\/\">Cons\u00e9quences psychologiques et sociales<\/a><br \/>\n3. <a href=\"http:\/\/www.institutdelhaleine.be\/bibliotheque-medicale-sur-lhalitose\/la-mauvaise-haleine-au-cours-du-temps-historique\/\">La mauvaise haleine au cours du temps &#8211; historique<\/a><\/p>\n<\/div><\/div><\/div><div class=\"fusion-layout-column fusion_builder_column fusion-builder-column-4 fusion_builder_column_1_3 1_3 fusion-flex-column\" style=\"--awb-padding-top:20px;--awb-padding-right:20px;--awb-padding-bottom:20px;--awb-padding-left:20px;--awb-bg-color:#e0f2f4;--awb-bg-color-hover:#e0f2f4;--awb-bg-size:cover;--awb-width-large:33.333333333333%;--awb-margin-top-large:0px;--awb-spacing-right-large:0%;--awb-margin-bottom-large:20px;--awb-spacing-left-large:0%;--awb-width-medium:100%;--awb-spacing-right-medium:1.92%;--awb-spacing-left-medium:1.92%;--awb-width-small:100%;--awb-spacing-right-small:1.92%;--awb-spacing-left-small:1.92%;\"><div class=\"fusion-column-wrapper fusion-flex-justify-content-flex-start fusion-content-layout-column\"><div class=\"fusion-text fusion-text-6\"><h2><strong>Les causes<\/strong><\/h2>\n<p>D\u00e9couvrons les plus de 80 causes potentielles de l\u2019halitose, sur la base des recherches internationales les plus r\u00e9centes.<\/p>\n<p>1. <a href=\"http:\/\/www.institutdelhaleine.be\/bibliotheque-medicale-sur-lhalitose\/les-composes-malodorants\/\">Les compos\u00e9s de la mauvaise odeur<\/a><br \/>\n2. <a href=\"http:\/\/www.institutdelhaleine.be\/bibliotheque-medicale-sur-lhalitose\/les-causes-de-lhalitose-ou-mauvaise-haleine\/\">Les causes de l\u2019halitose ou mauvaise haleine<\/a><br \/>\n2.1 <a href=\"http:\/\/www.institutdelhaleine.be\/bibliotheque-medicale-sur-lhalitose\/les-causes-de-lhalitose-ou-mauvaise-haleine\/causes-de-lhalitose-dans-la-bouche\/\">Les causes orales (dans la bouche)<\/a><br \/>\n2.2 <a href=\"http:\/\/www.institutdelhaleine.be\/bibliotheque-medicale-sur-lhalitose\/les-causes-de-lhalitose-ou-mauvaise-haleine\/causes-de-lhalitose-dans-lappareil-respiratoire\/\">Les causes dans l\u2019appareil respiratoire<\/a><br \/>\n2.3 <a href=\"http:\/\/www.institutdelhaleine.be\/bibliotheque-medicale-sur-lhalitose\/les-causes-de-lhalitose-ou-mauvaise-haleine\/les-causes-de-lhalitose-dans-le-tube-digestif\/\">Les causes dans le tube digestif<\/a><br \/>\n2.4 <a href=\"http:\/\/www.institutdelhaleine.be\/bibliotheque-medicale-sur-lhalitose\/les-causes-de-lhalitose-ou-mauvaise-haleine\/les-causes-systemiques-nutritionnelles-et-liees-au-mode-de-vie\/\">Les causes syst\u00e9miques, nutritionnelles et li\u00e9es au mode de vie<\/a><br \/>\n2.5 <a href=\"http:\/\/www.institutdelhaleine.be\/bibliotheque-medicale-sur-lhalitose\/les-causes-de-lhalitose-ou-mauvaise-haleine\/causes-neuropsychologiques-de-lhalitose\/\">Les causes neuropsychologiques<\/a><\/p>\n<\/div><\/div><\/div><div class=\"fusion-layout-column fusion_builder_column fusion-builder-column-5 fusion_builder_column_1_3 1_3 fusion-flex-column\" style=\"--awb-padding-top:20px;--awb-padding-right:20px;--awb-padding-bottom:20px;--awb-padding-left:20px;--awb-bg-color:#d2edf0;--awb-bg-color-hover:#d2edf0;--awb-bg-size:cover;--awb-width-large:33.333333333333%;--awb-margin-top-large:0px;--awb-spacing-right-large:5.76%;--awb-margin-bottom-large:20px;--awb-spacing-left-large:0%;--awb-width-medium:100%;--awb-spacing-right-medium:1.92%;--awb-spacing-left-medium:1.92%;--awb-width-small:100%;--awb-spacing-right-small:1.92%;--awb-spacing-left-small:1.92%;\"><div class=\"fusion-column-wrapper fusion-flex-justify-content-flex-start fusion-content-layout-column\"><div class=\"fusion-text fusion-text-7\"><h2>Le Diagnostic<\/h2>\n<p>Identifions les proc\u00e9d\u00e9s cliniques les plus efficaces pour un diagnostic pr\u00e9cis de l\u2019origine de l\u2019halitose, afin de choisir le meilleur traitement.<\/p>\n<p>1. <a href=\"http:\/\/www.institutdelhaleine.be\/bibliotheque-medicale-sur-lhalitose\/methodes-de-diagnostic-de-lhalitose\/\">M\u00e9thodes de diagnostic<\/a><br \/>\n1.1 <a href=\"http:\/\/www.institutdelhaleine.be\/bibliotheque-medicale-sur-lhalitose\/methodes-de-diagnostic-de-lhalitose\/auto-perception-de-lhalitose\/\">Auto-perception<\/a><br \/>\n1.2 <a href=\"http:\/\/www.institutdelhaleine.be\/bibliotheque-medicale-sur-lhalitose\/methodes-de-diagnostic-de-lhalitose\/tests-organoleptiques-olfactifs\/\">Tests organoleptiques olfactifs<\/a><br \/>\n1.3 <a href=\"http:\/\/www.institutdelhaleine.be\/bibliotheque-medicale-sur-lhalitose\/methodes-de-diagnostic-de-lhalitose\/mesure-des-gaz-contenus-dans-lhaleine\/\">Mesure des substances gazeuses contenues dans l\u2019haleine<\/a><br \/>\n1.4 <a href=\"http:\/\/www.institutdelhaleine.be\/bibliotheque-medicale-sur-lhalitose\/methodes-de-diagnostic-de-lhalitose\/analyses-de-laboratoire-pour-le-diagnostic-de-lhalitose\/\">Analyses de laboratoire<\/a><br \/>\n2. <a href=\"http:\/\/www.institutdelhaleine.be\/bibliotheque-medicale-sur-lhalitose\/test-psychologiques\/\">Tests psychologiques<\/a><br \/>\n3. <a href=\"http:\/\/www.institutdelhaleine.be\/signes-et-facteurs-associes\/\">Signes et facteurs associ\u00e9s<\/a><\/p>\n<\/div><\/div><\/div><\/div><\/div><\/p>\n","protected":false},"excerpt":{"rendered":"","protected":false},"author":2,"featured_media":0,"parent":1589,"menu_order":0,"comment_status":"closed","ping_status":"closed","template":"","meta":{"footnotes":""},"class_list":["post-1598","page","type-page","status-publish","hentry"],"_links":{"self":[{"href":"https:\/\/www.institutdelhaleine.be\/nl\/wp-json\/wp\/v2\/pages\/1598","targetHints":{"allow":["GET"]}}],"collection":[{"href":"https:\/\/www.institutdelhaleine.be\/nl\/wp-json\/wp\/v2\/pages"}],"about":[{"href":"https:\/\/www.institutdelhaleine.be\/nl\/wp-json\/wp\/v2\/types\/page"}],"author":[{"embeddable":true,"href":"https:\/\/www.institutdelhaleine.be\/nl\/wp-json\/wp\/v2\/users\/2"}],"replies":[{"embeddable":true,"href":"https:\/\/www.institutdelhaleine.be\/nl\/wp-json\/wp\/v2\/comments?post=1598"}],"version-history":[{"count":2,"href":"https:\/\/www.institutdelhaleine.be\/nl\/wp-json\/wp\/v2\/pages\/1598\/revisions"}],"predecessor-version":[{"id":1600,"href":"https:\/\/www.institutdelhaleine.be\/nl\/wp-json\/wp\/v2\/pages\/1598\/revisions\/1600"}],"up":[{"embeddable":true,"href":"https:\/\/www.institutdelhaleine.be\/nl\/wp-json\/wp\/v2\/pages\/1589"}],"wp:attachment":[{"href":"https:\/\/www.institutdelhaleine.be\/nl\/wp-json\/wp\/v2\/media?parent=1598"}],"curies":[{"name":"wp","href":"https:\/\/api.w.org\/{rel}","templated":true}]}}