{"id":1622,"date":"2020-02-17T12:58:10","date_gmt":"2020-02-17T12:58:10","guid":{"rendered":"https:\/\/www.institutdelhaleine.be\/medische-bibliotheek-over-halitose\/methodes-de-diagnostic-de-lhalitose\/tests-organoleptiques-olfactifs\/"},"modified":"2025-01-20T09:59:08","modified_gmt":"2025-01-20T09:59:08","slug":"tests-organoleptiques-olfactifs","status":"publish","type":"page","link":"https:\/\/www.institutdelhaleine.be\/nl\/medische-bibliotheek-over-halitose\/methodes-de-diagnostic-de-lhalitose\/tests-organoleptiques-olfactifs\/","title":{"rendered":"Tests organoleptiques olfactifs"},"content":{"rendered":"<p><div class=\"fusion-fullwidth fullwidth-box fusion-builder-row-1 fusion-flex-container nonhundred-percent-fullwidth non-hundred-percent-height-scrolling\" style=\"--awb-border-radius-top-left:0px;--awb-border-radius-top-right:0px;--awb-border-radius-bottom-right:0px;--awb-border-radius-bottom-left:0px;--awb-flex-wrap:wrap;\" ><div class=\"fusion-builder-row fusion-row fusion-flex-align-items-stretch fusion-flex-content-wrap\" style=\"max-width:1144px;margin-left: calc(-4% \/ 2 );margin-right: calc(-4% \/ 2 );\"><div class=\"fusion-layout-column fusion_builder_column fusion-builder-column-0 fusion_builder_column_1_4 1_4 fusion-flex-column\" style=\"--awb-padding-top:20px;--awb-padding-right:20px;--awb-padding-bottom:20px;--awb-padding-left:20px;--awb-bg-color:#eeeeee;--awb-bg-color-hover:#eeeeee;--awb-bg-size:cover;--awb-width-large:25%;--awb-margin-top-large:0px;--awb-spacing-right-large:0%;--awb-margin-bottom-large:20px;--awb-spacing-left-large:7.68%;--awb-width-medium:100%;--awb-spacing-right-medium:1.92%;--awb-spacing-left-medium:1.92%;--awb-width-small:100%;--awb-spacing-right-small:1.92%;--awb-spacing-left-small:1.92%;\"><div class=\"fusion-column-wrapper fusion-flex-justify-content-flex-start fusion-content-layout-column\"><div class=\"fusion-text fusion-text-1\"><h2><strong>Tests organoleptiques olfactifs<\/strong><\/h2>\n<p style=\"text-align: justify;\">La <strong>mesure de l\u2019odeur buccale<\/strong> d\u2019une personne en utilisant l\u2019odorat de <strong>\u00ab juges \u00bb ou \u00e9valuateurs humains<\/strong> est une m\u00e9thode largement utilis\u00e9e dans les \u00e9tudes \u00e9pid\u00e9miologiques. Les \u00ab juges \u00bb doivent \u00eatre pr\u00e9alablement test\u00e9s (confirmation de leur capacit\u00e9 \u00e0 percevoir les odeurs), form\u00e9s (savoir appliquer correctement une \u00e9chelle) et \u00ab calibr\u00e9s \u00bb (valeurs similaires entre \u00ab juges \u00bb diff\u00e9rents). Les \u00e9valuations doivent \u00eatre effectu\u00e9es avec un intervalle minimum de cinq minutes entre chaque examen et par plusieurs juges. Une analyse statistique a posteriori doit v\u00e9rifier la corr\u00e9lation (avec le test Spearman par exemple) et la concordance (avec l\u2019indice Kappa par exemple) entre les mesures des diff\u00e9rents \u00ab juges \u00bb. Les <strong>personnes examin\u00e9es doivent \u00e9galement \u00eatre inform\u00e9es<\/strong> de l\u2019interdiction de manger, de boire, de fumer, de se brosser les dents ou d\u2019utiliser des rince-bouche dans les deux heures qui pr\u00e9c\u00e8dent l\u2019examen, afin de mieux contr\u00f4ler les \u00e9ventuels facteurs de confusion.    <\/p>\n<\/div><\/div><\/div><div class=\"fusion-layout-column fusion_builder_column fusion-builder-column-1 fusion_builder_column_3_4 3_4 fusion-flex-column\" style=\"--awb-padding-top:20px;--awb-padding-right:20px;--awb-padding-bottom:20px;--awb-padding-left:20px;--awb-bg-color:#dddddd;--awb-bg-color-hover:#dddddd;--awb-bg-size:cover;--awb-width-large:75%;--awb-margin-top-large:0px;--awb-spacing-right-large:2.56%;--awb-margin-bottom-large:20px;--awb-spacing-left-large:0%;--awb-width-medium:100%;--awb-spacing-right-medium:1.92%;--awb-spacing-left-medium:1.92%;--awb-width-small:100%;--awb-spacing-right-small:1.92%;--awb-spacing-left-small:1.92%;\"><div class=\"fusion-column-wrapper fusion-flex-justify-content-flex-start fusion-content-layout-column\"><div class=\"fusion-text fusion-text-2\"><h2><strong>Les \u00ab juges \u00bb (\u00e9valuateurs) de l\u2019haleine<\/strong><\/h2>\n<p style=\"text-align: justify;\">Toutefois, <strong>certains facteurs psychologiques et physiologiques peuvent avoir une influence sur les \u00e9valuations organoleptiques<\/strong> (par exemple le je\u00fbne, le cycle menstruel, la position de la t\u00eate, ou bien encore les possibles interpr\u00e9tations de certaines attitudes ou les attentes du patient). Sentir est un acte difficile \u00e0 reproduire de fa\u00e7on fiable, car cet acte se base uniquement sur une inspiration courte et rapide. <\/p>\n<p style=\"text-align: justify;\"><strong>La mesure organoleptique est une m\u00e9thode simple et courante pour d\u00e9terminer l\u2019existence d\u2019une halitose<\/strong>. Toutefois, elle ne permet gu\u00e8re un diagnostic \u00e9tiologique, m\u00eame si certains \u00ab juges \u00bb mieux form\u00e9s parviennent \u00e0 avoir une perception plus fine dans l\u2019\u00e9ventail des odeurs et leur qualit\u00e9. L\u2019une des techniques les plus utilis\u00e9es consiste \u00e0 placer un tube en plastique dans la bouche du patient afin d\u2019\u00e9viter la dispersion de l\u2019air expir\u00e9 dans la pi\u00e8ce. Pendant que le patient souffle lentement dans le tube, l\u2019examinateur \u00e9value l\u2019odeur \u00e0 l\u2019autre extr\u00e9mit\u00e9 du tube. S\u2019agissant d\u2019une situation assez embarrassante pour les deux (examinateur et examin\u00e9), un panneau opaque de confidentialit\u00e9 est g\u00e9n\u00e9ralement plac\u00e9 entre les deux personnes (avec un orifice pour le tube) pour qu\u2019il n\u2019y ait pas de contact visuel entre elles. L\u2019odeur nasale peut \u00e9galement \u00eatre mesur\u00e9e en pla\u00e7ant un tube dans l\u2019une des narines, tandis que l\u2019autre est bouch\u00e9e par un doigt.     <\/p>\n<p style=\"text-align: justify;\">En fait, tant la fiabilit\u00e9 que la reproductibilit\u00e9 de cette m\u00e9thode sont probl\u00e9matiques. <strong>Si la mesure est effectu\u00e9e par diff\u00e9rents \u00ab juges \u00bb, le taux de fiabilit\u00e9 sera meilleur<\/strong>. En ce qui concerne la concordance entre les \u00e9valuateurs, elle peut \u00eatre am\u00e9lior\u00e9e par la standardisation du sens de l\u2019odorat, en utilisant un kit de solution de diff\u00e9rentes odeurs (par exemple le <em>T&amp;T Olfactometer<\/em>). Il est aussi tr\u00e8s important que les patients respectent les consignes suivantes avant de proc\u00e9der \u00e0 l\u2019examen : s\u2019abstenir de toute hygi\u00e8ne buccale, de fumer, de prendre des antibiotiques, et de manger de l\u2019ail, des oignons ou des \u00e9pices. En outre, la concordance entre \u00ab juges \u00bb augmente si eux aussi \u00e9vitent de boire du caf\u00e9 et du th\u00e9, de fumer et d\u2019utiliser des produits cosm\u00e9tiques odorants avant les tests organoleptiques.   <\/p>\n<p style=\"text-align: justify;\">Actuellement, les tests organoleptiques sont de moins en moins pratiqu\u00e9s. Cela s\u2019explique d\u2019une part par le d\u00e9veloppement des nouvelles technologies permettant d\u2019identifier et de mesurer les compos\u00e9s pr\u00e9sents dans l\u2019haleine, et d\u2019autre part par l\u2019inconfort \u00e9prouv\u00e9 \u00e0 la fois par le patient et le professionnel de la sant\u00e9 dans ce type de tests. <\/p>\n<\/div><\/div><\/div><\/div><\/div><div class=\"fusion-fullwidth fullwidth-box fusion-builder-row-2 fusion-flex-container nonhundred-percent-fullwidth non-hundred-percent-height-scrolling\" style=\"--awb-border-radius-top-left:0px;--awb-border-radius-top-right:0px;--awb-border-radius-bottom-right:0px;--awb-border-radius-bottom-left:0px;--awb-flex-wrap:wrap;\" ><div class=\"fusion-builder-row fusion-row fusion-flex-align-items-flex-start fusion-flex-content-wrap\" style=\"max-width:calc( 1100px + 0px );margin-left: calc(-0px \/ 2 );margin-right: calc(-0px \/ 2 );\"><div class=\"fusion-layout-column fusion_builder_column fusion-builder-column-2 fusion_builder_column_1_1 1_1 fusion-flex-column\" style=\"--awb-bg-size:cover;--awb-width-large:100%;--awb-margin-top-large:0px;--awb-spacing-right-large:0px;--awb-margin-bottom-large:20px;--awb-spacing-left-large:0px;--awb-width-medium:100%;--awb-spacing-right-medium:0px;--awb-spacing-left-medium:0px;--awb-width-small:100%;--awb-spacing-right-small:0px;--awb-spacing-left-small:0px;\"><div class=\"fusion-column-wrapper fusion-flex-justify-content-flex-start fusion-content-layout-column\"><div class=\"fusion-text fusion-text-3\"><p><div class=\"fusion-alignleft\"><a class=\"fusion-button button-flat fusion-button-default-size button-default fusion-button-default button-1 fusion-button-default-span fusion-button-default-type\" style=\"--button-border-radius-top-left:2px;--button-border-radius-top-right:2px;--button-border-radius-bottom-right:2px;--button-border-radius-bottom-left:2px;\" target=\"_self\" href=\"http:\/\/www.institutdelhaleine.be\/bibliotheque-medicale-sur-lhalitose\/methodes-de-diagnostic-de-lhalitose\/auto-perception-de-lhalitose\/\"><span class=\"fusion-button-text awb-button__text awb-button__text--default\">Ant\u00e9rieur<\/span><\/a><\/div> <div class=\"fusion-alignright\"><a class=\"fusion-button button-flat fusion-button-default-size button-default fusion-button-default button-2 fusion-button-default-span fusion-button-default-type\" style=\"--button-border-radius-top-left:2px;--button-border-radius-top-right:2px;--button-border-radius-bottom-right:2px;--button-border-radius-bottom-left:2px;\" target=\"_self\" href=\"http:\/\/www.institutdelhaleine.be\/bibliotheque-medicale-sur-lhalitose\/methodes-de-diagnostic-de-lhalitose\/mesure-des-gaz-contenus-dans-lhaleine\/\"><span class=\"fusion-button-text awb-button__text awb-button__text--default\">Suivant<\/span><\/a><\/div><\/p>\n<\/div><\/div><\/div><\/div><\/div><div class=\"fusion-fullwidth fullwidth-box fusion-builder-row-3 fusion-flex-container nonhundred-percent-fullwidth non-hundred-percent-height-scrolling\" style=\"--awb-border-radius-top-left:0px;--awb-border-radius-top-right:0px;--awb-border-radius-bottom-right:0px;--awb-border-radius-bottom-left:0px;--awb-flex-wrap:wrap;\" ><div class=\"fusion-builder-row fusion-row fusion-flex-align-items-stretch fusion-flex-content-wrap\" style=\"max-width:1144px;margin-left: calc(-4% \/ 2 );margin-right: calc(-4% \/ 2 );\"><div class=\"fusion-layout-column fusion_builder_column fusion-builder-column-3 fusion_builder_column_1_3 1_3 fusion-flex-column\" style=\"--awb-padding-top:20px;--awb-padding-right:20px;--awb-padding-bottom:20px;--awb-padding-left:20px;--awb-bg-color:#f0f9fa;--awb-bg-color-hover:#f0f9fa;--awb-bg-size:cover;--awb-width-large:33.333333333333%;--awb-margin-top-large:0px;--awb-spacing-right-large:0%;--awb-margin-bottom-large:20px;--awb-spacing-left-large:5.76%;--awb-width-medium:100%;--awb-spacing-right-medium:1.92%;--awb-spacing-left-medium:1.92%;--awb-width-small:100%;--awb-spacing-right-small:1.92%;--awb-spacing-left-small:1.92%;\"><div class=\"fusion-column-wrapper fusion-flex-justify-content-flex-start fusion-content-layout-column\"><div class=\"fusion-text fusion-text-4\"><h2 style=\"line-height: 15.6pt; margin: 0cm 0cm 12.0pt 0cm;\"><strong>Le concept<\/strong><\/h2>\n<p>Parlons ouvertement de l\u2019halitose pour mieux comprendre et acc\u00e9der \u00e0 la terminologie utilis\u00e9e par les scientifiques.<\/p>\n<p>1. <a href=\"http:\/\/www.institutdelhaleine.be\/bibliotheque-medicale-sur-lhalitose\/quest-ce-que-lhalitose\/\">Qu\u2019est-ce que l\u2019halitose?<\/a><br \/>\n2. <a href=\"http:\/\/www.institutdelhaleine.be\/bibliotheque-medicale-sur-lhalitose\/consequences-psychologiques-et-sociales\/\">Cons\u00e9quences psychologiques et sociales<\/a><br \/>\n3. <a href=\"http:\/\/www.institutdelhaleine.be\/bibliotheque-medicale-sur-lhalitose\/la-mauvaise-haleine-au-cours-du-temps-historique\/\">La mauvaise haleine au cours du temps &#8211; historique<\/a><\/p>\n<\/div><\/div><\/div><div class=\"fusion-layout-column fusion_builder_column fusion-builder-column-4 fusion_builder_column_1_3 1_3 fusion-flex-column\" style=\"--awb-padding-top:20px;--awb-padding-right:20px;--awb-padding-bottom:20px;--awb-padding-left:20px;--awb-bg-color:#e0f2f4;--awb-bg-color-hover:#e0f2f4;--awb-bg-size:cover;--awb-width-large:33.333333333333%;--awb-margin-top-large:0px;--awb-spacing-right-large:0%;--awb-margin-bottom-large:20px;--awb-spacing-left-large:0%;--awb-width-medium:100%;--awb-spacing-right-medium:1.92%;--awb-spacing-left-medium:1.92%;--awb-width-small:100%;--awb-spacing-right-small:1.92%;--awb-spacing-left-small:1.92%;\"><div class=\"fusion-column-wrapper fusion-flex-justify-content-flex-start fusion-content-layout-column\"><div class=\"fusion-text fusion-text-5\"><h2><strong>Les causes<\/strong><\/h2>\n<p>D\u00e9couvrons les plus de 80 causes potentielles de l\u2019halitose, sur la base des recherches internationales les plus r\u00e9centes.<\/p>\n<p>1. <a href=\"http:\/\/www.institutdelhaleine.be\/bibliotheque-medicale-sur-lhalitose\/les-composes-malodorants\/\">Les compos\u00e9s de la mauvaise odeur<\/a><br \/>\n2. <a href=\"http:\/\/www.institutdelhaleine.be\/bibliotheque-medicale-sur-lhalitose\/les-causes-de-lhalitose-ou-mauvaise-haleine\/\">Les causes de l\u2019halitose ou mauvaise haleine<\/a><br \/>\n2.1 <a href=\"http:\/\/www.institutdelhaleine.be\/bibliotheque-medicale-sur-lhalitose\/les-causes-de-lhalitose-ou-mauvaise-haleine\/causes-de-lhalitose-dans-la-bouche\/\">Les causes orales (dans la bouche)<\/a><br \/>\n2.2 <a href=\"http:\/\/www.institutdelhaleine.be\/bibliotheque-medicale-sur-lhalitose\/les-causes-de-lhalitose-ou-mauvaise-haleine\/causes-de-lhalitose-dans-lappareil-respiratoire\/\">Les causes dans l\u2019appareil respiratoire<\/a><br \/>\n2.3 <a href=\"http:\/\/www.institutdelhaleine.be\/bibliotheque-medicale-sur-lhalitose\/les-causes-de-lhalitose-ou-mauvaise-haleine\/les-causes-de-lhalitose-dans-le-tube-digestif\/\">Les causes dans le tube digestif<\/a><br \/>\n2.4 <a href=\"http:\/\/www.institutdelhaleine.be\/bibliotheque-medicale-sur-lhalitose\/les-causes-de-lhalitose-ou-mauvaise-haleine\/les-causes-systemiques-nutritionnelles-et-liees-au-mode-de-vie\/\">Les causes syst\u00e9miques, nutritionnelles et li\u00e9es au mode de vie<\/a><br \/>\n2.5 <a href=\"http:\/\/www.institutdelhaleine.be\/bibliotheque-medicale-sur-lhalitose\/les-causes-de-lhalitose-ou-mauvaise-haleine\/causes-neuropsychologiques-de-lhalitose\/\">Les causes neuropsychologiques<\/a><\/p>\n<\/div><\/div><\/div><div class=\"fusion-layout-column fusion_builder_column fusion-builder-column-5 fusion_builder_column_1_3 1_3 fusion-flex-column\" style=\"--awb-padding-top:20px;--awb-padding-right:20px;--awb-padding-bottom:20px;--awb-padding-left:20px;--awb-bg-color:#d2edf0;--awb-bg-color-hover:#d2edf0;--awb-bg-size:cover;--awb-width-large:33.333333333333%;--awb-margin-top-large:0px;--awb-spacing-right-large:5.76%;--awb-margin-bottom-large:20px;--awb-spacing-left-large:0%;--awb-width-medium:100%;--awb-spacing-right-medium:1.92%;--awb-spacing-left-medium:1.92%;--awb-width-small:100%;--awb-spacing-right-small:1.92%;--awb-spacing-left-small:1.92%;\"><div class=\"fusion-column-wrapper fusion-flex-justify-content-flex-start fusion-content-layout-column\"><div class=\"fusion-text fusion-text-6\"><h2>Le Diagnostic<\/h2>\n<p>Identifions les proc\u00e9d\u00e9s cliniques les plus efficaces pour un diagnostic pr\u00e9cis de l\u2019origine de l\u2019halitose, afin de choisir le meilleur traitement.<\/p>\n<p>1. <a href=\"http:\/\/www.institutdelhaleine.be\/bibliotheque-medicale-sur-lhalitose\/methodes-de-diagnostic-de-lhalitose\/\">M\u00e9thodes de diagnostic<\/a><br \/>\n1.1 <a href=\"http:\/\/www.institutdelhaleine.be\/bibliotheque-medicale-sur-lhalitose\/methodes-de-diagnostic-de-lhalitose\/auto-perception-de-lhalitose\/\">Auto-perception<\/a><br \/>\n1.2 <a href=\"http:\/\/www.institutdelhaleine.be\/bibliotheque-medicale-sur-lhalitose\/methodes-de-diagnostic-de-lhalitose\/tests-organoleptiques-olfactifs\/\">Tests organoleptiques olfactifs<\/a><br \/>\n1.3 <a href=\"http:\/\/www.institutdelhaleine.be\/bibliotheque-medicale-sur-lhalitose\/methodes-de-diagnostic-de-lhalitose\/mesure-des-gaz-contenus-dans-lhaleine\/\">Mesure des substances gazeuses contenues dans l\u2019haleine<\/a><br \/>\n1.4 <a href=\"http:\/\/www.institutdelhaleine.be\/bibliotheque-medicale-sur-lhalitose\/methodes-de-diagnostic-de-lhalitose\/analyses-de-laboratoire-pour-le-diagnostic-de-lhalitose\/\">Analyses de laboratoire<\/a><br \/>\n2. <a href=\"http:\/\/www.institutdelhaleine.be\/bibliotheque-medicale-sur-lhalitose\/test-psychologiques\/\">Tests psychologiques<\/a><br \/>\n3. <a href=\"http:\/\/www.institutdelhaleine.be\/signes-et-facteurs-associes\/\">Signes et facteurs associ\u00e9s<\/a><\/p>\n<\/div><\/div><\/div><\/div><\/div><\/p>\n","protected":false},"excerpt":{"rendered":"","protected":false},"author":2,"featured_media":0,"parent":1610,"menu_order":0,"comment_status":"closed","ping_status":"closed","template":"","meta":{"footnotes":""},"class_list":["post-1622","page","type-page","status-publish","hentry"],"_links":{"self":[{"href":"https:\/\/www.institutdelhaleine.be\/nl\/wp-json\/wp\/v2\/pages\/1622","targetHints":{"allow":["GET"]}}],"collection":[{"href":"https:\/\/www.institutdelhaleine.be\/nl\/wp-json\/wp\/v2\/pages"}],"about":[{"href":"https:\/\/www.institutdelhaleine.be\/nl\/wp-json\/wp\/v2\/types\/page"}],"author":[{"embeddable":true,"href":"https:\/\/www.institutdelhaleine.be\/nl\/wp-json\/wp\/v2\/users\/2"}],"replies":[{"embeddable":true,"href":"https:\/\/www.institutdelhaleine.be\/nl\/wp-json\/wp\/v2\/comments?post=1622"}],"version-history":[{"count":5,"href":"https:\/\/www.institutdelhaleine.be\/nl\/wp-json\/wp\/v2\/pages\/1622\/revisions"}],"predecessor-version":[{"id":1633,"href":"https:\/\/www.institutdelhaleine.be\/nl\/wp-json\/wp\/v2\/pages\/1622\/revisions\/1633"}],"up":[{"embeddable":true,"href":"https:\/\/www.institutdelhaleine.be\/nl\/wp-json\/wp\/v2\/pages\/1610"}],"wp:attachment":[{"href":"https:\/\/www.institutdelhaleine.be\/nl\/wp-json\/wp\/v2\/media?parent=1622"}],"curies":[{"name":"wp","href":"https:\/\/api.w.org\/{rel}","templated":true}]}}