{"id":1628,"date":"2020-02-18T17:14:51","date_gmt":"2020-02-18T17:14:51","guid":{"rendered":"https:\/\/www.institutdelhaleine.be\/medische-bibliotheek-over-halitose\/test-psychologiques\/"},"modified":"2025-01-20T09:58:21","modified_gmt":"2025-01-20T09:58:21","slug":"test-psychologiques","status":"publish","type":"page","link":"https:\/\/www.institutdelhaleine.be\/nl\/medische-bibliotheek-over-halitose\/test-psychologiques\/","title":{"rendered":"Test psychologiques"},"content":{"rendered":"<p><div class=\"fusion-fullwidth fullwidth-box fusion-builder-row-1 fusion-flex-container nonhundred-percent-fullwidth non-hundred-percent-height-scrolling\" style=\"--awb-border-radius-top-left:0px;--awb-border-radius-top-right:0px;--awb-border-radius-bottom-right:0px;--awb-border-radius-bottom-left:0px;--awb-flex-wrap:wrap;\" ><div class=\"fusion-builder-row fusion-row fusion-flex-align-items-stretch fusion-flex-content-wrap\" style=\"max-width:1144px;margin-left: calc(-4% \/ 2 );margin-right: calc(-4% \/ 2 );\"><div class=\"fusion-layout-column fusion_builder_column fusion-builder-column-0 fusion_builder_column_1_4 1_4 fusion-flex-column\" style=\"--awb-padding-top:20px;--awb-padding-right:20px;--awb-padding-bottom:20px;--awb-padding-left:20px;--awb-bg-color:#eeeeee;--awb-bg-color-hover:#eeeeee;--awb-bg-size:cover;--awb-width-large:25%;--awb-margin-top-large:0px;--awb-spacing-right-large:0%;--awb-margin-bottom-large:20px;--awb-spacing-left-large:7.68%;--awb-width-medium:100%;--awb-spacing-right-medium:1.92%;--awb-spacing-left-medium:1.92%;--awb-width-small:100%;--awb-spacing-right-small:1.92%;--awb-spacing-left-small:1.92%;\"><div class=\"fusion-column-wrapper fusion-flex-justify-content-flex-start fusion-content-layout-column\"><div class=\"fusion-text fusion-text-1\"><h2><strong>Test psychologiques<\/strong><\/h2>\n<p style=\"text-align: justify;\">La qualit\u00e9 de vie d\u2019un patient d\u00e9pend des <strong>indicateurs sur sa condition physique<\/strong> <strong>et de la perception qu\u2019il a de son \u00e9tat de sant\u00e9<\/strong>. Il est av\u00e9r\u00e9 que les personnes qui pensent avoir un probl\u00e8me avec la zone buccale et orale sont moins heureuses, et ont une plus faible confiance en elles. <\/p>\n<\/div><div class=\"accordian fusion-accordian\" style=\"--awb-border-size:1px;--awb-icon-size:13px;--awb-content-font-size:17px;--awb-icon-alignment:left;--awb-hover-color:#f9f9f9;--awb-border-color:#cccccc;--awb-background-color:#ffffff;--awb-divider-color:hsla(var(--awb-color3-h),calc( var(--awb-color3-s) + 3% ),var(--awb-color3-l),var(--awb-color3-a));--awb-divider-hover-color:hsla(var(--awb-color3-h),calc( var(--awb-color3-s) + 3% ),var(--awb-color3-l),var(--awb-color3-a));--awb-icon-color:#ffffff;--awb-title-color:hsla(var(--awb-color8-h),var(--awb-color8-s),calc( var(--awb-color8-l) - 3% ),var(--awb-color8-a));--awb-content-color:var(--awb-color6);--awb-icon-box-color:#333333;--awb-toggle-hover-accent-color:#65bc7b;--awb-title-font-family:&quot;Source Sans Pro&quot;;--awb-title-font-weight:300;--awb-title-font-style:normal;--awb-content-font-family:&quot;Source Sans Pro&quot;;--awb-content-font-style:normal;--awb-content-font-weight:300;\"><div class=\"panel-group fusion-toggle-icon-boxed\" id=\"accordion-1628-1\"><div class=\"fusion-panel panel-default panel-81344203ef79eaa6e fusion-toggle-has-divider\"><div class=\"panel-heading\"><h4 class=\"panel-title toggle\" id=\"toggle_81344203ef79eaa6e\"><a aria-expanded=\"false\" aria-controls=\"81344203ef79eaa6e\" role=\"button\" data-toggle=\"collapse\" data-parent=\"#accordion-1628-1\" data-target=\"#81344203ef79eaa6e\" href=\"#81344203ef79eaa6e\"><span class=\"fusion-toggle-icon-wrapper\" aria-hidden=\"true\"><i class=\"fa-fusion-box active-icon awb-icon-minus\" aria-hidden=\"true\"><\/i><i class=\"fa-fusion-box inactive-icon awb-icon-plus\" aria-hidden=\"true\"><\/i><\/span><span class=\"fusion-toggle-heading\"><\/span><\/a><\/h4><\/div><div id=\"81344203ef79eaa6e\" class=\"panel-collapse collapse \" aria-labelledby=\"toggle_81344203ef79eaa6e\"><div class=\"panel-body toggle-content fusion-clearfix\">\n<p style=\"text-align: justify;\">Plusieurs instruments de mesure, tels que le \u00ab <strong>Oral Health Related Quality of Life Measures<\/strong> \u00bb (OHQoL), pr\u00e9conis\u00e9s par l\u2019Organisation Mondiale de la Sant\u00e9 (OMS), ont \u00e9t\u00e9 d\u00e9velopp\u00e9s pour \u00e9valuer l\u2019impact des divers <strong>probl\u00e8mes bucco-dentaires<\/strong> sur les <strong>plans physiques et psycho-sociaux<\/strong>, et sur <strong>la joie de vivre<\/strong>. L\u2019instrument le plus couramment utilis\u00e9 \u00e0 ce jour \u00e0 est le <strong>Profile Oral Health Impact<\/strong> (OHIP-49). <\/p>\n<\/div><\/div><\/div><\/div><\/div><\/div><\/div><div class=\"fusion-layout-column fusion_builder_column fusion-builder-column-1 fusion_builder_column_3_4 3_4 fusion-flex-column\" style=\"--awb-padding-top:20px;--awb-padding-right:20px;--awb-padding-bottom:20px;--awb-padding-left:20px;--awb-bg-color:#dddddd;--awb-bg-color-hover:#dddddd;--awb-bg-size:cover;--awb-width-large:75%;--awb-margin-top-large:0px;--awb-spacing-right-large:2.56%;--awb-margin-bottom-large:20px;--awb-spacing-left-large:0%;--awb-width-medium:100%;--awb-spacing-right-medium:1.92%;--awb-spacing-left-medium:1.92%;--awb-width-small:100%;--awb-spacing-right-small:1.92%;--awb-spacing-left-small:1.92%;\"><div class=\"fusion-column-wrapper fusion-flex-justify-content-flex-start fusion-content-layout-column\"><div class=\"fusion-text fusion-text-2\"><h2><strong>Oral Health Impact Profile (OHIP-49)<\/strong><\/h2>\n<p style=\"text-align: justify;\">Ce test initialement d\u00e9velopp\u00e9 en Australie est bas\u00e9 sur le mod\u00e8le conceptuel de la sant\u00e9 orale utilis\u00e9 par <strong>l\u2019Organisation Mondiale de la Sant\u00e9 (OMS)<\/strong> dans le cadre de <em>l\u2019International Classification of Impairments, Disabilities and Handicaps<\/em>. Ne prenant en compte que les <strong>facteurs influant n\u00e9gativement sur la sant\u00e9<\/strong>, il est de type Likert 0-4, avec des options de r\u00e9ponse qui varient de \u00ab jamais \u00bb \u00e0 \u00ab tr\u00e8s souvent \u00bb, et comprend 49 questions (OHIP-49). Il est bas\u00e9 sur l\u2019exp\u00e9rience du patient en mettant l\u2019accent sur la fr\u00e9quence au quotidien de l\u2019impact n\u00e9gatif des troubles bucco-dentaires sur sa vie en g\u00e9n\u00e9ral. Sept dimensions diff\u00e9rentes sont prises en compte : la limitation fonctionnelle (9 questions), la douleur physique (9), le malaise psychologique (5), la d\u00e9ficience physique (9), l\u2019incapacit\u00e9 psychologique (6), l\u2019incapacit\u00e9 sociale (5) et les d\u00e9savantages g\u00e9n\u00e9r\u00e9s (6). Comme dans le mod\u00e8le de l\u2019OMS, les impacts sont class\u00e9s de mani\u00e8re lin\u00e9aire et passent de la dimension biologique \u00e0 la dimension comportementale puis sociale. <strong>En utilisant cette m\u00e9thode, il est apparu que l\u2019halitose est la pathologie orale qui g\u00e9n\u00e8re le plus grand impact n\u00e9gatif<\/strong>.    <\/p>\n<\/div><\/div><\/div><\/div><\/div><div class=\"fusion-fullwidth fullwidth-box fusion-builder-row-2 fusion-flex-container nonhundred-percent-fullwidth non-hundred-percent-height-scrolling\" style=\"--awb-border-radius-top-left:0px;--awb-border-radius-top-right:0px;--awb-border-radius-bottom-right:0px;--awb-border-radius-bottom-left:0px;--awb-padding-top:0px;--awb-padding-right:0px;--awb-padding-bottom:0px;--awb-padding-left:0px;--awb-flex-wrap:wrap;\" ><div class=\"fusion-builder-row fusion-row fusion-flex-align-items-flex-start fusion-flex-content-wrap\" style=\"max-width:calc( 1100px + 0px );margin-left: calc(-0px \/ 2 );margin-right: calc(-0px \/ 2 );\"><div class=\"fusion-layout-column fusion_builder_column fusion-builder-column-2 fusion_builder_column_1_1 1_1 fusion-flex-column\" style=\"--awb-padding-top:20px;--awb-padding-right:20px;--awb-padding-bottom:20px;--awb-padding-left:20px;--awb-bg-color:#d2edf0;--awb-bg-color-hover:#d2edf0;--awb-bg-size:cover;--awb-width-large:100%;--awb-margin-top-large:0px;--awb-spacing-right-large:0px;--awb-margin-bottom-large:20px;--awb-spacing-left-large:0px;--awb-width-medium:100%;--awb-spacing-right-medium:0px;--awb-spacing-left-medium:0px;--awb-width-small:100%;--awb-spacing-right-small:0px;--awb-spacing-left-small:0px;\"><div class=\"fusion-column-wrapper fusion-flex-justify-content-flex-start fusion-content-layout-column\"><div class=\"fusion-text fusion-text-3\"><h2><strong>La conscience de sa propre haleine<\/strong><\/h2>\n<p style=\"text-align: justify;\">Toutefois, l\u2019\u00e9chelle OHIP-49 prend en compte l\u2019impact non sp\u00e9cifique de l\u2019ensemble des probl\u00e8mes oraux. Afin de permettre une meilleure \u00e9valuation de l\u2019impact sp\u00e9cifique de l\u2019halitose, une \u00e9chelle de mesure exclusive a \u00e9t\u00e9 cr\u00e9\u00e9e en 2007 pour cette pathologie : <strong>l\u2019Echelle d\u2019Impact de l\u2019Halitose (EIH)<\/strong>, con\u00e7ue par <strong>des cliniciens et psychologues de l\u2019Institut de l\u2019Haleine<\/strong>. Cette \u00e9chelle de mesure permet <strong>d\u2019identifier plus concr\u00e8tement les r\u00e9percussions sur le comportement qui d\u00e9coulent de la prise de conscience de souffrir d\u2019halitose<\/strong> (par exemple, m\u00e2cher des chewing-gums ou fumer), dans le but de permettre une prise en charge plus personnalis\u00e9e du patient, avec l\u2019accompagnement et les recommandations qui s\u2019imposent. C\u2019est aussi une \u00e9chelle de type Likert, qui \u00e9value la fr\u00e9quence d\u2019un ensemble d\u2019\u00e9motions n\u00e9gatives et de comportements de d\u00e9fense. Cette m\u00e9thode d\u2019\u00e9valuation a \u00e9t\u00e9 con\u00e7ue en se basant sur l\u2019ensemble des d\u00e9sagr\u00e9ments que les patients \u00e9voquent quant \u00e0 <strong>l\u2019impact de l\u2019halitose sur leur vie<\/strong>.    <\/p>\n<\/div><div class=\"fusion-text fusion-text-4\"><h2>Echelle d\u2019Impact de l\u2019Halitose (EIH)\u00ae<\/h2>\n<\/p>\n<div class=\"table-1\">\n<table width=\"100%\">\n<thead>\n<tr>\n<th align=\"left\"><strong>La conscience que j\u2019ai de mon haleine&#8230;<\/strong><\/th>\n<th align=\"left\"><strong>Jamais<\/strong><\/th>\n<th align=\"left\"><strong>Rarement<\/strong><\/th>\n<th align=\"left\"><strong>Quelquefois<\/strong><\/th>\n<th align=\"left\"><strong>Tr\u00e8s souvent<\/strong><\/th>\n<th align=\"left\"><strong>Toujours<\/strong><\/th>\n<\/tr>\n<\/thead>\n<tbody>\n<tr>\n<td align=\"left\">1\u2026me limite pour prendre la parole<\/td>\n<td align=\"left\"><\/td>\n<td align=\"left\"><\/td>\n<td align=\"left\"><\/td>\n<td align=\"left\"><\/td>\n<td align=\"left\"><\/td>\n<\/tr>\n<tr>\n<td align=\"left\">2 \u2026fait que je garde une distance lors d\u2019une conversation<\/td>\n<td align=\"left\"><\/td>\n<td align=\"left\"><\/td>\n<td align=\"left\"><\/td>\n<td align=\"left\"><\/td>\n<td align=\"left\"><\/td>\n<\/tr>\n<tr>\n<td align=\"left\">3 \u2026me limite pour parler dans des lieux \u00e9troits ou ferm\u00e9s<\/td>\n<td align=\"left\"><\/td>\n<td align=\"left\"><\/td>\n<td align=\"left\"><\/td>\n<td align=\"left\"><\/td>\n<td align=\"left\"><\/td>\n<\/tr>\n<tr>\n<td align=\"left\">4 \u2026fait que je m\u2019exprime plus par gestes ou par signes<\/td>\n<td align=\"left\"><\/td>\n<td align=\"left\"><\/td>\n<td align=\"left\"><\/td>\n<td align=\"left\"><\/td>\n<td align=\"left\"><\/td>\n<\/tr>\n<tr>\n<td align=\"left\">5 \u2026fait que je cache ma bouche avec ma main en soci\u00e9t\u00e9<\/td>\n<td align=\"left\"><\/td>\n<td align=\"left\"><\/td>\n<td align=\"left\"><\/td>\n<td align=\"left\"><\/td>\n<td align=\"left\"><\/td>\n<\/tr>\n<tr>\n<td align=\"left\">6 \u2026fait que j\u2019ouvre moins la bouche quand je parle<\/td>\n<td align=\"left\"><\/td>\n<td align=\"left\"><\/td>\n<td align=\"left\"><\/td>\n<td align=\"left\"><\/td>\n<td align=\"left\"><\/td>\n<\/tr>\n<tr>\n<td align=\"left\">7 \u2026 limite mon expiration<\/td>\n<td align=\"left\"><\/td>\n<td align=\"left\"><\/td>\n<td align=\"left\"><\/td>\n<td align=\"left\"><\/td>\n<td align=\"left\"><\/td>\n<\/tr>\n<tr>\n<td align=\"left\">8 \u2026provoque des r\u00e9actions n\u00e9gatives chez les autres<\/td>\n<td align=\"left\"><\/td>\n<td align=\"left\"><\/td>\n<td align=\"left\"><\/td>\n<td align=\"left\"><\/td>\n<td align=\"left\"><\/td>\n<\/tr>\n<tr>\n<td align=\"left\">9 \u2026me pousse \u00e0 m\u00e2cher des chewing-gums ou \u00e0 fumer pour masquer mon haleine<\/td>\n<td align=\"left\"><\/td>\n<td align=\"left\"><\/td>\n<td align=\"left\"><\/td>\n<td align=\"left\"><\/td>\n<td align=\"left\"><\/td>\n<\/tr>\n<tr>\n<td align=\"left\">10 \u2026interf\u00e8re dans mes relations intimes<\/td>\n<td align=\"left\"><\/td>\n<td align=\"left\"><\/td>\n<td align=\"left\"><\/td>\n<td align=\"left\"><\/td>\n<td align=\"left\"><\/td>\n<\/tr>\n<tr>\n<td align=\"left\">11 \u2026fait que je me brosse les dents un minimum de 5 fois par jour<\/td>\n<td align=\"left\"><\/td>\n<td align=\"left\"><\/td>\n<td align=\"left\"><\/td>\n<td align=\"left\"><\/td>\n<td align=\"left\"><\/td>\n<\/tr>\n<tr>\n<td align=\"left\">12 \u2026m\u2019inhibe dans ma vie sociale<\/td>\n<td align=\"left\"><\/td>\n<td align=\"left\"><\/td>\n<td align=\"left\"><\/td>\n<td align=\"left\"><\/td>\n<td align=\"left\"><\/td>\n<\/tr>\n<tr>\n<td align=\"left\">13 \u2026me rend nerveux<\/td>\n<td align=\"left\"><\/td>\n<td align=\"left\"><\/td>\n<td align=\"left\"><\/td>\n<td align=\"left\"><\/td>\n<td align=\"left\"><\/td>\n<\/tr>\n<tr>\n<td align=\"left\">14 \u2026affecte mon envie de vivre<\/td>\n<td align=\"left\"><\/td>\n<td align=\"left\"><\/td>\n<td align=\"left\"><\/td>\n<td align=\"left\"><\/td>\n<td align=\"left\"><\/td>\n<\/tr>\n<tr>\n<td align=\"left\">15 \u2026 me provoque des pens\u00e9es suicidaires<\/td>\n<td align=\"left\"><\/td>\n<td align=\"left\"><\/td>\n<td align=\"left\"><\/td>\n<td align=\"left\"><\/td>\n<td align=\"left\"><\/td>\n<\/tr>\n<\/tbody>\n<\/table>\n<\/div>\n<p>\n<\/div><div class=\"fusion-text fusion-text-5\"><p style=\"text-align: justify;\">Ce questionnaire peut \u00eatre utilis\u00e9 pendant et apr\u00e8s un traitement. En effet, l\u2019Institut de l\u2019Haleine a constat\u00e9 que certains patients <strong>gardent un sentiment d\u2019ins\u00e9curit\u00e9 et continuent d\u2019\u00e9viter tout contact social<\/strong>, m\u00eame apr\u00e8s la disparition de leur halitose gr\u00e2ce au traitement. Ces patients ressentent encore le besoin d\u2019utiliser en permanence des produits qui masquent les odeurs (tels que les chewing-gums par exemple) et d\u2019avoir des r\u00e9flexes de d\u00e9fense. C\u2019est pourquoi cette m\u00e9thode est actuellement utilis\u00e9e pour \u00e9valuer si l\u2019\u00e9volution psychologique suit en parall\u00e8le de l\u2019\u00e9volution biologique.   <\/p>\n<p style=\"text-align: justify;\">Il est important de mentionner que m\u00eame les <strong>patients sans halitose v\u00e9ritable (pseudo-halitose)<\/strong> peuvent ressentir que leur qualit\u00e9 de vie est gravement affect\u00e9e. C\u2019est la conscience (quoique erron\u00e9e) de souffrir d\u2019halitose qui d\u00e9clenche les effets n\u00e9gatifs sur la vie d\u2019une personne. Selon les donn\u00e9es recueillies lors de la premi\u00e8re consultation de centaines de patients en demande d\u2019un traitement dans les centres cliniques associ\u00e9s \u00e0 l\u2019Institut de l\u2019Haleine, les <strong>patients sans halitose v\u00e9ritable (cas de pseudo-halitose et d\u2019halitophobie<\/strong>) sont ceux qui ont t\u00e9moign\u00e9 de l\u2019impact le plus \u00e9lev\u00e9 : valeurs \u00e9gales \u00e0 25,0 et 19,2 respectivement. Les patients atteints d\u2019halitose v\u00e9ritable ou authentique ont obtenu une valeur de 16,9. Toutefois, on observe des valeurs assez \u00e9lev\u00e9es dans tous les cas. Apr\u00e8s le traitement, la valeur de l\u2019indice diminue d\u2019environ 40 %, pour se rapprocher des valeurs autour des 10 points (dans le spectre normal).     <\/p>\n<\/div><div class=\"fusion-text fusion-text-6\"><p><div class=\"fusion-alignleft\"><a class=\"fusion-button button-flat fusion-button-default-size button-default fusion-button-default button-1 fusion-button-default-span fusion-button-default-type\" style=\"--button-border-radius-top-left:2px;--button-border-radius-top-right:2px;--button-border-radius-bottom-right:2px;--button-border-radius-bottom-left:2px;\" target=\"_self\" href=\"http:\/\/www.institutdelhaleine.be\/bibliotheque-medicale-sur-lhalitose\/methodes-de-diagnostic-de-lhalitose\/analyses-de-laboratoire-pour-le-diagnostic-de-lhalitose\/\"><span class=\"fusion-button-text awb-button__text awb-button__text--default\">Ant\u00e9rieur<\/span><\/a><\/div> <div class=\"fusion-alignright\"><a class=\"fusion-button button-flat fusion-button-default-size button-default fusion-button-default button-2 fusion-button-default-span fusion-button-default-type\" style=\"--button-border-radius-top-left:2px;--button-border-radius-top-right:2px;--button-border-radius-bottom-right:2px;--button-border-radius-bottom-left:2px;\" target=\"_self\" href=\"http:\/\/www.institutdelhaleine.be\/signes-et-facteurs-associes\/\"><span class=\"fusion-button-text awb-button__text awb-button__text--default\">Suivant<\/span><\/a><\/div><\/p>\n<\/div><\/div><\/div><\/div><\/div><div class=\"fusion-fullwidth fullwidth-box fusion-builder-row-3 fusion-flex-container nonhundred-percent-fullwidth non-hundred-percent-height-scrolling\" style=\"--awb-border-radius-top-left:0px;--awb-border-radius-top-right:0px;--awb-border-radius-bottom-right:0px;--awb-border-radius-bottom-left:0px;--awb-flex-wrap:wrap;\" ><div class=\"fusion-builder-row fusion-row fusion-flex-align-items-stretch fusion-flex-content-wrap\" style=\"max-width:1144px;margin-left: calc(-4% \/ 2 );margin-right: calc(-4% \/ 2 );\"><div class=\"fusion-layout-column fusion_builder_column fusion-builder-column-3 fusion_builder_column_1_3 1_3 fusion-flex-column\" style=\"--awb-padding-top:20px;--awb-padding-right:20px;--awb-padding-bottom:20px;--awb-padding-left:20px;--awb-bg-color:#f0f9fa;--awb-bg-color-hover:#f0f9fa;--awb-bg-size:cover;--awb-width-large:33.333333333333%;--awb-margin-top-large:0px;--awb-spacing-right-large:0%;--awb-margin-bottom-large:20px;--awb-spacing-left-large:5.76%;--awb-width-medium:100%;--awb-spacing-right-medium:1.92%;--awb-spacing-left-medium:1.92%;--awb-width-small:100%;--awb-spacing-right-small:1.92%;--awb-spacing-left-small:1.92%;\"><div class=\"fusion-column-wrapper fusion-flex-justify-content-flex-start fusion-content-layout-column\"><div class=\"fusion-text fusion-text-7\"><h2 style=\"line-height: 15.6pt; margin: 0cm 0cm 12.0pt 0cm;\"><strong>Le concept<\/strong><\/h2>\n<p>Parlons ouvertement de l\u2019halitose pour mieux comprendre et acc\u00e9der \u00e0 la terminologie utilis\u00e9e par les scientifiques.<\/p>\n<p>1. <a href=\"http:\/\/www.institutdelhaleine.be\/bibliotheque-medicale-sur-lhalitose\/quest-ce-que-lhalitose\/\">Qu\u2019est-ce que l\u2019halitose?<\/a><br \/>\n2. <a href=\"http:\/\/www.institutdelhaleine.be\/bibliotheque-medicale-sur-lhalitose\/consequences-psychologiques-et-sociales\/\">Cons\u00e9quences psychologiques et sociales<\/a><br \/>\n3. <a href=\"http:\/\/www.institutdelhaleine.be\/bibliotheque-medicale-sur-lhalitose\/la-mauvaise-haleine-au-cours-du-temps-historique\/\">La mauvaise haleine au cours du temps &#8211; historique<\/a><\/p>\n<\/div><\/div><\/div><div class=\"fusion-layout-column fusion_builder_column fusion-builder-column-4 fusion_builder_column_1_3 1_3 fusion-flex-column\" style=\"--awb-padding-top:20px;--awb-padding-right:20px;--awb-padding-bottom:20px;--awb-padding-left:20px;--awb-bg-color:#e0f2f4;--awb-bg-color-hover:#e0f2f4;--awb-bg-size:cover;--awb-width-large:33.333333333333%;--awb-margin-top-large:0px;--awb-spacing-right-large:0%;--awb-margin-bottom-large:20px;--awb-spacing-left-large:0%;--awb-width-medium:100%;--awb-spacing-right-medium:1.92%;--awb-spacing-left-medium:1.92%;--awb-width-small:100%;--awb-spacing-right-small:1.92%;--awb-spacing-left-small:1.92%;\"><div class=\"fusion-column-wrapper fusion-flex-justify-content-flex-start fusion-content-layout-column\"><div class=\"fusion-text fusion-text-8\"><h2><strong>Les causes<\/strong><\/h2>\n<p>D\u00e9couvrons les plus de 80 causes potentielles de l\u2019halitose, sur la base des recherches internationales les plus r\u00e9centes.<\/p>\n<p>1. <a href=\"http:\/\/www.institutdelhaleine.be\/bibliotheque-medicale-sur-lhalitose\/les-composes-malodorants\/\">Les compos\u00e9s de la mauvaise odeur<\/a><br \/>\n2. <a href=\"http:\/\/www.institutdelhaleine.be\/bibliotheque-medicale-sur-lhalitose\/les-causes-de-lhalitose-ou-mauvaise-haleine\/\">Les causes de l\u2019halitose ou mauvaise haleine<\/a><br \/>\n2.1 <a href=\"http:\/\/www.institutdelhaleine.be\/bibliotheque-medicale-sur-lhalitose\/les-causes-de-lhalitose-ou-mauvaise-haleine\/causes-de-lhalitose-dans-la-bouche\/\">Les causes orales (dans la bouche)<\/a><br \/>\n2.2 <a href=\"http:\/\/www.institutdelhaleine.be\/bibliotheque-medicale-sur-lhalitose\/les-causes-de-lhalitose-ou-mauvaise-haleine\/causes-de-lhalitose-dans-lappareil-respiratoire\/\">Les causes dans l\u2019appareil respiratoire<\/a><br \/>\n2.3 <a href=\"http:\/\/www.institutdelhaleine.be\/bibliotheque-medicale-sur-lhalitose\/les-causes-de-lhalitose-ou-mauvaise-haleine\/les-causes-de-lhalitose-dans-le-tube-digestif\/\">Les causes dans le tube digestif<\/a><br \/>\n2.4 <a href=\"http:\/\/www.institutdelhaleine.be\/bibliotheque-medicale-sur-lhalitose\/les-causes-de-lhalitose-ou-mauvaise-haleine\/les-causes-systemiques-nutritionnelles-et-liees-au-mode-de-vie\/\">Les causes syst\u00e9miques, nutritionnelles et li\u00e9es au mode de vie<\/a><br \/>\n2.5 <a href=\"http:\/\/www.institutdelhaleine.be\/bibliotheque-medicale-sur-lhalitose\/les-causes-de-lhalitose-ou-mauvaise-haleine\/causes-neuropsychologiques-de-lhalitose\/\">Les causes neuropsychologiques<\/a><\/p>\n<\/div><\/div><\/div><div class=\"fusion-layout-column fusion_builder_column fusion-builder-column-5 fusion_builder_column_1_3 1_3 fusion-flex-column\" style=\"--awb-padding-top:20px;--awb-padding-right:20px;--awb-padding-bottom:20px;--awb-padding-left:20px;--awb-bg-color:#d2edf0;--awb-bg-color-hover:#d2edf0;--awb-bg-size:cover;--awb-width-large:33.333333333333%;--awb-margin-top-large:0px;--awb-spacing-right-large:5.76%;--awb-margin-bottom-large:20px;--awb-spacing-left-large:0%;--awb-width-medium:100%;--awb-spacing-right-medium:1.92%;--awb-spacing-left-medium:1.92%;--awb-width-small:100%;--awb-spacing-right-small:1.92%;--awb-spacing-left-small:1.92%;\"><div class=\"fusion-column-wrapper fusion-flex-justify-content-flex-start fusion-content-layout-column\"><div class=\"fusion-text fusion-text-9\"><h2>Le Diagnostic<\/h2>\n<p>Identifions les proc\u00e9d\u00e9s cliniques les plus efficaces pour un diagnostic pr\u00e9cis de l\u2019origine de l\u2019halitose, afin de choisir le meilleur traitement.<\/p>\n<p>1. <a href=\"http:\/\/www.institutdelhaleine.be\/bibliotheque-medicale-sur-lhalitose\/methodes-de-diagnostic-de-lhalitose\/\">M\u00e9thodes de diagnostic<\/a><br \/>\n1.1 <a href=\"http:\/\/www.institutdelhaleine.be\/bibliotheque-medicale-sur-lhalitose\/methodes-de-diagnostic-de-lhalitose\/auto-perception-de-lhalitose\/\">Auto-perception<\/a><br \/>\n1.2 <a href=\"http:\/\/www.institutdelhaleine.be\/bibliotheque-medicale-sur-lhalitose\/methodes-de-diagnostic-de-lhalitose\/tests-organoleptiques-olfactifs\/\">Tests organoleptiques olfactifs<\/a><br \/>\n1.3 <a href=\"http:\/\/www.institutdelhaleine.be\/bibliotheque-medicale-sur-lhalitose\/methodes-de-diagnostic-de-lhalitose\/mesure-des-gaz-contenus-dans-lhaleine\/\">Mesure des substances gazeuses contenues dans l\u2019haleine<\/a><br \/>\n1.4 <a href=\"http:\/\/www.institutdelhaleine.be\/bibliotheque-medicale-sur-lhalitose\/methodes-de-diagnostic-de-lhalitose\/analyses-de-laboratoire-pour-le-diagnostic-de-lhalitose\/\">Analyses de laboratoire<\/a><br \/>\n2. <a href=\"http:\/\/www.institutdelhaleine.be\/bibliotheque-medicale-sur-lhalitose\/test-psychologiques\/\">Tests psychologiques<\/a><br \/>\n3. <a href=\"http:\/\/www.institutdelhaleine.be\/signes-et-facteurs-associes\/\">Signes et facteurs associ\u00e9s<\/a><\/p>\n<\/div><\/div><\/div><\/div><\/div><\/p>\n","protected":false},"excerpt":{"rendered":"","protected":false},"author":2,"featured_media":0,"parent":1570,"menu_order":0,"comment_status":"closed","ping_status":"closed","template":"","meta":{"footnotes":""},"class_list":["post-1628","page","type-page","status-publish","hentry"],"_links":{"self":[{"href":"https:\/\/www.institutdelhaleine.be\/nl\/wp-json\/wp\/v2\/pages\/1628","targetHints":{"allow":["GET"]}}],"collection":[{"href":"https:\/\/www.institutdelhaleine.be\/nl\/wp-json\/wp\/v2\/pages"}],"about":[{"href":"https:\/\/www.institutdelhaleine.be\/nl\/wp-json\/wp\/v2\/types\/page"}],"author":[{"embeddable":true,"href":"https:\/\/www.institutdelhaleine.be\/nl\/wp-json\/wp\/v2\/users\/2"}],"replies":[{"embeddable":true,"href":"https:\/\/www.institutdelhaleine.be\/nl\/wp-json\/wp\/v2\/comments?post=1628"}],"version-history":[{"count":2,"href":"https:\/\/www.institutdelhaleine.be\/nl\/wp-json\/wp\/v2\/pages\/1628\/revisions"}],"predecessor-version":[{"id":1630,"href":"https:\/\/www.institutdelhaleine.be\/nl\/wp-json\/wp\/v2\/pages\/1628\/revisions\/1630"}],"up":[{"embeddable":true,"href":"https:\/\/www.institutdelhaleine.be\/nl\/wp-json\/wp\/v2\/pages\/1570"}],"wp:attachment":[{"href":"https:\/\/www.institutdelhaleine.be\/nl\/wp-json\/wp\/v2\/media?parent=1628"}],"curies":[{"name":"wp","href":"https:\/\/api.w.org\/{rel}","templated":true}]}}