{"id":1634,"date":"2020-02-13T09:39:59","date_gmt":"2020-02-13T09:39:59","guid":{"rendered":"https:\/\/www.institutdelhaleine.be\/le-professeur-et-docteur-jonas-nunes\/"},"modified":"2025-01-20T10:01:49","modified_gmt":"2025-01-20T10:01:49","slug":"le-professeur-et-docteur-jonas-nunes","status":"publish","type":"page","link":"https:\/\/www.institutdelhaleine.be\/nl\/le-professeur-et-docteur-jonas-nunes\/","title":{"rendered":"Le Professeur et Docteur Jonas Nunes"},"content":{"rendered":"<p><div class=\"fusion-fullwidth fullwidth-box fusion-builder-row-1 fusion-flex-container nonhundred-percent-fullwidth non-hundred-percent-height-scrolling\" style=\"--awb-border-radius-top-left:0px;--awb-border-radius-top-right:0px;--awb-border-radius-bottom-right:0px;--awb-border-radius-bottom-left:0px;--awb-background-color:#dddddd;--awb-flex-wrap:wrap;\" ><div class=\"fusion-builder-row fusion-row fusion-flex-align-items-stretch fusion-flex-content-wrap\" style=\"max-width:1144px;margin-left: calc(-4% \/ 2 );margin-right: calc(-4% \/ 2 );\"><div class=\"fusion-layout-column fusion_builder_column fusion-builder-column-0 fusion_builder_column_1_3 1_3 fusion-flex-column\" style=\"--awb-padding-top:20px;--awb-padding-right:20px;--awb-padding-bottom:20px;--awb-padding-left:20px;--awb-bg-color:#dddddd;--awb-bg-color-hover:#dddddd;--awb-bg-size:cover;--awb-width-large:33.333333333333%;--awb-margin-top-large:0px;--awb-spacing-right-large:0%;--awb-margin-bottom-large:20px;--awb-spacing-left-large:5.76%;--awb-width-medium:100%;--awb-spacing-right-medium:1.92%;--awb-spacing-left-medium:1.92%;--awb-width-small:100%;--awb-spacing-right-small:1.92%;--awb-spacing-left-small:1.92%;\"><div class=\"fusion-column-wrapper fusion-flex-justify-content-flex-start fusion-content-layout-column\"><div class=\"fusion-text fusion-text-1\"><h2 data-fontsize=\"18\" data-lineheight=\"27\"><strong>Le Professeur et Docteur Jonas Nunes<\/strong><\/h2>\n<p>N\u00e9 le 13-02-1980 au Royaume-Uni et de nationalit\u00e9 portugaise, le Dr Jonas Nunes est un expert dans le domaine de l\u2019halitose reconnu au niveau mondial. Clinicien, chercheur, auteur et sp\u00e9cialiste engag\u00e9, il se consacre exclusivement \u00e0 l\u2019\u00e9tude, au diagnostic et au traitement des alt\u00e9rations de l\u2019haleine humaine. Form\u00e9 en M\u00e9decine Dentaire \u00e0 l\u2019Universit\u00e9 de Lisbonne et en M\u00e9decine Orale \u00e0 l\u2019Universit\u00e9 de S\u00e9ville, il est titulaire d\u2019un Doctorat Europ\u00e9en sur l\u2019halitose obtenu au sein du D\u00e9partement de Stomatologie de l\u2019Universit\u00e9 de S\u00e9ville (<em>Doctorado Europeo : \u00ab Propuesta de un prot\u00f3colo de diagn\u00f3stico y tratamiento de halitosis para uso en cl\u00ednica odont\u00f3logica &#8211; 2011<\/em>). <\/p>\n<p><img decoding=\"async\" class=\"alignnone wp-image-151 size-full\" src=\"https:\/\/www.institutdelhaleine.be\/wp-content\/uploads\/2020\/02\/dottor-jonas-nunes-alito-4.jpg\" alt=\"\" width=\"1000\" height=\"500\" srcset=\"https:\/\/www.institutdelhaleine.be\/wp-content\/uploads\/2020\/02\/dottor-jonas-nunes-alito-4-200x100.jpg 200w, https:\/\/www.institutdelhaleine.be\/wp-content\/uploads\/2020\/02\/dottor-jonas-nunes-alito-4-300x150.jpg 300w, https:\/\/www.institutdelhaleine.be\/wp-content\/uploads\/2020\/02\/dottor-jonas-nunes-alito-4-400x200.jpg 400w, https:\/\/www.institutdelhaleine.be\/wp-content\/uploads\/2020\/02\/dottor-jonas-nunes-alito-4-600x300.jpg 600w, https:\/\/www.institutdelhaleine.be\/wp-content\/uploads\/2020\/02\/dottor-jonas-nunes-alito-4-768x384.jpg 768w, https:\/\/www.institutdelhaleine.be\/wp-content\/uploads\/2020\/02\/dottor-jonas-nunes-alito-4-800x400.jpg 800w, https:\/\/www.institutdelhaleine.be\/wp-content\/uploads\/2020\/02\/dottor-jonas-nunes-alito-4.jpg 1000w\" sizes=\"(max-width: 1000px) 100vw, 1000px\" \/><\/p>\n<p>Parmi les r\u00e9compenses obtenues gr\u00e2ce \u00e0 son travail scientifique, il a re\u00e7u en 2013 le Prix Extraordinaire de Doctorat (Universit\u00e9 de S\u00e9ville), en ayant concouru avec plus de 1.200 th\u00e8ses de recherche. Il a \u00e9t\u00e9 \u00e0 la t\u00eate de la cr\u00e9ation du brevet scientifique <em>Halitosis Clinical Protocol Arthyaga<\/em>\u00ae, d\u00e9velopp\u00e9 au cours de trois longs s\u00e9jours dans des Instituts de Recherche (Chicago, Tel-Aviv et Lisbonne), permettant de diagnostiquer les causes de l\u2019halitose. Le taux de r\u00e9ussite de ce protocole, sup\u00e9rieur \u00e0 96%, a \u00e9t\u00e9 valid\u00e9 par les autorit\u00e9s acad\u00e9miques europ\u00e9ennes, y compris celles du Royaume-Uni et de l\u2019Italie).  <\/p>\n<p><img decoding=\"async\" class=\"alignnone wp-image-152 size-large\" src=\"https:\/\/www.institutdelhaleine.be\/wp-content\/uploads\/2020\/02\/Dr-Jonas-Nunes-cromatografia-de-gases-1024x503.jpg\" alt=\"\" width=\"1024\" height=\"503\" srcset=\"https:\/\/www.institutdelhaleine.be\/wp-content\/uploads\/2020\/02\/Dr-Jonas-Nunes-cromatografia-de-gases-200x98.jpg 200w, https:\/\/www.institutdelhaleine.be\/wp-content\/uploads\/2020\/02\/Dr-Jonas-Nunes-cromatografia-de-gases-300x147.jpg 300w, https:\/\/www.institutdelhaleine.be\/wp-content\/uploads\/2020\/02\/Dr-Jonas-Nunes-cromatografia-de-gases-400x196.jpg 400w, https:\/\/www.institutdelhaleine.be\/wp-content\/uploads\/2020\/02\/Dr-Jonas-Nunes-cromatografia-de-gases-600x295.jpg 600w, https:\/\/www.institutdelhaleine.be\/wp-content\/uploads\/2020\/02\/Dr-Jonas-Nunes-cromatografia-de-gases-768x377.jpg 768w, https:\/\/www.institutdelhaleine.be\/wp-content\/uploads\/2020\/02\/Dr-Jonas-Nunes-cromatografia-de-gases-800x393.jpg 800w, https:\/\/www.institutdelhaleine.be\/wp-content\/uploads\/2020\/02\/Dr-Jonas-Nunes-cromatografia-de-gases-1024x503.jpg 1024w, https:\/\/www.institutdelhaleine.be\/wp-content\/uploads\/2020\/02\/Dr-Jonas-Nunes-cromatografia-de-gases-1200x589.jpg 1200w, https:\/\/www.institutdelhaleine.be\/wp-content\/uploads\/2020\/02\/Dr-Jonas-Nunes-cromatografia-de-gases-1536x754.jpg 1536w, https:\/\/www.institutdelhaleine.be\/wp-content\/uploads\/2020\/02\/Dr-Jonas-Nunes-cromatografia-de-gases.jpg 1917w\" sizes=\"(max-width: 1024px) 100vw, 1024px\" \/><\/p>\n<p>Il a fond\u00e9 \u00e0 Barcelone l\u2019Institut de l\u2019Haleine (Instituto del Aliento \u2013 Breath Institute) et dirige l\u2019unit\u00e9 hospitali\u00e8re sp\u00e9cialis\u00e9e en halitose, au Centre m\u00e9dical Teknon de Barcelone ; cette unit\u00e9 est pionni\u00e8re en Europe. Elle est compos\u00e9e d\u2019une \u00e9quipe m\u00e9dicale multidisciplinaire et dispose des technologies les plus avanc\u00e9es permettant l\u2019\u00e9tude des cas les plus complexes : appareils de biosniffing\/nez \u00e9lectronique, et de chromatographie gazeuse associ\u00e9e \u00e0 la spectrom\u00e9trie de masse.<\/p>\n<\/div><\/div><\/div><div class=\"fusion-layout-column fusion_builder_column fusion-builder-column-1 fusion_builder_column_1_3 1_3 fusion-flex-column\" style=\"--awb-padding-top:20px;--awb-padding-right:20px;--awb-padding-bottom:20px;--awb-padding-left:20px;--awb-bg-color:#dddddd;--awb-bg-color-hover:#dddddd;--awb-bg-size:cover;--awb-width-large:33.333333333333%;--awb-margin-top-large:0px;--awb-spacing-right-large:0%;--awb-margin-bottom-large:20px;--awb-spacing-left-large:0%;--awb-width-medium:100%;--awb-spacing-right-medium:1.92%;--awb-spacing-left-medium:1.92%;--awb-width-small:100%;--awb-spacing-right-small:1.92%;--awb-spacing-left-small:1.92%;\"><div class=\"fusion-column-wrapper fusion-flex-justify-content-flex-start fusion-content-layout-column\"><div class=\"fusion-separator fusion-full-width-sep\" style=\"align-self: center;margin-left: auto;margin-right: auto;width:100%;\"><\/div><div class=\"fusion-separator fusion-full-width-sep\" style=\"align-self: center;margin-left: auto;margin-right: auto;width:100%;\"><\/div><div class=\"fusion-separator fusion-full-width-sep\" style=\"align-self: center;margin-left: auto;margin-right: auto;width:100%;\"><\/div><div class=\"fusion-separator fusion-full-width-sep\" style=\"align-self: center;margin-left: auto;margin-right: auto;width:100%;\"><\/div><div class=\"fusion-separator fusion-full-width-sep\" style=\"align-self: center;margin-left: auto;margin-right: auto;width:100%;\"><\/div><div class=\"fusion-separator fusion-full-width-sep\" style=\"align-self: center;margin-left: auto;margin-right: auto;width:100%;\"><\/div><div class=\"fusion-text fusion-text-2\"><blockquote>\n<h2>\u201cLe patient est souvent confront\u00e9 \u00e0 une d\u00e9sinformation g\u00e9n\u00e9ralis\u00e9e sur les causes et les traitements efficaces de l\u2019halitose\u201d<\/h2>\n<\/blockquote>\n<\/div><div class=\"fusion-separator fusion-full-width-sep\" style=\"align-self: center;margin-left: auto;margin-right: auto;width:100%;\"><\/div><div class=\"fusion-separator fusion-full-width-sep\" style=\"align-self: center;margin-left: auto;margin-right: auto;width:100%;\"><\/div><div class=\"fusion-text fusion-text-3\"><p style=\"text-align: justify;\">En tant que clinicien, des milliers de patients de toute provenance g\u00e9ographique le consultent chaque ann\u00e9e, souffrant des cas d\u2019halitose les plus complexes, et qui lui sont recommand\u00e9s occasionnellement par des praticiens issus de tous pays. Il a fond\u00e9 et co-dirige des unit\u00e9s sp\u00e9cialis\u00e9es dans des centres m\u00e9dicaux et hospitaliers \u00e0 Londres, Paris, Milan, Rome et Madrid, o\u00f9 il se rend r\u00e9guli\u00e8rement. <\/p>\n<p style=\"text-align: justify;\"><img decoding=\"async\" class=\"alignnone wp-image-153 size-full\" src=\"https:\/\/www.institutdelhaleine.be\/wp-content\/uploads\/2020\/02\/dottor-jonas-nunes-alito.jpg\" alt=\"\" width=\"1000\" height=\"500\" srcset=\"https:\/\/www.institutdelhaleine.be\/wp-content\/uploads\/2020\/02\/dottor-jonas-nunes-alito-200x100.jpg 200w, https:\/\/www.institutdelhaleine.be\/wp-content\/uploads\/2020\/02\/dottor-jonas-nunes-alito-300x150.jpg 300w, https:\/\/www.institutdelhaleine.be\/wp-content\/uploads\/2020\/02\/dottor-jonas-nunes-alito-400x200.jpg 400w, https:\/\/www.institutdelhaleine.be\/wp-content\/uploads\/2020\/02\/dottor-jonas-nunes-alito-600x300.jpg 600w, https:\/\/www.institutdelhaleine.be\/wp-content\/uploads\/2020\/02\/dottor-jonas-nunes-alito-768x384.jpg 768w, https:\/\/www.institutdelhaleine.be\/wp-content\/uploads\/2020\/02\/dottor-jonas-nunes-alito-800x400.jpg 800w, https:\/\/www.institutdelhaleine.be\/wp-content\/uploads\/2020\/02\/dottor-jonas-nunes-alito.jpg 1000w\" sizes=\"(max-width: 1000px) 100vw, 1000px\" \/><\/p>\n<p>Afin de pouvoir r\u00e9pondre aux demandes de personnes provenant d\u2019autres continents, il a d\u00e9velopp\u00e9 avec son \u00e9quipe un syst\u00e8me de T\u00e9l\u00e9m\u00e9decine \/ e-Health, qui permet de faire des Consultations Internationales \u00e0 distance pour le traitement de l\u2019halitose. Il a ainsi pu aider \u00e0 ce jour un tr\u00e8s grand nombre de patients et de m\u00e9decins de divers points du globe, et s\u2019exprime dans six langues. <\/p>\n<p style=\"text-align: justify;\">Passionn\u00e9 par sa mission, et conscient de l\u2019importance de sensibiliser l\u2019opinion sur l\u2019halitose en tant que maladie peu explor\u00e9e par le corps m\u00e9dical, il a organis\u00e9 des conf\u00e9rences en partenariat avec des professionnels de la sant\u00e9 et des directeurs d\u2019\u00e9coles de m\u00e9decine. Il est cit\u00e9 comme un professionnel de r\u00e9f\u00e9rence en la mati\u00e8re, par des m\u00e9dias tant nationaux qu\u2019internationaux, tels que El Pa\u00eds, El Mundo, ABC, La Raz\u00f3n, TVE, RTP, SIC, TVI, Expresso, o Radio Nacional de Espa\u00f1a, entre autres. Un article paru en 2015 dans La Contra, une des sections les plus importantes du quotidien <em>La Vanguardia<\/em>, illustre aussi la reconnaissance de son travail sur le plan international.  <\/p>\n<p style=\"text-align: justify;\"><img decoding=\"async\" class=\"alignnone wp-image-154 size-full\" src=\"https:\/\/www.institutdelhaleine.be\/wp-content\/uploads\/2020\/02\/Como-cuidar-tu-aliento-presentacion-libro.jpg\" alt=\"\" width=\"1000\" height=\"500\" srcset=\"https:\/\/www.institutdelhaleine.be\/wp-content\/uploads\/2020\/02\/Como-cuidar-tu-aliento-presentacion-libro-200x100.jpg 200w, https:\/\/www.institutdelhaleine.be\/wp-content\/uploads\/2020\/02\/Como-cuidar-tu-aliento-presentacion-libro-300x150.jpg 300w, https:\/\/www.institutdelhaleine.be\/wp-content\/uploads\/2020\/02\/Como-cuidar-tu-aliento-presentacion-libro-400x200.jpg 400w, https:\/\/www.institutdelhaleine.be\/wp-content\/uploads\/2020\/02\/Como-cuidar-tu-aliento-presentacion-libro-600x300.jpg 600w, https:\/\/www.institutdelhaleine.be\/wp-content\/uploads\/2020\/02\/Como-cuidar-tu-aliento-presentacion-libro-768x384.jpg 768w, https:\/\/www.institutdelhaleine.be\/wp-content\/uploads\/2020\/02\/Como-cuidar-tu-aliento-presentacion-libro-800x400.jpg 800w, https:\/\/www.institutdelhaleine.be\/wp-content\/uploads\/2020\/02\/Como-cuidar-tu-aliento-presentacion-libro.jpg 1000w\" sizes=\"(max-width: 1000px) 100vw, 1000px\" \/><\/p>\n<\/div><\/div><\/div><div class=\"fusion-layout-column fusion_builder_column fusion-builder-column-2 fusion_builder_column_1_3 1_3 fusion-flex-column\" style=\"--awb-padding-top:20px;--awb-padding-right:20px;--awb-padding-bottom:20px;--awb-padding-left:20px;--awb-bg-color:#dddddd;--awb-bg-color-hover:#dddddd;--awb-bg-size:cover;--awb-width-large:33.333333333333%;--awb-margin-top-large:0px;--awb-spacing-right-large:5.76%;--awb-margin-bottom-large:20px;--awb-spacing-left-large:0%;--awb-width-medium:100%;--awb-spacing-right-medium:1.92%;--awb-spacing-left-medium:1.92%;--awb-width-small:100%;--awb-spacing-right-small:1.92%;--awb-spacing-left-small:1.92%;\"><div class=\"fusion-column-wrapper fusion-flex-justify-content-flex-start fusion-content-layout-column\"><div class=\"fusion-separator fusion-full-width-sep\" style=\"align-self: center;margin-left: auto;margin-right: auto;width:100%;\"><\/div><div class=\"fusion-separator fusion-full-width-sep\" style=\"align-self: center;margin-left: auto;margin-right: auto;width:100%;\"><\/div><div class=\"fusion-separator fusion-full-width-sep\" style=\"align-self: center;margin-left: auto;margin-right: auto;width:100%;\"><\/div><div class=\"fusion-separator fusion-full-width-sep\" style=\"align-self: center;margin-left: auto;margin-right: auto;width:100%;\"><\/div><div class=\"fusion-separator fusion-full-width-sep\" style=\"align-self: center;margin-left: auto;margin-right: auto;width:100%;\"><\/div><div class=\"fusion-separator fusion-full-width-sep\" style=\"align-self: center;margin-left: auto;margin-right: auto;width:100%;\"><\/div><div class=\"fusion-separator fusion-full-width-sep\" style=\"align-self: center;margin-left: auto;margin-right: auto;width:100%;\"><\/div><div class=\"fusion-separator fusion-full-width-sep\" style=\"align-self: center;margin-left: auto;margin-right: auto;width:100%;\"><\/div><div class=\"fusion-separator fusion-full-width-sep\" style=\"align-self: center;margin-left: auto;margin-right: auto;width:100%;\"><\/div><div class=\"fusion-separator fusion-full-width-sep\" style=\"align-self: center;margin-left: auto;margin-right: auto;width:100%;\"><\/div><div class=\"fusion-separator fusion-full-width-sep\" style=\"align-self: center;margin-left: auto;margin-right: auto;width:100%;\"><\/div><div class=\"fusion-separator fusion-full-width-sep\" style=\"align-self: center;margin-left: auto;margin-right: auto;width:100%;\"><\/div><div class=\"fusion-separator fusion-full-width-sep\" style=\"align-self: center;margin-left: auto;margin-right: auto;width:100%;\"><\/div><div class=\"fusion-separator fusion-full-width-sep\" style=\"align-self: center;margin-left: auto;margin-right: auto;width:100%;\"><\/div><div class=\"fusion-separator fusion-full-width-sep\" style=\"align-self: center;margin-left: auto;margin-right: auto;width:100%;\"><\/div><div class=\"fusion-text fusion-text-4\"><p><img decoding=\"async\" class=\"alignnone wp-image-155 size-full\" src=\"https:\/\/www.institutdelhaleine.be\/wp-content\/uploads\/2020\/02\/La-Contra-Vanguardia.jpg\" alt=\"\" width=\"859\" height=\"960\" srcset=\"https:\/\/www.institutdelhaleine.be\/wp-content\/uploads\/2020\/02\/La-Contra-Vanguardia-200x224.jpg 200w, https:\/\/www.institutdelhaleine.be\/wp-content\/uploads\/2020\/02\/La-Contra-Vanguardia-268x300.jpg 268w, https:\/\/www.institutdelhaleine.be\/wp-content\/uploads\/2020\/02\/La-Contra-Vanguardia-400x447.jpg 400w, https:\/\/www.institutdelhaleine.be\/wp-content\/uploads\/2020\/02\/La-Contra-Vanguardia-600x671.jpg 600w, https:\/\/www.institutdelhaleine.be\/wp-content\/uploads\/2020\/02\/La-Contra-Vanguardia-768x858.jpg 768w, https:\/\/www.institutdelhaleine.be\/wp-content\/uploads\/2020\/02\/La-Contra-Vanguardia-800x894.jpg 800w, https:\/\/www.institutdelhaleine.be\/wp-content\/uploads\/2020\/02\/La-Contra-Vanguardia.jpg 859w\" sizes=\"(max-width: 859px) 100vw, 859px\" \/><\/p>\n<p>Face \u00e0 l\u2019insistance de nombreux patients qu\u2019il a trait\u00e9s, il a \u00e9crit un livre consacr\u00e9 \u00e0 l\u2019haleine humaine, intitul\u00e9 : \u00ab How to look after your breath \u2013 the definitive guide \u00bb. Traduit dans six langues, cet ouvrage est devenu un best-seller international dans son domaine. En langue fran\u00e7aise, on peut trouver cet e-book sous le titre de : \u00ab Comment prendre soin de votre haleine \u2013 le guide d\u00e9finitif \u00bb .<\/p>\n<\/div><div class=\"fusion-text fusion-text-5\"><blockquote>\n<h2>\u201cLa mauvaise haleine est un probl\u00e8me qui peut et doit \u00eatre pris en compte, diagnostiqu\u00e9 et trait\u00e9. Les personnes souffrant d\u2019halitose ne doivent pas se r\u00e9signer face \u00e0 cette pathologie, mais plut\u00f4t chercher des solutions \u00e0 travers un traitement sp\u00e9cifique.\u201d<\/h2>\n<\/blockquote>\n<\/div><div class=\"fusion-separator fusion-full-width-sep\" style=\"align-self: center;margin-left: auto;margin-right: auto;width:100%;\"><\/div><\/div><\/div><\/div><\/div><div class=\"fusion-fullwidth fullwidth-box fusion-builder-row-2 fusion-flex-container nonhundred-percent-fullwidth non-hundred-percent-height-scrolling\" style=\"--awb-border-radius-top-left:0px;--awb-border-radius-top-right:0px;--awb-border-radius-bottom-right:0px;--awb-border-radius-bottom-left:0px;--awb-flex-wrap:wrap;\" ><div class=\"fusion-builder-row fusion-row fusion-flex-align-items-flex-start fusion-flex-content-wrap\" style=\"max-width:1144px;margin-left: calc(-4% \/ 2 );margin-right: calc(-4% \/ 2 );\"><div class=\"fusion-layout-column fusion_builder_column fusion-builder-column-3 fusion_builder_column_1_2 1_2 fusion-flex-column\" style=\"--awb-bg-size:cover;--awb-width-large:50%;--awb-margin-top-large:0px;--awb-spacing-right-large:3.84%;--awb-margin-bottom-large:20px;--awb-spacing-left-large:3.84%;--awb-width-medium:100%;--awb-spacing-right-medium:1.92%;--awb-spacing-left-medium:1.92%;--awb-width-small:100%;--awb-spacing-right-small:1.92%;--awb-spacing-left-small:1.92%;\"><div class=\"fusion-column-wrapper fusion-flex-justify-content-flex-start fusion-content-layout-column\"><div style=\"text-align:left;\"><a class=\"fusion-button button-flat fusion-button-default-size button-default fusion-button-default button-1 fusion-button-default-span fusion-button-default-type\" style=\"--button-border-radius-top-left:2px;--button-border-radius-top-right:2px;--button-border-radius-bottom-right:2px;--button-border-radius-bottom-left:2px;\" target=\"_self\" href=\"http:\/\/www.institutdelhaleine.be\/les-questions-les-plus-frequentes-sur-lhalitose-ou-mauvaise-haleine\/\"><span class=\"fusion-button-text awb-button__text awb-button__text--default\">Veelgestelde vragen<\/span><\/a><\/div><\/div><\/div><div class=\"fusion-layout-column fusion_builder_column fusion-builder-column-4 fusion_builder_column_1_2 1_2 fusion-flex-column\" style=\"--awb-bg-size:cover;--awb-width-large:50%;--awb-margin-top-large:0px;--awb-spacing-right-large:3.84%;--awb-margin-bottom-large:20px;--awb-spacing-left-large:3.84%;--awb-width-medium:100%;--awb-spacing-right-medium:1.92%;--awb-spacing-left-medium:1.92%;--awb-width-small:100%;--awb-spacing-right-small:1.92%;--awb-spacing-left-small:1.92%;\"><div class=\"fusion-column-wrapper fusion-flex-justify-content-flex-start fusion-content-layout-column\"><div class=\"fusion-text fusion-text-6\"><p style=\"text-align: right;\">Institut de l\u2019Haleine 2020.<\/p>\n<\/div><\/div><\/div><\/div><\/div><\/p>\n","protected":false},"excerpt":{"rendered":"","protected":false},"author":2,"featured_media":0,"parent":0,"menu_order":0,"comment_status":"closed","ping_status":"closed","template":"","meta":{"footnotes":""},"class_list":["post-1634","page","type-page","status-publish","hentry"],"_links":{"self":[{"href":"https:\/\/www.institutdelhaleine.be\/nl\/wp-json\/wp\/v2\/pages\/1634","targetHints":{"allow":["GET"]}}],"collection":[{"href":"https:\/\/www.institutdelhaleine.be\/nl\/wp-json\/wp\/v2\/pages"}],"about":[{"href":"https:\/\/www.institutdelhaleine.be\/nl\/wp-json\/wp\/v2\/types\/page"}],"author":[{"embeddable":true,"href":"https:\/\/www.institutdelhaleine.be\/nl\/wp-json\/wp\/v2\/users\/2"}],"replies":[{"embeddable":true,"href":"https:\/\/www.institutdelhaleine.be\/nl\/wp-json\/wp\/v2\/comments?post=1634"}],"version-history":[{"count":2,"href":"https:\/\/www.institutdelhaleine.be\/nl\/wp-json\/wp\/v2\/pages\/1634\/revisions"}],"predecessor-version":[{"id":1636,"href":"https:\/\/www.institutdelhaleine.be\/nl\/wp-json\/wp\/v2\/pages\/1634\/revisions\/1636"}],"wp:attachment":[{"href":"https:\/\/www.institutdelhaleine.be\/nl\/wp-json\/wp\/v2\/media?parent=1634"}],"curies":[{"name":"wp","href":"https:\/\/api.w.org\/{rel}","templated":true}]}}