{"id":1637,"date":"2020-02-11T10:23:48","date_gmt":"2020-02-11T10:23:48","guid":{"rendered":"https:\/\/www.institutdelhaleine.be\/comment-combattre-eliminer-soigner-lhalitose-ou-mauvaise-odeur\/"},"modified":"2025-01-30T08:42:09","modified_gmt":"2025-01-30T08:42:09","slug":"comment-combattre-eliminer-soigner-lhalitose-ou-mauvaise-odeur","status":"publish","type":"page","link":"https:\/\/www.institutdelhaleine.be\/nl\/les-questions-les-plus-frequentes-sur-lhalitose-ou-mauvaise-haleine\/comment-combattre-eliminer-soigner-lhalitose-ou-mauvaise-odeur\/","title":{"rendered":"Comment combattre, \u00e9liminer, soigner l\u2019halitose ou mauvaise odeur?"},"content":{"rendered":"<p><div class=\"fusion-fullwidth fullwidth-box fusion-builder-row-1 fusion-flex-container nonhundred-percent-fullwidth non-hundred-percent-height-scrolling\" style=\"--awb-border-radius-top-left:0px;--awb-border-radius-top-right:0px;--awb-border-radius-bottom-right:0px;--awb-border-radius-bottom-left:0px;--awb-flex-wrap:wrap;\" ><div class=\"fusion-builder-row fusion-row fusion-flex-align-items-stretch fusion-flex-content-wrap\" style=\"max-width:1144px;margin-left: calc(-4% \/ 2 );margin-right: calc(-4% \/ 2 );\"><div class=\"fusion-layout-column fusion_builder_column fusion-builder-column-0 fusion_builder_column_1_4 1_4 fusion-flex-column\" style=\"--awb-padding-top:20px;--awb-padding-right:20px;--awb-padding-bottom:20px;--awb-padding-left:20px;--awb-bg-color:#dddddd;--awb-bg-color-hover:#dddddd;--awb-bg-size:cover;--awb-width-large:25%;--awb-margin-top-large:0px;--awb-spacing-right-large:0%;--awb-margin-bottom-large:20px;--awb-spacing-left-large:7.68%;--awb-width-medium:100%;--awb-spacing-right-medium:1.92%;--awb-spacing-left-medium:1.92%;--awb-width-small:100%;--awb-spacing-right-small:1.92%;--awb-spacing-left-small:1.92%;\"><div class=\"fusion-column-wrapper fusion-flex-justify-content-flex-start fusion-content-layout-column\"><div class=\"fusion-text fusion-text-1\"><h2><img decoding=\"async\" class=\"alignnone wp-image-733 size-large\" src=\"http:\/\/www.halito.pt\/wp-content\/uploads\/2017\/08\/doutor-jonas-nunes-alito-756x1024.jpg\" alt=\"doctor-jonas-nunes-halitosis\" width=\"756\" height=\"1024\"><\/h2>\n<h2><strong>Les 13 questions les plus fr\u00e9quentes sur la mauvaise haleine.<\/strong><\/h2>\n<p>Le <strong><a href=\"http:\/\/www.institutdelhaleine.be\/le-professeur-et-docteur-jonas-nunes\/\">Docteur Jonas Nunes<\/a>,<\/strong> Directeur de <strong>l\u2019Institut de l\u2019Haleine<\/strong> et de <strong>l\u2019Unit\u00e9 Hospitali\u00e8re du Centre Teknon \u00e0 Barcelone<\/strong>, r\u00e9pond aux questions les plus fr\u00e9quentes sur l\u2019haleine humaine.<\/p>\n<p style=\"text-align: justify;\">.<\/p>\n<\/div><\/div><\/div><div class=\"fusion-layout-column fusion_builder_column fusion-builder-column-1 fusion_builder_column_3_4 3_4 fusion-flex-column\" style=\"--awb-padding-top:20px;--awb-padding-right:20px;--awb-padding-bottom:20px;--awb-padding-left:20px;--awb-bg-color:#eeeeee;--awb-bg-color-hover:#eeeeee;--awb-bg-size:cover;--awb-width-large:75%;--awb-margin-top-large:0px;--awb-spacing-right-large:2.56%;--awb-margin-bottom-large:20px;--awb-spacing-left-large:0%;--awb-width-medium:100%;--awb-spacing-right-medium:1.92%;--awb-spacing-left-medium:1.92%;--awb-width-small:100%;--awb-spacing-right-small:1.92%;--awb-spacing-left-small:1.92%;\"><div class=\"fusion-column-wrapper fusion-flex-justify-content-flex-start fusion-content-layout-column\"><div class=\"fusion-text fusion-text-2\"><h2>02. Comment combattre, \u00e9liminer, soigner l\u2019halitose ou mauvaise odeur?<\/h2>\n<p style=\"text-align: justify;\">L\u2019une des questions les plus courantes que l\u2019on nous pose est de savoir <a href=\"http:\/\/www.institutdelhaleine.be\/comment-nous-pouvons-vous-aider\/\"><strong>comment combattre, \u00e9liminer ou soigner l\u2019halitose<\/strong><\/a>. Notre r\u00e9ponse est toujours la m\u00eame : le taux de r\u00e9ussite de l\u2019Institut de l\u2019Haleine est particuli\u00e8rement \u00e9lev\u00e9 parce que <strong>le traitement utilis\u00e9 est directement en lien avec le type d\u2019halitose diagnostiqu\u00e9 (c\u2019est-\u00e0-dire associ\u00e9 \u00e0 \u00ab l\u2019origine du probl\u00e8me \u00bb).<\/strong> Notre mission est d\u2019offrir une vraie solution aux personnes qui pr\u00e9sentent ce probl\u00e8me, et surtout, de le faire avec la plus grande rigueur scientifique. <\/p>\n<p style=\"text-align: justify;\">Les expressions \u201cmauvaise haleine\u201d ou \u201chalitose\u201d ne se r\u00e9f\u00e8rent g\u00e9n\u00e9ralement pas \u00e0 une signification d\u2019ordre physio-pathologique (seulement \u00e0 une alt\u00e9ration de l\u2019odeur dans l\u2019air expir\u00e9). Cependant, quelle maladie se cache-t-elle derri\u00e8re cette mauvaise haleine ? bien que des produits du type \u201csolution \u00e0 tous les probl\u00e8mes\u201d apparaissent en nombre sur le march\u00e9, il n\u2019existe pas en r\u00e9alit\u00e9 de m\u00e9dicament ou de proc\u00e9d\u00e9 universel pour soigner toutes les maladies. Il en va de m\u00eame pour l\u2019halitose (<strong>il y a plus de 80 causes provenant des diff\u00e9rentes parties de l\u2019organisme<\/strong>). Il serait en ce sens tr\u00e8s na\u00eff de croire qu\u2019il existe un traitement g\u00e9n\u00e9ral pour ces multiples causes.    <\/p>\n<p style=\"text-align: justify;\">Malheureusement, on observe habituellement un manque d\u2019\u00e9thique de la part des marques commerciales qui tirent profit de la \u00ab fragilit\u00e9 \u00bb des personnes qui souffrent du fort impact de l\u2019halitose sur leur vie, et d\u00e9pensent alors des sommes pharamineuses pour acqu\u00e9rir toutes sortes de \u00ab nouveaut\u00e9s \u00bb ou produits miracles qu\u2019elles ont vus sur certains m\u00e9dias ou sur internet. Certains patients expliquent qu\u2019ils ont m\u00eame fini par acheter en d\u00e9sespoir de cause des produits parfaitement farfelus comme, par exemple, un disque d\u2019acier sens\u00e9 soigner tous les types d\u2019halitose, alors que cela ne repose sur aucun fondement scientifique. Dans ce contexte, il para\u00eet n\u00e9cessaire et urgent d\u2019\u00e9tablir une l\u00e9gislation fixant des limites claires et prot\u00e9geant le consommateur de ces abus.  <\/p>\n<h3><strong>\u00ab Le plus judicieux est de faire confiance \u00e0 un professionnel de la sant\u00e9 sp\u00e9cialis\u00e9 qui recherche la v\u00e9ritable cause de l\u2019halitose et nous fournit un diagnostic \u00bb.<\/strong><\/h3>\n<p style=\"text-align: justify;\">Pour en revenir \u00e0 la question de comment combattre, \u00e9liminer ou soigner l\u2019halitose, <strong>la premi\u00e8re \u00e9tape consiste \u00e0 d\u00e9couvrir ce qui est \u00e0 l\u2019origine de la mauvaise haleine (\u00ab diagnostic \u00e9tiologique \u00bb).<\/strong> Si la cause n\u2019est pas clairement visible (par exemple, pas de mauvaise hygi\u00e8ne notable, ni de foyers infectieux visibles dans la bouche), il est fortement conseill\u00e9 de consulter un sp\u00e9cialiste en halitose. Une fois la cause d\u00e9cel\u00e9e, il s\u2019agit simplement de suivre le traitement prescrit sur les bases des connaissances de la m\u00e9decine actuelle (si l\u2019on prend l\u2019exemple du reflux gastro-\u0153sophagien, les inhibiteurs de pompes \u00e0 protons r\u00e9ussissent g\u00e9n\u00e9ralement \u00e0 le traiter. Si la cause d\u00e9tect\u00e9e est une grave insuffisance salivaire, on prescrira un m\u00e9dicament parasympathomim\u00e9tique, qui est le plus appropri\u00e9 dans ce cas). A l\u2019aide du diagnostic \u00e9tiologique (par exemple, l\u2019halitose due \u00e0 une salivation insuffisante), nous \u00e9tablissons un diagnostic m\u00e9dical avec le protocole th\u00e9rapeutique correspondant : nous savons exactement quelle est la maladie et nous pouvons proposer r\u00e9ponse th\u00e9rapeutique appropri\u00e9e. On se base sur des faits scientifiques reposant sur des preuves et une rigueur absolue (et non sur des promesses fantaisistes qui profitent du d\u00e9sespoir des personnes qui sont victimes d\u2019halitose).   <\/p>\n<p style=\"text-align: justify;\">Malheureusement, le d\u00e9sespoir peut aveugler les gens (m\u00eame ceux qui ont une intelligence particuli\u00e8rement rationnelle). Nous recevons r\u00e9guli\u00e8rement des patients qui nous rendent visite pour la premi\u00e8re fois avec une hygi\u00e8ne orale irr\u00e9prochable et <strong><a href=\"http:\/\/www.institutdelhaleine.be\/les-questions-les-plus-frequentes-sur-lhalitose-ou-mauvaise-haleine\/quels-types-de-chewing-gums-ou-de-bains-de-bouche-dois-je-utiliser-pour-eliminer-lhalitose-ou-mauvaise-haleine\/\">qui continuent d\u2019utiliser des rince-bouche\/solutions orales plusieurs fois par jour<\/a>.<\/strong> Cela n\u2019a pas vraiment de sens, ce serait comme avoir quelque chose de naus\u00e9abond dans la cuisine et nettoyer le salon avec de la javel. On voit bien l\u2019incoh\u00e9rence de cette situation.  <\/p>\n<p>Il faut savoir que m\u00eame les bains de bouche\/solutions orales contenant des antimicrobiens contiennent aussi certaines substances d\u00e9odorantes telles que la menthe, ce qui donne l\u2019illusion que l\u2019on agit sur l\u2019origine du probl\u00e8me (en d\u00e9gageant une odeur de menthe \u2013 plus intense que la mauvaise odeur pr\u00e9sente \u2013 la mauvaise haleine est \u00ab masqu\u00e9e \u00bb pendant environ 15 minutes). Cependant, il appara\u00eet clairement que si la mauvaise haleine revient peu apr\u00e8s, la conclusion rationnelle qui s\u2019impose est que l\u2019origine du probl\u00e8me ne provient pas de la bouche. De fait, durant les minutes o\u00f9 le rin\u00e7age a agi, il n\u2019y a pas eu \u00e9limination de l\u2019odeur mais un effet \u201coccultant\u201d pour le nez (qui n\u2019est pas en mesure de d\u00e9tecter deux odeurs en m\u00eame temps, la plus intense pr\u00e9valant sur l\u2019autre).  <\/p>\n<p style=\"text-align: justify;\">En d\u00e9finitive,<strong> le plus judicieux est de faire confiance \u00e0 un professionnel de la sant\u00e9 sp\u00e9cialis\u00e9 qui recherche la v\u00e9ritable cause de l\u2019halitose et nous fournit un diagnostic.<\/strong><\/p>\n<\/div><div class=\"fusion-text fusion-text-3\"><p><div class=\"fusion-alignleft\"><a class=\"fusion-button button-flat fusion-button-default-size button-default fusion-button-default button-1 fusion-button-default-span fusion-button-default-type\" style=\"--button-border-radius-top-left:2px;--button-border-radius-top-right:2px;--button-border-radius-bottom-right:2px;--button-border-radius-bottom-left:2px;\" target=\"_self\" href=\"http:\/\/www.institutdelhaleine.be\/les-questions-les-plus-frequentes-sur-lhalitose-ou-mauvaise-haleine\/peut-on-guerir-de-lhalitose-ou-mauvaise-haleine\/\"><span class=\"fusion-button-text awb-button__text awb-button__text--default\">Voir la question pr\u00e9c\u00e9dente<\/span><\/a><\/div> <div class=\"fusion-alignright\"><a class=\"fusion-button button-flat fusion-button-default-size button-default fusion-button-default button-2 fusion-button-default-span fusion-button-default-type\" style=\"--button-border-radius-top-left:2px;--button-border-radius-top-right:2px;--button-border-radius-bottom-right:2px;--button-border-radius-bottom-left:2px;\" target=\"_self\" href=\"http:\/\/www.institutdelhaleine.be\/les-questions-les-plus-frequentes-sur-lhalitose-ou-mauvaise-haleine\/quest-ce-qui-provoque-lhalitose-ou-mauvaise-haleine\/\"><span class=\"fusion-button-text awb-button__text awb-button__text--default\">Voir la question suivante<\/span><\/a><\/div><\/p>\n<\/div><\/div><\/div><\/div><\/div><div class=\"fusion-fullwidth fullwidth-box fusion-builder-row-2 fusion-flex-container nonhundred-percent-fullwidth non-hundred-percent-height-scrolling\" style=\"--awb-border-radius-top-left:0px;--awb-border-radius-top-right:0px;--awb-border-radius-bottom-right:0px;--awb-border-radius-bottom-left:0px;--awb-flex-wrap:wrap;\" ><div class=\"fusion-builder-row fusion-row fusion-flex-align-items-flex-start fusion-flex-content-wrap\" style=\"max-width:1144px;margin-left: calc(-4% \/ 2 );margin-right: calc(-4% \/ 2 );\"><div class=\"fusion-layout-column fusion_builder_column fusion-builder-column-2 fusion_builder_column_1_4 1_4 fusion-flex-column\" style=\"--awb-padding-top:20px;--awb-padding-right:20px;--awb-padding-bottom:20px;--awb-padding-left:20px;--awb-bg-size:cover;--awb-width-large:25%;--awb-margin-top-large:0px;--awb-spacing-right-large:7.68%;--awb-margin-bottom-large:20px;--awb-spacing-left-large:7.68%;--awb-width-medium:100%;--awb-spacing-right-medium:1.92%;--awb-spacing-left-medium:1.92%;--awb-width-small:100%;--awb-spacing-right-small:1.92%;--awb-spacing-left-small:1.92%;\"><div class=\"fusion-column-wrapper fusion-flex-justify-content-flex-start fusion-content-layout-column\"><div class=\"fusion-text fusion-text-4\"><h2><strong>Soigner ou traiter l\u2019halitose ou mauvaise haleine<\/strong><\/h2>\n<p>01.  <a href=\"http:\/\/www.institutdelhaleine.be\/les-questions-les-plus-frequentes-sur-lhalitose-ou-mauvaise-haleine\/peut-on-guerir-de-lhalitose-ou-mauvaise-haleine\/\">Peut-on gu\u00e9rir de l\u2019halitose ou mauvaise haleine?<\/a><br \/>\n02.  <a href=\"http:\/\/www.institutdelhaleine.be\/les-questions-les-plus-frequentes-sur-lhalitose-ou-mauvaise-haleine\/comment-combattre-eliminer-soigner-lhalitose-ou-mauvaise-odeur\/\">Comment combattre, \u00e9liminer, soigner l\u2019halitose ou mauvaise haleine?<\/a><\/p>\n<h2><strong>Causes et types d\u2019halitose ou mauvaise haleine<\/strong><\/h2>\n<p>03.  <a href=\"http:\/\/www.institutdelhaleine.be\/les-questions-les-plus-frequentes-sur-lhalitose-ou-mauvaise-haleine\/quest-ce-qui-provoque-lhalitose-ou-mauvaise-haleine\/\">Qu\u2019est-ce qui provoque l\u2019halitose ou mauvaise haleine?<\/a><br \/>\n04.  <a href=\"http:\/\/www.institutdelhaleine.be\/les-questions-les-plus-frequentes-sur-lhalitose-ou-mauvaise-haleine\/quels-sont-les-differents-types-dhalitose\/\">Quels sont les diff\u00e9rents types d\u2019halitose?<\/a><br \/>\n05.  <a href=\"http:\/\/www.institutdelhaleine.be\/les-questions-les-plus-frequentes-sur-lhalitose-ou-mauvaise-haleine\/la-cause-de-lhalitose-ou-mauvaise-haleine-provient-elle-de-lestomac\/\">La cause de l\u2019halitose ou mauvaise haleine provient-elle de l\u2019estomac?<\/a><br \/>\n06.  <a href=\"http:\/\/www.institutdelhaleine.be\/les-questions-les-plus-frequentes-sur-lhalitose-ou-mauvaise-haleine\/quelles-sont-les-causes-de-mauvaise-haleine-chez-les-bebes-et-ou-enfants\/\">Quelles sont les causes de mauvaise haleine chez les b\u00e9b\u00e9s et\/ou enfants?<\/a><\/p>\n<\/div><\/div><\/div><div class=\"fusion-layout-column fusion_builder_column fusion-builder-column-3 fusion_builder_column_1_3 1_3 fusion-flex-column\" style=\"--awb-padding-top:20px;--awb-padding-right:20px;--awb-padding-bottom:20px;--awb-padding-left:20px;--awb-bg-size:cover;--awb-width-large:33.333333333333%;--awb-margin-top-large:0px;--awb-spacing-right-large:0%;--awb-margin-bottom-large:20px;--awb-spacing-left-large:5.76%;--awb-width-medium:100%;--awb-spacing-right-medium:1.92%;--awb-spacing-left-medium:1.92%;--awb-width-small:100%;--awb-spacing-right-small:1.92%;--awb-spacing-left-small:1.92%;\"><div class=\"fusion-column-wrapper fusion-flex-justify-content-flex-start fusion-content-layout-column\"><div class=\"fusion-text fusion-text-5\"><h2><strong>Diagnostic et traitement de l\u2019halitose ou mauvaise haleine<\/strong><\/h2>\n<p>07.  <a href=\"http:\/\/www.institutdelhaleine.be\/les-questions-les-plus-frequentes-sur-lhalitose-ou-mauvaise-haleine\/existe-t-il-des-appareils-pour-mesurer-lhalitose-ou-mauvaise-haleine\/\">Existe-t-il des appareils pour mesurer l\u2019halitose ou mauvaise haleine?<\/a><br \/>\n08.  <a href=\"http:\/\/www.institutdelhaleine.be\/les-questions-les-plus-frequentes-sur-lhalitose-ou-mauvaise-haleine\/comment-fonctionne-une-consultation-de-lhalitose\/\">Comment fonctionne une consultation de l\u2019halitose?<\/a><br \/>\n09.  <a href=\"http:\/\/www.institutdelhaleine.be\/les-questions-les-plus-frequentes-sur-lhalitose-ou-mauvaise-haleine\/combien-coute-un-traitement-complet-pour-eradiquer-lhalitose\/\">Combien co\u00fbte un traitement complet pour \u00e9radiquer l\u2019halitose?<\/a><\/p>\n<\/div><\/div><\/div><div class=\"fusion-layout-column fusion_builder_column fusion-builder-column-4 fusion_builder_column_2_5 2_5 fusion-flex-column\" style=\"--awb-padding-top:20px;--awb-padding-right:20px;--awb-padding-bottom:20px;--awb-padding-left:20px;--awb-bg-size:cover;--awb-width-large:40%;--awb-margin-top-large:0px;--awb-spacing-right-large:4.8%;--awb-margin-bottom-large:20px;--awb-spacing-left-large:0%;--awb-width-medium:100%;--awb-spacing-right-medium:1.92%;--awb-spacing-left-medium:1.92%;--awb-width-small:100%;--awb-spacing-right-small:1.92%;--awb-spacing-left-small:1.92%;\"><div class=\"fusion-column-wrapper fusion-flex-justify-content-flex-start fusion-content-layout-column\"><div class=\"fusion-text fusion-text-6\"><h2><strong>Pr\u00e9venir et \u00e9viter l\u2019halitose ou mauvaise haleine<\/strong><\/h2>\n<p>10.  <a href=\"http:\/\/www.institutdelhaleine.be\/les-questions-les-plus-frequentes-sur-lhalitose-ou-mauvaise-haleine\/comment-eviter-et-ou-prevenir-lhalitose\/\">Comment \u00e9viter et\/ou pr\u00e9venir l\u2019halitose?<\/a><br \/>\n11.  <a href=\"http:\/\/www.institutdelhaleine.be\/les-questions-les-plus-frequentes-sur-lhalitose-ou-mauvaise-haleine\/quels-types-de-chewing-gums-ou-de-bains-de-bouche-dois-je-utiliser-pour-eliminer-lhalitose-ou-mauvaise-haleine\/\">Quels types de chewing-gums ou de bains de bouche dois-je utiliser pour \u00e9liminer l\u2019halitose ou mauvaise haleine?<\/a><br \/>\n12.  <a href=\"http:\/\/www.institutdelhaleine.be\/les-questions-les-plus-frequentes-sur-lhalitose-ou-mauvaise-haleine\/quels-remedes-maison-naturels-ou-solutions-naturelles-existe-t-il-actuellement-pour-lutter-contre-lhalitose\/\">Quels rem\u00e8des maison\/naturels ou solutions naturelles existe-t-il actuellement pour lutter contre l\u2019halitose?<\/a><\/p>\n<h2>Solution \u00e0 l\u2019halitose ou mauvaise haleine<\/h2>\n<p>13.  <a href=\"http:\/\/www.institutdelhaleine.be\/les-questions-les-plus-frequentes-sur-lhalitose-ou-mauvaise-haleine\/est-il-vrai-quil-existe-une-solution-pour-se-debarrasser-de-la-mauvaise-haleine\/\">Est-il vrai qu\u2019il existe une solution pour se d\u00e9barrasser de la mauvaise haleine?<\/a><\/p>\n<\/div><\/div><\/div><\/div><\/div><div class=\"fusion-fullwidth fullwidth-box fusion-builder-row-3 fusion-flex-container nonhundred-percent-fullwidth non-hundred-percent-height-scrolling\" style=\"--awb-border-radius-top-left:0px;--awb-border-radius-top-right:0px;--awb-border-radius-bottom-right:0px;--awb-border-radius-bottom-left:0px;--awb-padding-top:0px;--awb-padding-right:0px;--awb-padding-bottom:0px;--awb-padding-left:0px;--awb-margin-top:0px;--awb-margin-bottom:0px;--awb-flex-wrap:wrap;\" ><div class=\"fusion-builder-row fusion-row fusion-flex-align-items-flex-start fusion-flex-content-wrap\" style=\"max-width:1144px;margin-left: calc(-4% \/ 2 );margin-right: calc(-4% \/ 2 );\"><div class=\"fusion-layout-column fusion_builder_column fusion-builder-column-5 fusion_builder_column_1_3 1_3 fusion-flex-column\" style=\"--awb-padding-top:20px;--awb-padding-right:20px;--awb-padding-bottom:15px;--awb-padding-left:20px;--awb-bg-color:#eeeeee;--awb-bg-color-hover:#eeeeee;--awb-bg-size:cover;--awb-width-large:33.333333333333%;--awb-margin-top-large:0px;--awb-spacing-right-large:0%;--awb-margin-bottom-large:20px;--awb-spacing-left-large:5.76%;--awb-width-medium:100%;--awb-spacing-right-medium:1.92%;--awb-spacing-left-medium:1.92%;--awb-width-small:100%;--awb-spacing-right-small:1.92%;--awb-spacing-left-small:1.92%;\"><div class=\"fusion-column-wrapper fusion-flex-justify-content-flex-start fusion-content-layout-column\"><div class=\"fusion-text fusion-text-7\"><h2><strong>A la d\u00e9couverte de votre haleine.<\/strong><\/h2>\n<p>Saviez-vous que vous pouviez avoir une mauvaise haleine sans le savoir ? De nombreuses personnes souffrent d\u2019halitose ou mauvaise haleine de fa\u00e7on habituelle, ind\u00e9pendamment de leur sexe, de leur \u00e2ge ou de leur classe sociale. L\u2019halitose peut en outre avoir de graves r\u00e9percussions sur l\u2019estime de soi et devenir un facteur de discrimination et d\u2019exclusion sociale. Si vous avez des doutes, nous vous invitons \u00e0 remplir nos questionnaires en ligne et ainsi conna\u00eetre le r\u00e9sultat imm\u00e9diatement.<\/p>\n<\/div><\/div><\/div><div class=\"fusion-layout-column fusion_builder_column fusion-builder-column-6 fusion_builder_column_2_3 2_3 fusion-flex-column\" style=\"--awb-bg-size:cover;--awb-width-large:66.666666666667%;--awb-margin-top-large:0px;--awb-spacing-right-large:2.88%;--awb-margin-bottom-large:20px;--awb-spacing-left-large:0%;--awb-width-medium:100%;--awb-spacing-right-medium:1.92%;--awb-spacing-left-medium:1.92%;--awb-width-small:100%;--awb-spacing-right-small:1.92%;--awb-spacing-left-small:1.92%;\"><div class=\"fusion-column-wrapper fusion-flex-justify-content-flex-start fusion-content-layout-column\"><div class=\"fusion-content-boxes content-boxes columns row fusion-columns-2 fusion-columns-total-2 fusion-content-boxes-1 content-boxes-icon-boxed content-left\" style=\"--awb-hover-accent-color:#008295;--awb-circle-hover-accent-color:#008295;\" data-animationOffset=\"top-into-view\"><div style=\"--awb-backgroundcolor:#d2edf0;\" class=\"fusion-column content-box-column content-box-column content-box-column-1 col-lg-6 col-md-6 col-sm-6 fusion-content-box-hover content-box-column-first-in-row\"><div class=\"col content-box-wrapper content-wrapper-background content-wrapper-boxed link-area-box link-type-button icon-hover-animation-pulsate\" data-link=\"http:\/\/www.institutodelaliento.com\/test-probabilidad-padecer-aliento-desagradable\/\" data-link-target=\"_self\" data-animationOffset=\"top-into-view\"><div class=\"heading icon-left\"><a class=\"heading-link\" href=\"http:\/\/www.institutodelaliento.com\/test-probabilidad-padecer-aliento-desagradable\/\" target=\"_self\"><h2 class=\"content-box-heading\" style=\"--h2_typography-font-size:22px;line-height:27px;\"> Test de probabilit\u00e9 d\u2019avoir une mauvaise haleine.<\/h2><\/a><\/div><div class=\"fusion-clearfix\"><\/div><div class=\"content-container\">\n<p>D\u00e9couvrez si la croyance que vous avez sur votre propre haleine est fond\u00e9e ou pas.<\/p>\n<\/div><div class=\"fusion-clearfix\"><\/div><a class=\"fusion-read-more-button fusion-content-box-button fusion-button button-default fusion-button-default-size button- button-flat\" href=\"http:\/\/www.institutodelaliento.com\/test-probabilidad-padecer-aliento-desagradable\/\" target=\"_self\"><span class=\"fusion-button-text\">FAIRE LE TEST EN LIGNE<\/span><\/a><div class=\"fusion-clearfix\"><\/div><\/div><\/div><div style=\"--awb-backgroundcolor:#c2e7eb;\" class=\"fusion-column content-box-column content-box-column content-box-column-2 col-lg-6 col-md-6 col-sm-6 fusion-content-box-hover content-box-column-last content-box-column-last-in-row\"><div class=\"col content-box-wrapper content-wrapper-background content-wrapper-boxed link-area-box link-type-button icon-hover-animation-pulsate\" data-link=\"http:\/\/www.institutodelaliento.com\/test-impacto-la-halitosis-la-calidad-vida\/\" data-link-target=\"_self\" data-animationOffset=\"top-into-view\"><div class=\"heading icon-left\"><a class=\"heading-link\" href=\"http:\/\/www.institutodelaliento.com\/test-impacto-la-halitosis-la-calidad-vida\/\" target=\"_self\"><h2 class=\"content-box-heading\" style=\"--h2_typography-font-size:22px;line-height:27px;\">Test d\u2019impact de l\u2019halitose sur votre qualit\u00e9 de vie.<\/h2><\/a><\/div><div class=\"fusion-clearfix\"><\/div><div class=\"content-container\">\n<p>D\u00e9couvrez l\u2019impact psychologique de votre haleine au quotidien.<\/p>\n<\/div><div class=\"fusion-clearfix\"><\/div><a class=\"fusion-read-more-button fusion-content-box-button fusion-button button-default fusion-button-default-size button- button-flat\" href=\"http:\/\/www.institutodelaliento.com\/test-impacto-la-halitosis-la-calidad-vida\/\" target=\"_self\"><span class=\"fusion-button-text\">FAIRE LE TEST EN LIGNE<\/span><\/a><div class=\"fusion-clearfix\"><\/div><\/div><\/div><div class=\"fusion-clearfix\"><\/div><\/div><\/div><\/div><\/div><\/div><\/p>\n","protected":false},"excerpt":{"rendered":"","protected":false},"author":2,"featured_media":0,"parent":1832,"menu_order":0,"comment_status":"closed","ping_status":"closed","template":"","meta":{"footnotes":""},"class_list":["post-1637","page","type-page","status-publish","hentry"],"_links":{"self":[{"href":"https:\/\/www.institutdelhaleine.be\/nl\/wp-json\/wp\/v2\/pages\/1637","targetHints":{"allow":["GET"]}}],"collection":[{"href":"https:\/\/www.institutdelhaleine.be\/nl\/wp-json\/wp\/v2\/pages"}],"about":[{"href":"https:\/\/www.institutdelhaleine.be\/nl\/wp-json\/wp\/v2\/types\/page"}],"author":[{"embeddable":true,"href":"https:\/\/www.institutdelhaleine.be\/nl\/wp-json\/wp\/v2\/users\/2"}],"replies":[{"embeddable":true,"href":"https:\/\/www.institutdelhaleine.be\/nl\/wp-json\/wp\/v2\/comments?post=1637"}],"version-history":[{"count":2,"href":"https:\/\/www.institutdelhaleine.be\/nl\/wp-json\/wp\/v2\/pages\/1637\/revisions"}],"predecessor-version":[{"id":1639,"href":"https:\/\/www.institutdelhaleine.be\/nl\/wp-json\/wp\/v2\/pages\/1637\/revisions\/1639"}],"up":[{"embeddable":true,"href":"https:\/\/www.institutdelhaleine.be\/nl\/wp-json\/wp\/v2\/pages\/1832"}],"wp:attachment":[{"href":"https:\/\/www.institutdelhaleine.be\/nl\/wp-json\/wp\/v2\/media?parent=1637"}],"curies":[{"name":"wp","href":"https:\/\/api.w.org\/{rel}","templated":true}]}}