{"id":1640,"date":"2020-02-12T11:55:09","date_gmt":"2020-02-12T11:55:09","guid":{"rendered":"https:\/\/www.institutdelhaleine.be\/comment-eviter-et-ou-prevenir-lhalitose\/"},"modified":"2025-01-30T08:42:09","modified_gmt":"2025-01-30T08:42:09","slug":"comment-eviter-et-ou-prevenir-lhalitose","status":"publish","type":"page","link":"https:\/\/www.institutdelhaleine.be\/nl\/les-questions-les-plus-frequentes-sur-lhalitose-ou-mauvaise-haleine\/comment-eviter-et-ou-prevenir-lhalitose\/","title":{"rendered":"Comment \u00e9viter et\/ou pr\u00e9venir l\u2019halitose?"},"content":{"rendered":"<p><div class=\"fusion-fullwidth fullwidth-box fusion-builder-row-1 fusion-flex-container nonhundred-percent-fullwidth non-hundred-percent-height-scrolling\" style=\"--awb-border-radius-top-left:0px;--awb-border-radius-top-right:0px;--awb-border-radius-bottom-right:0px;--awb-border-radius-bottom-left:0px;--awb-flex-wrap:wrap;\" ><div class=\"fusion-builder-row fusion-row fusion-flex-align-items-stretch fusion-flex-content-wrap\" style=\"max-width:1144px;margin-left: calc(-4% \/ 2 );margin-right: calc(-4% \/ 2 );\"><div class=\"fusion-layout-column fusion_builder_column fusion-builder-column-0 fusion_builder_column_1_4 1_4 fusion-flex-column\" style=\"--awb-padding-top:20px;--awb-padding-right:20px;--awb-padding-bottom:20px;--awb-padding-left:20px;--awb-bg-color:#dddddd;--awb-bg-color-hover:#dddddd;--awb-bg-size:cover;--awb-width-large:25%;--awb-margin-top-large:0px;--awb-spacing-right-large:0%;--awb-margin-bottom-large:20px;--awb-spacing-left-large:7.68%;--awb-width-medium:100%;--awb-spacing-right-medium:1.92%;--awb-spacing-left-medium:1.92%;--awb-width-small:100%;--awb-spacing-right-small:1.92%;--awb-spacing-left-small:1.92%;\"><div class=\"fusion-column-wrapper fusion-flex-justify-content-flex-start fusion-content-layout-column\"><div class=\"fusion-text fusion-text-1\"><h2> <img decoding=\"async\" class=\"alignnone size-large wp-image-460\" src=\"http:\/\/www.institutodelaliento.com\/wp-content\/uploads\/2017\/10\/doctor-jonas-nunes-halitosis-756x1024.jpg\" alt=\"doctor-jonas-nunes-halitosis\" width=\"756\" height=\"1024\"><\/h2>\n<h2><strong>Les 13 questions les plus fr\u00e9quentes sur la mauvaise haleine.<\/strong><\/h2>\n<p style=\"text-align: justify;\">Le <strong>Docteur Jonas Nunes,<\/strong> Directeur de <strong>l\u2019Institut de l\u2019Haleine<\/strong> et de <strong>l\u2019Unit\u00e9 Hospitali\u00e8re du Centre Teknon \u00e0 Barcelone<\/strong>, r\u00e9pond aux questions les plus fr\u00e9quentes sur l\u2019haleine humaine.<\/p>\n<\/div><\/div><\/div><div class=\"fusion-layout-column fusion_builder_column fusion-builder-column-1 fusion_builder_column_3_4 3_4 fusion-flex-column\" style=\"--awb-padding-top:20px;--awb-padding-right:20px;--awb-padding-bottom:20px;--awb-padding-left:20px;--awb-bg-color:#eeeeee;--awb-bg-color-hover:#eeeeee;--awb-bg-size:cover;--awb-width-large:75%;--awb-margin-top-large:0px;--awb-spacing-right-large:2.56%;--awb-margin-bottom-large:20px;--awb-spacing-left-large:0%;--awb-width-medium:100%;--awb-spacing-right-medium:1.92%;--awb-spacing-left-medium:1.92%;--awb-width-small:100%;--awb-spacing-right-small:1.92%;--awb-spacing-left-small:1.92%;\"><div class=\"fusion-column-wrapper fusion-flex-justify-content-flex-start fusion-content-layout-column\"><div class=\"fusion-text fusion-text-2\"><h2><strong>10. Comment \u00e9viter et\/ou pr\u00e9venir l\u2019halitose?<\/strong><\/h2>\n<p>Il faut faire une diff\u00e9rence entre <strong>l\u2019halitose physiologique<\/strong> (par exemple celle qui se manifeste lors d\u2019un je\u00fbne prolong\u00e9, ou celle que nous ressentons g\u00e9n\u00e9ralement au r\u00e9veil) et <strong>l\u2019halitose pathologique ou chronique<\/strong> (qui appara\u00eet fr\u00e9quemment, m\u00eame apr\u00e8s avoir mang\u00e9 ou apr\u00e8s s\u2019\u00eatre lav\u00e9 les dents). <strong>L\u2019halitose pathologique est tr\u00e8s difficile \u00e0 pr\u00e9venir<\/strong>. La fa\u00e7on de l\u2019\u00e9viter n\u2019est pas la pr\u00e9vention mais le <strong>traitement<\/strong> (une fois la cause d\u00e9tect\u00e9e). <strong>L\u2019halitose physiologique<\/strong> (qui est souvent li\u00e9e \u00e0 de mauvaises habitudes) peut \u00eatre \u00e9vit\u00e9e en utilisant diff\u00e9rentes strat\u00e9gies : manger toutes les quatre heures; \u00e9viter les plats \u00e9pic\u00e9s et odorants; ne pas boire d\u2019alcool ni de caf\u00e9; \u00e9viter le tabac, les r\u00e9gimes hyperprot\u00e9iques, les r\u00e9gimes hypocaloriques, les repas riches en graisses; boire 1,5 litre d\u2019eau par jour; \u00e9viter de respirer par la bouche ; effectuer les deux pratiques fondamentales de l\u2019hygi\u00e8ne buccale (utilisation de fil dentaire et nettoyage de la langue). Cependant, si malgr\u00e9 ces nouvelles habitudes de vie la mauvaise haleine persiste, alors l\u2019halitose est pathologique (non physiologique), et n\u00e9cessite la visite d\u2019un sp\u00e9cialiste pour une consultation sp\u00e9cialis\u00e9e dans le traitement de l\u2019haleine.<\/p>\n<p style=\"text-align: justify;\">Il est important de souligner ce point car il est fr\u00e9quent de recevoir des patients qui ont d\u00e9velopp\u00e9 des habitudes compulsives, telles que se brosser les dents ou utiliser des rince-bouche cinq ou six fois par jour par exemple. On comprend ais\u00e9ment qu\u2019ils tentent d\u2019\u00e9viter par tous les moyens possibles la manifestation de la mauvaise haleine, mais malgr\u00e9 toutes ces pratiques pour pr\u00e9venir l\u2019halitose, aucun r\u00e9sultat b\u00e9n\u00e9fique et durable sur l\u2019haleine ne sera observ\u00e9 lorsque l\u2019halitose est pathologique. <\/p>\n<h3><strong>&#8220;L\u2019utilisation r\u00e9guli\u00e8re de fil dentaire et le nettoyage r\u00e9gulier de la langue sont beaucoup plus efficaces pour la pr\u00e9vention de l\u2019halitose que l\u2019utilisation r\u00e9guli\u00e8re de rince-bouche&#8221;.<\/strong><\/h3>\n<p>En ce qui concerne les soins d\u2019hygi\u00e8ne bucco-dentaire essentiels \u00e0 la pr\u00e9vention de la mauvaise haleine, il existe de nombreuses \u00e9tudes comparatives entre des personnes utilisant des rince-bouche et des personnes qui ne les utilisaient pas ; deux heures apr\u00e8s l\u2019utilisation de ces bains de bouche, aucune diff\u00e9rence n\u2019a \u00e9t\u00e9 trouv\u00e9e dans l\u2019haleine de ces deux groupes (c\u2019est-\u00e0-dire que l\u2019effet du rince-bouche s\u2019est totalement dissip\u00e9 au bout de deux heures, et l\u2019\u00e9tat de l\u2019haleine des personnes ayant utilis\u00e9 ce produit \u00e9tait similaire \u00e0 celui des personnes qui ne l\u2019avaient pas utilis\u00e9). La grande majorit\u00e9 des patients qui nous consultent pour la premi\u00e8re fois a exp\u00e9riment\u00e9 cette situation auparavant. Malheureusement, ce type d\u2019informations sur les produits utilis\u00e9s en bains de bouche est rarement divulgu\u00e9, probablement \u00e0 cause des nombreux int\u00e9r\u00eats commerciaux. Toutefois, des \u00e9tudes ont \u00e9t\u00e9 publi\u00e9es et sont disponibles dans les principales bases de donn\u00e9es m\u00e9dicales mondiales (comme les prestigieuses bases de donn\u00e9es am\u00e9ricaines PubMed et Medline). <\/p>\n<p style=\"text-align: justify;\">Par ailleurs, lorsque l\u2019on compare l\u2019\u00e9tat de l\u2019haleine entre les personnes qui utilisent r\u00e9guli\u00e8rement le fil dentaire et\/ou se nettoient la langue avec un nettoyeur, et celui des personnes qui ne pratiquent pas cette hygi\u00e8ne, on constate que l\u2019haleine de ce dernier groupe est beaucoup plus mauvaise. En conclusion, <strong>l\u2019utilisation r\u00e9guli\u00e8re de fil dentaire et le nettoyage r\u00e9gulier de la langue <\/strong>sont bien plus importants pour la <strong>pr\u00e9vention de l\u2019halitose<\/strong> que l\u2019utilisation r\u00e9guli\u00e8re de rince-bouche. <\/p>\n<\/div><div class=\"fusion-text fusion-text-3\"><p><div class=\"fusion-alignleft\"><a class=\"fusion-button button-flat fusion-button-default-size button-default fusion-button-default button-1 fusion-button-default-span fusion-button-default-type\" style=\"--button-border-radius-top-left:2px;--button-border-radius-top-right:2px;--button-border-radius-bottom-right:2px;--button-border-radius-bottom-left:2px;\" target=\"_self\" href=\"http:\/\/www.institutodelaliento.com\/preguntas-frecuentes-sobre-el-mal-aliento\/cuanto-cuesta-tratamiento-completo-erradicar-la-halitosis\/\"><span class=\"fusion-button-text awb-button__text awb-button__text--default\">Voir la question pr\u00e9c\u00e9dente<\/span><\/a><\/div> <div class=\"fusion-alignright\"><a class=\"fusion-button button-flat fusion-button-default-size button-default fusion-button-default button-2 fusion-button-default-span fusion-button-default-type\" style=\"--button-border-radius-top-left:2px;--button-border-radius-top-right:2px;--button-border-radius-bottom-right:2px;--button-border-radius-bottom-left:2px;\" target=\"_self\" href=\"http:\/\/www.institutodelaliento.com\/preguntas-frecuentes-sobre-el-mal-aliento\/chicles-enjuagues-debo-utilizar-eliminar-la-halitosis-mal-aliento\/\"><span class=\"fusion-button-text awb-button__text awb-button__text--default\">Voir la question suivante<\/span><\/a><\/div><\/p>\n<\/div><\/div><\/div><\/div><\/div><div class=\"fusion-fullwidth fullwidth-box fusion-builder-row-2 fusion-flex-container nonhundred-percent-fullwidth non-hundred-percent-height-scrolling\" style=\"--awb-border-radius-top-left:0px;--awb-border-radius-top-right:0px;--awb-border-radius-bottom-right:0px;--awb-border-radius-bottom-left:0px;--awb-flex-wrap:wrap;\" ><div class=\"fusion-builder-row fusion-row fusion-flex-align-items-flex-start fusion-flex-content-wrap\" style=\"max-width:1144px;margin-left: calc(-4% \/ 2 );margin-right: calc(-4% \/ 2 );\"><div class=\"fusion-layout-column fusion_builder_column fusion-builder-column-2 fusion_builder_column_1_4 1_4 fusion-flex-column\" style=\"--awb-padding-top:20px;--awb-padding-right:20px;--awb-padding-bottom:20px;--awb-padding-left:20px;--awb-bg-size:cover;--awb-width-large:25%;--awb-margin-top-large:0px;--awb-spacing-right-large:7.68%;--awb-margin-bottom-large:20px;--awb-spacing-left-large:7.68%;--awb-width-medium:100%;--awb-spacing-right-medium:1.92%;--awb-spacing-left-medium:1.92%;--awb-width-small:100%;--awb-spacing-right-small:1.92%;--awb-spacing-left-small:1.92%;\"><div class=\"fusion-column-wrapper fusion-flex-justify-content-flex-start fusion-content-layout-column\"><div class=\"fusion-text fusion-text-4\"><h2><strong>Soigner ou traiter l\u2019halitose ou mauvaise haleine<\/strong><\/h2>\n<p>01. Peut-on gu\u00e9rir de l\u2019halitose ou mauvaise haleine ? 02. Comment combattre, \u00e9liminer, soigner l\u2019halitose ou mauvaise haleine ?<\/p>\n<h2><strong>Causes et types d\u2019halitose ou mauvaise haleine<\/strong><\/h2>\n<p>03. Qu\u2019est-ce qui provoque l\u2019halitose ou mauvaise haleine ?<span style=\"color: #00aec7;\"><br \/>\n<\/span>04.<span style=\"color: #00aec7;\"> Quels sont les diff\u00e9rents types d\u2019halitose ?<\/span><br \/>\n05. La cause de l\u2019halitose ou mauvaise haleine provient-elle de l\u2019estomac ?<br \/>\n06. Quelles sont les causes de mauvaise haleine chez les b\u00e9b\u00e9s et\/ou enfants ?<\/p>\n<\/div><\/div><\/div><div class=\"fusion-layout-column fusion_builder_column fusion-builder-column-3 fusion_builder_column_1_3 1_3 fusion-flex-column\" style=\"--awb-padding-top:20px;--awb-padding-right:20px;--awb-padding-bottom:20px;--awb-padding-left:20px;--awb-bg-size:cover;--awb-width-large:33.333333333333%;--awb-margin-top-large:0px;--awb-spacing-right-large:0%;--awb-margin-bottom-large:20px;--awb-spacing-left-large:5.76%;--awb-width-medium:100%;--awb-spacing-right-medium:1.92%;--awb-spacing-left-medium:1.92%;--awb-width-small:100%;--awb-spacing-right-small:1.92%;--awb-spacing-left-small:1.92%;\"><div class=\"fusion-column-wrapper fusion-flex-justify-content-flex-start fusion-content-layout-column\"><div class=\"fusion-text fusion-text-5\"><h2><strong>Diagnostic et traitement de l\u2019halitose ou mauvaise haleine<\/strong><\/h2>\n<p>07. Existe-t-il des appareils pour mesurer l\u2019halitose ou mauvaise haleine? 08. Comment fonctionne une consultation de l\u2019halitose? 09. Combien co\u00fbte un traitement complet pour \u00e9radiquer l\u2019halitose?<\/p>\n<\/div><\/div><\/div><div class=\"fusion-layout-column fusion_builder_column fusion-builder-column-4 fusion_builder_column_2_5 2_5 fusion-flex-column\" style=\"--awb-padding-top:20px;--awb-padding-right:20px;--awb-padding-bottom:20px;--awb-padding-left:20px;--awb-bg-size:cover;--awb-width-large:40%;--awb-margin-top-large:0px;--awb-spacing-right-large:4.8%;--awb-margin-bottom-large:20px;--awb-spacing-left-large:0%;--awb-width-medium:100%;--awb-spacing-right-medium:1.92%;--awb-spacing-left-medium:1.92%;--awb-width-small:100%;--awb-spacing-right-small:1.92%;--awb-spacing-left-small:1.92%;\"><div class=\"fusion-column-wrapper fusion-flex-justify-content-flex-start fusion-content-layout-column\"><div class=\"fusion-text fusion-text-6\"><h2><strong>Pr\u00e9venir et \u00e9viter l\u2019halitose ou mauvaise haleine<\/strong><\/h2>\n<p>10. Comment \u00e9viter et\/ou pr\u00e9venir l\u2019halitose? 11. Quels types de chewing-gums ou de bains de bouche dois-je utiliser pour \u00e9liminer l\u2019halitose ou mauvaise haleine? 12. Quels rem\u00e8des maison\/naturels ou solutions naturelles existe-t-il actuellement pour lutter contre l\u2019halitose?<\/p>\n<h2>Solution \u00e0 l\u2019halitose ou mauvaise haleine<\/h2>\n<p>13. Est-il vrai qu\u2019il existe une solution pour se d\u00e9barrasser de la mauvaise haleine?<\/p>\n<\/div><\/div><\/div><\/div><\/div><div class=\"fusion-fullwidth fullwidth-box fusion-builder-row-3 fusion-flex-container nonhundred-percent-fullwidth non-hundred-percent-height-scrolling\" style=\"--awb-border-radius-top-left:0px;--awb-border-radius-top-right:0px;--awb-border-radius-bottom-right:0px;--awb-border-radius-bottom-left:0px;--awb-padding-top:0px;--awb-padding-right:0px;--awb-padding-bottom:0px;--awb-padding-left:0px;--awb-margin-top:0px;--awb-margin-bottom:0px;--awb-flex-wrap:wrap;\" ><div class=\"fusion-builder-row fusion-row fusion-flex-align-items-flex-start fusion-flex-content-wrap\" style=\"max-width:1144px;margin-left: calc(-4% \/ 2 );margin-right: calc(-4% \/ 2 );\"><div class=\"fusion-layout-column fusion_builder_column fusion-builder-column-5 fusion_builder_column_1_3 1_3 fusion-flex-column\" style=\"--awb-padding-top:20px;--awb-padding-right:20px;--awb-padding-bottom:15px;--awb-padding-left:20px;--awb-bg-color:#eeeeee;--awb-bg-color-hover:#eeeeee;--awb-bg-size:cover;--awb-width-large:33.333333333333%;--awb-margin-top-large:0px;--awb-spacing-right-large:0%;--awb-margin-bottom-large:20px;--awb-spacing-left-large:5.76%;--awb-width-medium:100%;--awb-spacing-right-medium:1.92%;--awb-spacing-left-medium:1.92%;--awb-width-small:100%;--awb-spacing-right-small:1.92%;--awb-spacing-left-small:1.92%;\"><div class=\"fusion-column-wrapper fusion-flex-justify-content-flex-start fusion-content-layout-column\"><div class=\"fusion-text fusion-text-7\"><h2><strong>A la d\u00e9couverte de votre haleine.<\/strong><\/h2>\n<p>Saviez-vous que vous pouviez avoir une mauvaise haleine sans le savoir ? De nombreuses personnes souffrent d\u2019halitose ou mauvaise haleine de fa\u00e7on habituelle, ind\u00e9pendamment de leur sexe, de leur \u00e2ge ou de leur classe sociale. L\u2019halitose peut en outre avoir de graves r\u00e9percussions sur l\u2019estime de soi et devenir un facteur de discrimination et d\u2019exclusion sociale. Si vous avez des doutes, nous vous invitons \u00e0 remplir nos questionnaires en ligne et ainsi conna\u00eetre le r\u00e9sultat imm\u00e9diatement.<\/p>\n<\/div><\/div><\/div><div class=\"fusion-layout-column fusion_builder_column fusion-builder-column-6 fusion_builder_column_2_3 2_3 fusion-flex-column\" style=\"--awb-bg-size:cover;--awb-width-large:66.666666666667%;--awb-margin-top-large:0px;--awb-spacing-right-large:2.88%;--awb-margin-bottom-large:20px;--awb-spacing-left-large:0%;--awb-width-medium:100%;--awb-spacing-right-medium:1.92%;--awb-spacing-left-medium:1.92%;--awb-width-small:100%;--awb-spacing-right-small:1.92%;--awb-spacing-left-small:1.92%;\"><div class=\"fusion-column-wrapper fusion-flex-justify-content-flex-start fusion-content-layout-column\"><div class=\"fusion-content-boxes content-boxes columns row fusion-columns-2 fusion-columns-total-2 fusion-content-boxes-1 content-boxes-icon-boxed content-left\" style=\"--awb-hover-accent-color:#008295;--awb-circle-hover-accent-color:#008295;\" data-animationOffset=\"top-into-view\"><div style=\"--awb-backgroundcolor:#d2edf0;\" class=\"fusion-column content-box-column content-box-column content-box-column-1 col-lg-6 col-md-6 col-sm-6 fusion-content-box-hover content-box-column-first-in-row\"><div class=\"col content-box-wrapper content-wrapper-background content-wrapper-boxed link-area-box link-type-button icon-hover-animation-pulsate\" data-link=\"http:\/\/www.institutodelaliento.com\/test-probabilidad-padecer-aliento-desagradable\/\" data-link-target=\"_self\" data-animationOffset=\"top-into-view\"><div class=\"heading icon-left\"><a class=\"heading-link\" href=\"http:\/\/www.institutodelaliento.com\/test-probabilidad-padecer-aliento-desagradable\/\" target=\"_self\"><h2 class=\"content-box-heading\" style=\"--h2_typography-font-size:22px;line-height:27px;\"> Test de probabilit\u00e9 d\u2019avoir une mauvaise haleine.<\/h2><\/a><\/div><div class=\"fusion-clearfix\"><\/div><div class=\"content-container\">\n<p>D\u00e9couvrez si la croyance que vous avez sur votre propre haleine est fond\u00e9e ou pas.<\/p>\n<\/div><div class=\"fusion-clearfix\"><\/div><a class=\"fusion-read-more-button fusion-content-box-button fusion-button button-default fusion-button-default-size button- button-flat\" href=\"http:\/\/www.institutodelaliento.com\/test-probabilidad-padecer-aliento-desagradable\/\" target=\"_self\"><span class=\"fusion-button-text\">FAIRE LE TEST EN LIGNE<\/span><\/a><div class=\"fusion-clearfix\"><\/div><\/div><\/div><div style=\"--awb-backgroundcolor:#c2e7eb;\" class=\"fusion-column content-box-column content-box-column content-box-column-2 col-lg-6 col-md-6 col-sm-6 fusion-content-box-hover content-box-column-last content-box-column-last-in-row\"><div class=\"col content-box-wrapper content-wrapper-background content-wrapper-boxed link-area-box link-type-button icon-hover-animation-pulsate\" data-link=\"http:\/\/www.institutodelaliento.com\/test-impacto-la-halitosis-la-calidad-vida\/\" data-link-target=\"_self\" data-animationOffset=\"top-into-view\"><div class=\"heading icon-left\"><a class=\"heading-link\" href=\"http:\/\/www.institutodelaliento.com\/test-impacto-la-halitosis-la-calidad-vida\/\" target=\"_self\"><h2 class=\"content-box-heading\" style=\"--h2_typography-font-size:22px;line-height:27px;\">Test d\u2019impact de l\u2019halitose sur votre qualit\u00e9 de vie.<\/h2><\/a><\/div><div class=\"fusion-clearfix\"><\/div><div class=\"content-container\">\n<p>D\u00e9couvrez l\u2019impact psychologique de votre haleine au quotidien.<\/p>\n<\/div><div class=\"fusion-clearfix\"><\/div><a class=\"fusion-read-more-button fusion-content-box-button fusion-button button-default fusion-button-default-size button- button-flat\" href=\"http:\/\/www.institutodelaliento.com\/test-impacto-la-halitosis-la-calidad-vida\/\" target=\"_self\"><span class=\"fusion-button-text\">FAIRE LE TEST EN LIGNE<\/span><\/a><div class=\"fusion-clearfix\"><\/div><\/div><\/div><div class=\"fusion-clearfix\"><\/div><\/div><\/div><\/div><\/div><\/div><\/p>\n","protected":false},"excerpt":{"rendered":"","protected":false},"author":2,"featured_media":0,"parent":1832,"menu_order":0,"comment_status":"closed","ping_status":"closed","template":"","meta":{"footnotes":""},"class_list":["post-1640","page","type-page","status-publish","hentry"],"_links":{"self":[{"href":"https:\/\/www.institutdelhaleine.be\/nl\/wp-json\/wp\/v2\/pages\/1640","targetHints":{"allow":["GET"]}}],"collection":[{"href":"https:\/\/www.institutdelhaleine.be\/nl\/wp-json\/wp\/v2\/pages"}],"about":[{"href":"https:\/\/www.institutdelhaleine.be\/nl\/wp-json\/wp\/v2\/types\/page"}],"author":[{"embeddable":true,"href":"https:\/\/www.institutdelhaleine.be\/nl\/wp-json\/wp\/v2\/users\/2"}],"replies":[{"embeddable":true,"href":"https:\/\/www.institutdelhaleine.be\/nl\/wp-json\/wp\/v2\/comments?post=1640"}],"version-history":[{"count":2,"href":"https:\/\/www.institutdelhaleine.be\/nl\/wp-json\/wp\/v2\/pages\/1640\/revisions"}],"predecessor-version":[{"id":1642,"href":"https:\/\/www.institutdelhaleine.be\/nl\/wp-json\/wp\/v2\/pages\/1640\/revisions\/1642"}],"up":[{"embeddable":true,"href":"https:\/\/www.institutdelhaleine.be\/nl\/wp-json\/wp\/v2\/pages\/1832"}],"wp:attachment":[{"href":"https:\/\/www.institutdelhaleine.be\/nl\/wp-json\/wp\/v2\/media?parent=1640"}],"curies":[{"name":"wp","href":"https:\/\/api.w.org\/{rel}","templated":true}]}}