{"id":1655,"date":"2020-02-11T09:20:19","date_gmt":"2020-02-11T09:20:19","guid":{"rendered":"https:\/\/www.institutdelhaleine.be\/peut-on-guerir-de-lhalitose-ou-mauvaise-haleine\/"},"modified":"2025-01-30T08:42:09","modified_gmt":"2025-01-30T08:42:09","slug":"peut-on-guerir-de-lhalitose-ou-mauvaise-haleine","status":"publish","type":"page","link":"https:\/\/www.institutdelhaleine.be\/nl\/les-questions-les-plus-frequentes-sur-lhalitose-ou-mauvaise-haleine\/peut-on-guerir-de-lhalitose-ou-mauvaise-haleine\/","title":{"rendered":"Peut-on gu\u00e9rir de l\u2019halitose ou mauvaise haleine?"},"content":{"rendered":"<p><div class=\"fusion-fullwidth fullwidth-box fusion-builder-row-1 fusion-flex-container nonhundred-percent-fullwidth non-hundred-percent-height-scrolling\" style=\"--awb-border-radius-top-left:0px;--awb-border-radius-top-right:0px;--awb-border-radius-bottom-right:0px;--awb-border-radius-bottom-left:0px;--awb-flex-wrap:wrap;\" ><div class=\"fusion-builder-row fusion-row fusion-flex-align-items-stretch fusion-flex-content-wrap\" style=\"max-width:1144px;margin-left: calc(-4% \/ 2 );margin-right: calc(-4% \/ 2 );\"><div class=\"fusion-layout-column fusion_builder_column fusion-builder-column-0 fusion_builder_column_1_4 1_4 fusion-flex-column\" style=\"--awb-padding-top:20px;--awb-padding-right:20px;--awb-padding-bottom:20px;--awb-padding-left:20px;--awb-bg-color:#dddddd;--awb-bg-color-hover:#dddddd;--awb-bg-size:cover;--awb-width-large:25%;--awb-margin-top-large:0px;--awb-spacing-right-large:0%;--awb-margin-bottom-large:20px;--awb-spacing-left-large:7.68%;--awb-width-medium:100%;--awb-spacing-right-medium:1.92%;--awb-spacing-left-medium:1.92%;--awb-width-small:100%;--awb-spacing-right-small:1.92%;--awb-spacing-left-small:1.92%;\"><div class=\"fusion-column-wrapper fusion-flex-justify-content-flex-start fusion-content-layout-column\"><div class=\"fusion-text fusion-text-1\"><h2><img decoding=\"async\" class=\"alignnone wp-image-733 size-large\" src=\"http:\/\/www.halito.pt\/wp-content\/uploads\/2017\/08\/doutor-jonas-nunes-alito-756x1024.jpg\" alt=\"doctor-jonas-nunes-halitosis\" width=\"756\" height=\"1024\"><\/h2>\n<h2><strong>Les 13 questions les plus fr\u00e9quentes sur la mauvaise haleine.<\/strong><\/h2>\n<p style=\"text-align: justify;\">Le <strong>Docteur Jonas Nunes,<\/strong> Directeur de <strong>l\u2019Institut de l\u2019Haleine<\/strong> et de <strong>l\u2019Unit\u00e9 Hospitali\u00e8re du Centre Teknon \u00e0 Barcelone<\/strong>, r\u00e9pond aux questions les plus fr\u00e9quentes sur l\u2019haleine humaine.<\/p>\n<\/div><\/div><\/div><div class=\"fusion-layout-column fusion_builder_column fusion-builder-column-1 fusion_builder_column_3_4 3_4 fusion-flex-column\" style=\"--awb-padding-top:20px;--awb-padding-right:20px;--awb-padding-bottom:20px;--awb-padding-left:20px;--awb-bg-color:#eeeeee;--awb-bg-color-hover:#eeeeee;--awb-bg-size:cover;--awb-width-large:75%;--awb-margin-top-large:0px;--awb-spacing-right-large:2.56%;--awb-margin-bottom-large:20px;--awb-spacing-left-large:0%;--awb-width-medium:100%;--awb-spacing-right-medium:1.92%;--awb-spacing-left-medium:1.92%;--awb-width-small:100%;--awb-spacing-right-small:1.92%;--awb-spacing-left-small:1.92%;\"><div class=\"fusion-column-wrapper fusion-flex-justify-content-flex-start fusion-content-layout-column\"><div class=\"fusion-text fusion-text-2\"><h2><strong>01. Peut-on gu\u00e9rir de l\u2019halitose ou mauvaise haleine?<\/strong><\/h2>\n<p>Le terme de \u00ab gu\u00e9rison \u00bb associ\u00e9 au concept de l\u2019halitose est utilis\u00e9 de fa\u00e7on abusive ou erron\u00e9e. Pour expliquer plus avant cet abus de langage, il faut d\u2019abord mentionner <strong>le taux de r\u00e9ussite<\/strong> <strong>du<\/strong> <a href=\"http:\/\/www.institutdelhaleine.be\/comment-nous-pouvons-vous-aider\/\"><strong>protocole clinique<\/strong><\/a> <strong>que nous utilisons<\/strong> <strong>\u00e0<\/strong> <a href=\"http:\/\/www.institutdelhaleine.be\/a-propos-de-nous\/\"><strong>l\u2019Institut de l\u2019Haleine<\/strong><\/a> <strong>: il s\u2019agit du taux le plus \u00e9lev\u00e9 \u00e0 ce jour avec un succ\u00e8s de pr\u00e8s de 97 % (valid\u00e9 par des institutions universitaires).<\/strong> Cela signifie que <strong>sur 100 patients qui viennent \u00e0 notre consultation, au moins 96 d\u2019entre eux cessent (compl\u00e8tement) d\u2019avoir une mauvaise haleine <\/strong>apr\u00e8s le traitement. Sur les 4 % restants, certains voient leur \u00e9tat s\u2019am\u00e9liorer partiellement, et d\u2019autres pas du tout. Ce sont des r\u00e9sultats tr\u00e8s positifs car il faut comprendre que tous ces patients se sont adress\u00e9s \u00e0 l\u2019Institut de l\u2019Haleine apr\u00e8s avoir consult\u00e9 de nombreux autres professionnels de la sant\u00e9, en ayant presque tout essay\u00e9, et finalement \u00e9taient convaincus que leur cas n\u2019avait pas de solution (on parle ici de patients avec une hygi\u00e8ne orale optimale et dont les causes d\u2019halitose n\u2019\u00e9taient pas apparentes). Les crit\u00e8res utilis\u00e9s dans l\u2019\u00e9tude \u00e9valuant le taux de r\u00e9ussite de notre traitement se basent sur une triple validation pour confirmer l\u2019\u00e9radication de l\u2019halitose <strong>: la confirmation de la part des membres de la famille, celle du confident ou \u201cjuge de l\u2019odeur\u201d, et celle des appareils sp\u00e9cialement con\u00e7us pour mesurer les substances odorantes naus\u00e9abondes (chromatographie gazeuse).<\/strong> <\/p>\n<blockquote>\n<h3 style=\"text-align: justify;\"><strong>&#8220;<em>Le terme de \u00ab gu\u00e9rison \u00bb associ\u00e9 au concept d\u2019halitose est utilis\u00e9 de fa\u00e7on abusive<\/em>&#8220;.<\/strong><\/h3>\n<\/blockquote>\n<p>En ce qui concerne le taux de r\u00e9ussite (96,6 %), une grande partie de ces cas a \u00e9t\u00e9 consid\u00e9r\u00e9e gu\u00e9rie (selon la signification que j\u2019attribue \u00e0 \u201cgu\u00e9rison\u201d, c\u2019est-\u00e0-dire que le patient n\u2019a plus jamais souffert de mauvaise haleine et ne n\u00e9cessite plus de soins particuliers pendant une longue p\u00e9riode). La gu\u00e9rison se produit, par exemple, dans les cas tr\u00e8s graves d\u2019halitose due \u00e0 une amygdalite cas\u00e9oleuse chronique. Apr\u00e8s l\u2019\u00e9limination chirurgicale du foyer infectieux (cryptes des amygdales), le patient ne refabrique pas de calculs amygdaliens et cela \u00e9limine donc d\u00e9finitivement l\u2019halitose. Toutefois, dans d\u2019autres cas, bien qu\u2019il existe une r\u00e9mission de l\u2019halitose, il serait peu rigoureux de consid\u00e9rer les patients comme \u201cgu\u00e9ris\u201d (je pr\u00e9f\u00e8re utiliser l\u2019expression de patients \u201ctrait\u00e9s\u201d) ; on peut citer par exemple les cas d\u2019halitose due \u00e0 l\u2019insuffisance salivaire (s\u00e9cheresse buccale).   <\/p>\n<p style=\"text-align: justify;\">En effet, gr\u00e2ce \u00e0 certaines th\u00e9rapies, et sur une p\u00e9riode donn\u00e9e, on peut observer une nette am\u00e9lioration de la fonction salivaire (par la prise r\u00e9guli\u00e8re de m\u00e9dicaments cholinergiques par exemple). Toutefois, cela ne signifie pas que, vingt ans plus tard, le patient n\u2019ait plus besoin de renouveler le traitement pendant quelques mois (les r\u00e9cidives surviennent chez certaines personnes plusieurs ann\u00e9es apr\u00e8s le traitement, avec une nette diminution du flux salivaire). Je consid\u00e8re le patient \u00ab trait\u00e9 \u00bb (puisqu\u2019il n\u2019a plus jamais manifest\u00e9 d\u2019halitose), mais son cas ne sera pas \u00ab clos \u00bb d\u00e9finitivement (il n\u00e9cessitera peut-\u00eatre un autre traitement plusieurs ann\u00e9es apr\u00e8s). C\u2019est pourquoi j\u2019affirme que le terme de \u00ab gu\u00e9rison \u00bb dans ces cas est abusif.   <\/p>\n<p>Un traitement r\u00e9el ne peut se r\u00e9sumer \u00e0 d\u00e9pendre de solutions orales qui ne font que masquer la mauvaise odeur (bains de bouche, ou chewing-gums \u00e0 la menthe par exemple) ; ces produits ont un effet peu durable et ne peuvent pas \u00eatre consid\u00e9r\u00e9s comme permettant un succ\u00e8s clinique (encore moins \u00eatre \u201cgu\u00e9ri\u201d ou \u201ctrait\u00e9\u201d). La tendance actuelle d\u2019utiliser de fa\u00e7on abusive le concept de \u00ab soin \u00bb ou de \u00ab gu\u00e9rison \u00bb dans une optique purement commerciale manque totalement d\u2019\u00e9thique \u00e0 mon sens. Dans de nombreux cas, il ne s\u2019agit pas d\u2019une gu\u00e9rison, mais d\u2019un contrat de d\u00e9pendance \u00e0 vie avec des produits qui ne font que masquer l\u2019odeur (effet \u00e0 court terme et besoin d\u2019utiliser ces produits plusieurs fois par jour).<\/p>\n<\/div><div style=\"text-align:right;\"><a class=\"fusion-button button-flat button-medium button-default fusion-button-default button-1 fusion-button-default-span fusion-button-default-type\" style=\"--button-border-radius-top-left:2px;--button-border-radius-top-right:2px;--button-border-radius-bottom-right:2px;--button-border-radius-bottom-left:2px;\" target=\"_self\" href=\"http:\/\/www.institutdelhaleine.be\/les-questions-les-plus-frequentes-sur-lhalitose-ou-mauvaise-haleine\/comment-combattre-eliminer-soigner-lhalitose-ou-mauvaise-odeur\/\"><span class=\"fusion-button-text awb-button__text awb-button__text--default\">Voir la prochaine question<\/span><\/a><\/div><\/div><\/div><\/div><\/div><div class=\"fusion-fullwidth fullwidth-box fusion-builder-row-2 fusion-flex-container nonhundred-percent-fullwidth non-hundred-percent-height-scrolling\" style=\"--awb-border-radius-top-left:0px;--awb-border-radius-top-right:0px;--awb-border-radius-bottom-right:0px;--awb-border-radius-bottom-left:0px;--awb-flex-wrap:wrap;\" ><div class=\"fusion-builder-row fusion-row fusion-flex-align-items-flex-start fusion-flex-content-wrap\" style=\"max-width:1144px;margin-left: calc(-4% \/ 2 );margin-right: calc(-4% \/ 2 );\"><div class=\"fusion-layout-column fusion_builder_column fusion-builder-column-2 fusion_builder_column_1_4 1_4 fusion-flex-column\" style=\"--awb-padding-top:20px;--awb-padding-right:20px;--awb-padding-bottom:20px;--awb-padding-left:20px;--awb-bg-size:cover;--awb-width-large:25%;--awb-margin-top-large:0px;--awb-spacing-right-large:7.68%;--awb-margin-bottom-large:20px;--awb-spacing-left-large:7.68%;--awb-width-medium:100%;--awb-spacing-right-medium:1.92%;--awb-spacing-left-medium:1.92%;--awb-width-small:100%;--awb-spacing-right-small:1.92%;--awb-spacing-left-small:1.92%;\"><div class=\"fusion-column-wrapper fusion-flex-justify-content-flex-start fusion-content-layout-column\"><div class=\"fusion-text fusion-text-3\"><h2><strong>Soigner ou traiter l\u2019halitose ou mauvaise haleine<\/strong><\/h2>\n<p>01.  <a href=\"http:\/\/www.institutdelhaleine.be\/les-questions-les-plus-frequentes-sur-lhalitose-ou-mauvaise-haleine\/peut-on-guerir-de-lhalitose-ou-mauvaise-haleine\/\">Peut-on gu\u00e9rir de l\u2019halitose ou mauvaise haleine?<\/a><br \/>\n02.  <a href=\"http:\/\/www.institutdelhaleine.be\/les-questions-les-plus-frequentes-sur-lhalitose-ou-mauvaise-haleine\/comment-combattre-eliminer-soigner-lhalitose-ou-mauvaise-odeur\/\">Comment combattre, \u00e9liminer, soigner l\u2019halitose ou mauvaise haleine?<\/a><\/p>\n<h2><strong>Causes et types d\u2019halitose ou mauvaise haleine<\/strong><\/h2>\n<p>03.  <a href=\"http:\/\/www.institutdelhaleine.be\/les-questions-les-plus-frequentes-sur-lhalitose-ou-mauvaise-haleine\/quest-ce-qui-provoque-lhalitose-ou-mauvaise-haleine\/\">Qu\u2019est-ce qui provoque l\u2019halitose ou mauvaise haleine?<\/a><br \/>\n04.  <a href=\"http:\/\/www.institutdelhaleine.be\/les-questions-les-plus-frequentes-sur-lhalitose-ou-mauvaise-haleine\/quels-sont-les-differents-types-dhalitose\/\">Quels sont les diff\u00e9rents types d\u2019halitose?<\/a><br \/>\n05.  <a href=\"http:\/\/www.institutdelhaleine.be\/les-questions-les-plus-frequentes-sur-lhalitose-ou-mauvaise-haleine\/la-cause-de-lhalitose-ou-mauvaise-haleine-provient-elle-de-lestomac\/\">La cause de l\u2019halitose ou mauvaise haleine provient-elle de l\u2019estomac?<\/a><br \/>\n06.  <a href=\"http:\/\/www.institutdelhaleine.be\/les-questions-les-plus-frequentes-sur-lhalitose-ou-mauvaise-haleine\/quelles-sont-les-causes-de-mauvaise-haleine-chez-les-bebes-et-ou-enfants\/\">Quelles sont les causes de mauvaise haleine chez les b\u00e9b\u00e9s et\/ou enfants?<\/a><\/p>\n<\/div><\/div><\/div><div class=\"fusion-layout-column fusion_builder_column fusion-builder-column-3 fusion_builder_column_1_3 1_3 fusion-flex-column\" style=\"--awb-padding-top:20px;--awb-padding-right:20px;--awb-padding-bottom:20px;--awb-padding-left:20px;--awb-bg-size:cover;--awb-width-large:33.333333333333%;--awb-margin-top-large:0px;--awb-spacing-right-large:0%;--awb-margin-bottom-large:20px;--awb-spacing-left-large:5.76%;--awb-width-medium:100%;--awb-spacing-right-medium:1.92%;--awb-spacing-left-medium:1.92%;--awb-width-small:100%;--awb-spacing-right-small:1.92%;--awb-spacing-left-small:1.92%;\"><div class=\"fusion-column-wrapper fusion-flex-justify-content-flex-start fusion-content-layout-column\"><div class=\"fusion-text fusion-text-4\"><h2><strong>Diagnostic et traitement de l\u2019halitose ou mauvaise haleine<\/strong><\/h2>\n<p>07.  <a href=\"http:\/\/www.institutdelhaleine.be\/les-questions-les-plus-frequentes-sur-lhalitose-ou-mauvaise-haleine\/existe-t-il-des-appareils-pour-mesurer-lhalitose-ou-mauvaise-haleine\/\">Existe-t-il des appareils pour mesurer l\u2019halitose ou mauvaise haleine?<\/a><br \/>\n08.  <a href=\"http:\/\/www.institutdelhaleine.be\/les-questions-les-plus-frequentes-sur-lhalitose-ou-mauvaise-haleine\/comment-fonctionne-une-consultation-de-lhalitose\/\">Comment fonctionne une consultation de l\u2019halitose?<\/a><br \/>\n09.  <a href=\"http:\/\/www.institutdelhaleine.be\/les-questions-les-plus-frequentes-sur-lhalitose-ou-mauvaise-haleine\/combien-coute-un-traitement-complet-pour-eradiquer-lhalitose\/\">Combien co\u00fbte un traitement complet pour \u00e9radiquer l\u2019halitose?<\/a><\/p>\n<\/div><\/div><\/div><div class=\"fusion-layout-column fusion_builder_column fusion-builder-column-4 fusion_builder_column_2_5 2_5 fusion-flex-column\" style=\"--awb-padding-top:20px;--awb-padding-right:20px;--awb-padding-bottom:20px;--awb-padding-left:20px;--awb-bg-size:cover;--awb-width-large:40%;--awb-margin-top-large:0px;--awb-spacing-right-large:4.8%;--awb-margin-bottom-large:20px;--awb-spacing-left-large:0%;--awb-width-medium:100%;--awb-spacing-right-medium:1.92%;--awb-spacing-left-medium:1.92%;--awb-width-small:100%;--awb-spacing-right-small:1.92%;--awb-spacing-left-small:1.92%;\"><div class=\"fusion-column-wrapper fusion-flex-justify-content-flex-start fusion-content-layout-column\"><div class=\"fusion-text fusion-text-5\"><h2><strong>Pr\u00e9venir et \u00e9viter l\u2019halitose ou mauvaise haleine<\/strong><\/h2>\n<p>10.  <a href=\"http:\/\/www.institutdelhaleine.be\/les-questions-les-plus-frequentes-sur-lhalitose-ou-mauvaise-haleine\/comment-eviter-et-ou-prevenir-lhalitose\/\">Comment \u00e9viter et\/ou pr\u00e9venir l\u2019halitose?<\/a><br \/>\n11.  <a href=\"http:\/\/www.institutdelhaleine.be\/les-questions-les-plus-frequentes-sur-lhalitose-ou-mauvaise-haleine\/quels-types-de-chewing-gums-ou-de-bains-de-bouche-dois-je-utiliser-pour-eliminer-lhalitose-ou-mauvaise-haleine\/\">Quels types de chewing-gums ou de bains de bouche dois-je utiliser pour \u00e9liminer l\u2019halitose ou mauvaise haleine?<\/a><br \/>\n12.  <a href=\"http:\/\/www.institutdelhaleine.be\/les-questions-les-plus-frequentes-sur-lhalitose-ou-mauvaise-haleine\/quels-remedes-maison-naturels-ou-solutions-naturelles-existe-t-il-actuellement-pour-lutter-contre-lhalitose\/\">Quels rem\u00e8des maison\/naturels ou solutions naturelles existe-t-il actuellement pour lutter contre l\u2019halitose?<\/a><\/p>\n<h2>Solution \u00e0 l\u2019halitose ou mauvaise haleine<\/h2>\n<p>13.  <a href=\"http:\/\/www.institutdelhaleine.be\/les-questions-les-plus-frequentes-sur-lhalitose-ou-mauvaise-haleine\/est-il-vrai-quil-existe-une-solution-pour-se-debarrasser-de-la-mauvaise-haleine\/\">Est-il vrai qu\u2019il existe une solution pour se d\u00e9barrasser de la mauvaise haleine?<\/a><\/p>\n<\/div><\/div><\/div><\/div><\/div><div class=\"fusion-fullwidth fullwidth-box fusion-builder-row-3 fusion-flex-container nonhundred-percent-fullwidth non-hundred-percent-height-scrolling\" style=\"--awb-border-radius-top-left:0px;--awb-border-radius-top-right:0px;--awb-border-radius-bottom-right:0px;--awb-border-radius-bottom-left:0px;--awb-padding-top:0px;--awb-padding-right:0px;--awb-padding-bottom:0px;--awb-padding-left:0px;--awb-margin-top:0px;--awb-margin-bottom:0px;--awb-flex-wrap:wrap;\" ><div class=\"fusion-builder-row fusion-row fusion-flex-align-items-flex-start fusion-flex-content-wrap\" style=\"max-width:1144px;margin-left: calc(-4% \/ 2 );margin-right: calc(-4% \/ 2 );\"><div class=\"fusion-layout-column fusion_builder_column fusion-builder-column-5 fusion_builder_column_1_3 1_3 fusion-flex-column\" style=\"--awb-padding-top:20px;--awb-padding-right:20px;--awb-padding-bottom:15px;--awb-padding-left:20px;--awb-bg-color:#eeeeee;--awb-bg-color-hover:#eeeeee;--awb-bg-size:cover;--awb-width-large:33.333333333333%;--awb-margin-top-large:0px;--awb-spacing-right-large:0%;--awb-margin-bottom-large:20px;--awb-spacing-left-large:5.76%;--awb-width-medium:100%;--awb-spacing-right-medium:1.92%;--awb-spacing-left-medium:1.92%;--awb-width-small:100%;--awb-spacing-right-small:1.92%;--awb-spacing-left-small:1.92%;\"><div class=\"fusion-column-wrapper fusion-flex-justify-content-flex-start fusion-content-layout-column\"><div class=\"fusion-text fusion-text-6\"><h2><strong>A la d\u00e9couverte de votre haleine.<\/strong><\/h2>\n<p>Saviez-vous que vous pouviez avoir une mauvaise haleine sans le savoir ? De nombreuses personnes souffrent d\u2019halitose ou mauvaise haleine de fa\u00e7on habituelle, ind\u00e9pendamment de leur sexe, de leur \u00e2ge ou de leur classe sociale. L\u2019halitose peut en outre avoir de graves r\u00e9percussions sur l\u2019estime de soi et devenir un facteur de discrimination et d\u2019exclusion sociale. Si vous avez des doutes, nous vous invitons \u00e0 remplir nos questionnaires en ligne et ainsi conna\u00eetre le r\u00e9sultat imm\u00e9diatement.<\/p>\n<\/div><\/div><\/div><div class=\"fusion-layout-column fusion_builder_column fusion-builder-column-6 fusion_builder_column_2_3 2_3 fusion-flex-column\" style=\"--awb-bg-size:cover;--awb-width-large:66.666666666667%;--awb-margin-top-large:0px;--awb-spacing-right-large:2.88%;--awb-margin-bottom-large:20px;--awb-spacing-left-large:0%;--awb-width-medium:100%;--awb-spacing-right-medium:1.92%;--awb-spacing-left-medium:1.92%;--awb-width-small:100%;--awb-spacing-right-small:1.92%;--awb-spacing-left-small:1.92%;\"><div class=\"fusion-column-wrapper fusion-flex-justify-content-flex-start fusion-content-layout-column\"><div class=\"fusion-content-boxes content-boxes columns row fusion-columns-2 fusion-columns-total-2 fusion-content-boxes-1 content-boxes-icon-boxed content-left\" style=\"--awb-hover-accent-color:#008295;--awb-circle-hover-accent-color:#008295;\" data-animationOffset=\"top-into-view\"><div style=\"--awb-backgroundcolor:#d2edf0;\" class=\"fusion-column content-box-column content-box-column content-box-column-1 col-lg-6 col-md-6 col-sm-6 fusion-content-box-hover content-box-column-first-in-row\"><div class=\"col content-box-wrapper content-wrapper-background content-wrapper-boxed link-area-box link-type-button icon-hover-animation-pulsate\" data-link=\"http:\/\/www.institutodelaliento.com\/test-probabilidad-padecer-aliento-desagradable\/\" data-link-target=\"_self\" data-animationOffset=\"top-into-view\"><div class=\"heading icon-left\"><a class=\"heading-link\" href=\"http:\/\/www.institutodelaliento.com\/test-probabilidad-padecer-aliento-desagradable\/\" target=\"_self\"><h2 class=\"content-box-heading\" style=\"--h2_typography-font-size:22px;line-height:27px;\"> Test de probabilit\u00e9 d\u2019avoir une mauvaise haleine.<\/h2><\/a><\/div><div class=\"fusion-clearfix\"><\/div><div class=\"content-container\">\n<p>D\u00e9couvrez si la croyance que vous avez sur votre propre haleine est fond\u00e9e ou pas.<\/p>\n<\/div><div class=\"fusion-clearfix\"><\/div><a class=\"fusion-read-more-button fusion-content-box-button fusion-button button-default fusion-button-default-size button- button-flat\" href=\"http:\/\/www.institutodelaliento.com\/test-probabilidad-padecer-aliento-desagradable\/\" target=\"_self\"><span class=\"fusion-button-text\">FAIRE LE TEST EN LIGNE<\/span><\/a><div class=\"fusion-clearfix\"><\/div><\/div><\/div><div style=\"--awb-backgroundcolor:#c2e7eb;\" class=\"fusion-column content-box-column content-box-column content-box-column-2 col-lg-6 col-md-6 col-sm-6 fusion-content-box-hover content-box-column-last content-box-column-last-in-row\"><div class=\"col content-box-wrapper content-wrapper-background content-wrapper-boxed link-area-box link-type-button icon-hover-animation-pulsate\" data-link=\"http:\/\/www.institutodelaliento.com\/test-impacto-la-halitosis-la-calidad-vida\/\" data-link-target=\"_self\" data-animationOffset=\"top-into-view\"><div class=\"heading icon-left\"><a class=\"heading-link\" href=\"http:\/\/www.institutodelaliento.com\/test-impacto-la-halitosis-la-calidad-vida\/\" target=\"_self\"><h2 class=\"content-box-heading\" style=\"--h2_typography-font-size:22px;line-height:27px;\">Test d\u2019impact de l\u2019halitose sur votre qualit\u00e9 de vie.<\/h2><\/a><\/div><div class=\"fusion-clearfix\"><\/div><div class=\"content-container\">\n<p>D\u00e9couvrez l\u2019impact psychologique de votre haleine au quotidien.<\/p>\n<\/div><div class=\"fusion-clearfix\"><\/div><a class=\"fusion-read-more-button fusion-content-box-button fusion-button button-default fusion-button-default-size button- button-flat\" href=\"http:\/\/www.institutodelaliento.com\/test-impacto-la-halitosis-la-calidad-vida\/\" target=\"_self\"><span class=\"fusion-button-text\">FAIRE LE TEST EN LIGNE<\/span><\/a><div class=\"fusion-clearfix\"><\/div><\/div><\/div><div class=\"fusion-clearfix\"><\/div><\/div><\/div><\/div><\/div><\/div><\/p>\n","protected":false},"excerpt":{"rendered":"","protected":false},"author":2,"featured_media":0,"parent":1832,"menu_order":0,"comment_status":"closed","ping_status":"closed","template":"","meta":{"footnotes":""},"class_list":["post-1655","page","type-page","status-publish","hentry"],"_links":{"self":[{"href":"https:\/\/www.institutdelhaleine.be\/nl\/wp-json\/wp\/v2\/pages\/1655","targetHints":{"allow":["GET"]}}],"collection":[{"href":"https:\/\/www.institutdelhaleine.be\/nl\/wp-json\/wp\/v2\/pages"}],"about":[{"href":"https:\/\/www.institutdelhaleine.be\/nl\/wp-json\/wp\/v2\/types\/page"}],"author":[{"embeddable":true,"href":"https:\/\/www.institutdelhaleine.be\/nl\/wp-json\/wp\/v2\/users\/2"}],"replies":[{"embeddable":true,"href":"https:\/\/www.institutdelhaleine.be\/nl\/wp-json\/wp\/v2\/comments?post=1655"}],"version-history":[{"count":2,"href":"https:\/\/www.institutdelhaleine.be\/nl\/wp-json\/wp\/v2\/pages\/1655\/revisions"}],"predecessor-version":[{"id":1657,"href":"https:\/\/www.institutdelhaleine.be\/nl\/wp-json\/wp\/v2\/pages\/1655\/revisions\/1657"}],"up":[{"embeddable":true,"href":"https:\/\/www.institutdelhaleine.be\/nl\/wp-json\/wp\/v2\/pages\/1832"}],"wp:attachment":[{"href":"https:\/\/www.institutdelhaleine.be\/nl\/wp-json\/wp\/v2\/media?parent=1655"}],"curies":[{"name":"wp","href":"https:\/\/api.w.org\/{rel}","templated":true}]}}