{"id":1658,"date":"2020-02-11T10:36:09","date_gmt":"2020-02-11T10:36:09","guid":{"rendered":"https:\/\/www.institutdelhaleine.be\/quest-ce-qui-provoque-lhalitose-ou-mauvaise-haleine\/"},"modified":"2025-01-30T08:42:09","modified_gmt":"2025-01-30T08:42:09","slug":"quest-ce-qui-provoque-lhalitose-ou-mauvaise-haleine","status":"publish","type":"page","link":"https:\/\/www.institutdelhaleine.be\/nl\/les-questions-les-plus-frequentes-sur-lhalitose-ou-mauvaise-haleine\/quest-ce-qui-provoque-lhalitose-ou-mauvaise-haleine\/","title":{"rendered":"Qu\u2019est-ce qui provoque l\u2019halitose ou mauvaise haleine?"},"content":{"rendered":"<p><div class=\"fusion-fullwidth fullwidth-box fusion-builder-row-1 fusion-flex-container nonhundred-percent-fullwidth non-hundred-percent-height-scrolling\" style=\"--awb-border-radius-top-left:0px;--awb-border-radius-top-right:0px;--awb-border-radius-bottom-right:0px;--awb-border-radius-bottom-left:0px;--awb-flex-wrap:wrap;\" ><div class=\"fusion-builder-row fusion-row fusion-flex-align-items-stretch fusion-flex-content-wrap\" style=\"max-width:1144px;margin-left: calc(-4% \/ 2 );margin-right: calc(-4% \/ 2 );\"><div class=\"fusion-layout-column fusion_builder_column fusion-builder-column-0 fusion_builder_column_1_4 1_4 fusion-flex-column\" style=\"--awb-padding-top:20px;--awb-padding-right:20px;--awb-padding-bottom:20px;--awb-padding-left:20px;--awb-bg-color:#dddddd;--awb-bg-color-hover:#dddddd;--awb-bg-size:cover;--awb-width-large:25%;--awb-margin-top-large:0px;--awb-spacing-right-large:0%;--awb-margin-bottom-large:20px;--awb-spacing-left-large:7.68%;--awb-width-medium:100%;--awb-spacing-right-medium:1.92%;--awb-spacing-left-medium:1.92%;--awb-width-small:100%;--awb-spacing-right-small:1.92%;--awb-spacing-left-small:1.92%;\"><div class=\"fusion-column-wrapper fusion-flex-justify-content-flex-start fusion-content-layout-column\"><div class=\"fusion-text fusion-text-1\"><h2><img decoding=\"async\" class=\"alignnone wp-image-733 size-large\" src=\"http:\/\/www.halito.pt\/wp-content\/uploads\/2017\/08\/doutor-jonas-nunes-alito-756x1024.jpg\" alt=\"doctor-jonas-nunes-halitosis\" width=\"756\" height=\"1024\"><\/h2>\n<h2><strong>Les 13 questions les plus fr\u00e9quentes sur la mauvaise haleine.<\/strong><\/h2>\n<p style=\"text-align: justify;\">Le <strong><a href=\"http:\/\/www.institutdelhaleine.be\/le-professeur-et-docteur-jonas-nunes\/\">Docteur Jonas Nunes<\/a>,<\/strong> Directeur de <strong>l\u2019Institut de l\u2019Haleine<\/strong> et de <strong>l\u2019Unit\u00e9 Hospitali\u00e8re du Centre Teknon \u00e0 Barcelone<\/strong>, r\u00e9pond aux questions les plus fr\u00e9quentes sur l\u2019haleine humaine.<\/p>\n<\/div><\/div><\/div><div class=\"fusion-layout-column fusion_builder_column fusion-builder-column-1 fusion_builder_column_3_4 3_4 fusion-flex-column\" style=\"--awb-padding-top:20px;--awb-padding-right:20px;--awb-padding-bottom:20px;--awb-padding-left:20px;--awb-bg-color:#eeeeee;--awb-bg-color-hover:#eeeeee;--awb-bg-size:cover;--awb-width-large:75%;--awb-margin-top-large:0px;--awb-spacing-right-large:2.56%;--awb-margin-bottom-large:20px;--awb-spacing-left-large:0%;--awb-width-medium:100%;--awb-spacing-right-medium:1.92%;--awb-spacing-left-medium:1.92%;--awb-width-small:100%;--awb-spacing-right-small:1.92%;--awb-spacing-left-small:1.92%;\"><div class=\"fusion-column-wrapper fusion-flex-justify-content-flex-start fusion-content-layout-column\"><div class=\"fusion-text fusion-text-2\"><h2><strong>03. Qu\u2019est-ce qui provoque l\u2019halitose ou mauvaise haleine?<\/strong><\/h2>\n<p style=\"text-align: justify;\">Un rapport publi\u00e9 en 2010 par l\u2019Institut de l\u2019Haleine indique que la <strong>majorit\u00e9 des patients<\/strong> (60 %) qui ont sollicit\u00e9 un traitement dans nos centres cliniques partenaires souffrent <strong>d\u2019halitose d\u2019origine orale<\/strong>. Toutefois, la proportion de cas d\u2019halitose en lien avec la bouche a diminu\u00e9 ces derni\u00e8res ann\u00e9es. Cela signifie que le nombre de patients qui recherchent un traitement pour une cause dont l\u2019origine n\u2019est pas orale est en constante augmentation. Cela s\u2019explique probablement par la sensibilisation croissante de la population \u00e0 la n\u00e9cessit\u00e9 de prendre soin de son hygi\u00e8ne bucco-dentaire (il est rare qu\u2019une personne pr\u00e9sentant une mauvaise hygi\u00e8ne nous consulte), mais aussi par la facilit\u00e9 d\u2019acc\u00e8s \u00e0 des \u00e9tablissements cliniques de diagnostic.   <\/p>\n<h3><strong>&#8220;La majorit\u00e9 des patients (60 %) qui ont sollicit\u00e9 un traitement dans les centres cliniques partenaires souffrent d\u2019une halitose d\u2019origine orale&#8221;.<\/strong><\/h3>\n<p>Les causes extra-orales (venant de <strong>l\u2019appareil respiratoire<\/strong>, du <strong>tube digestif<\/strong> ou <strong>d\u2019origine syst\u00e9mique<\/strong>) sont responsables d\u2019environ 17 % des cas diagnostiqu\u00e9s par l\u2019Institut de l\u2019Haleine et cette tendance est en augmentation. Ces causes requi\u00e8rent un diagnostic plus complexe et n\u00e9cessitent une <strong>technologie plus avanc\u00e9e<\/strong> ; elles ne peuvent g\u00e9n\u00e9ralement \u00eatre d\u00e9tect\u00e9es que dans le cadre d\u2019une consultation sp\u00e9cialis\u00e9e en halitose. Les 23% restants des patients nous consultant n\u2019ont pas pu \u00eatre diagnostiqu\u00e9s comme souffrant de cette maladie parce qu\u2019ils n\u2019avaient pas de v\u00e9ritable halitose (ils avaient simplement une mauvaise auto-perception de leur haleine).  <\/p>\n<p style=\"text-align: justify;\">Certaines conditions telles que la diminution de la s\u00e9cr\u00e9tion salivaire, les probl\u00e8mes digestifs, le stress\/l\u2019anxi\u00e9t\u00e9, peuvent entra\u00eener une v\u00e9ritable halitose dans certains cas, mais g\u00e9n\u00e9ralement elles produisent des sensations gustatives qui sont per\u00e7ues comme des sensations olfactives et induisent la personne \u00e0 croire qu\u2019elle a mauvaise haleine. Toutefois on ne peut pas parler d\u2019halitose psychologique, car il existe une cause r\u00e9elle d\u2019origine organique qui la d\u00e9clenche et peut \u00eatre trait\u00e9e. La liste compl\u00e8te de toutes les maladies susceptibles de provoquer une halitose est pr\u00e9sent\u00e9e dans la section \u00ab <strong>Qu\u2019est-ce que l\u2019halitose<\/strong> ? \u00bb de ce site.   <\/p>\n<\/div><div class=\"fusion-text fusion-text-3\"><p><div class=\"fusion-alignleft\"><a class=\"fusion-button button-flat fusion-button-default-size button-default fusion-button-default button-1 fusion-button-default-span fusion-button-default-type\" style=\"--button-border-radius-top-left:2px;--button-border-radius-top-right:2px;--button-border-radius-bottom-right:2px;--button-border-radius-bottom-left:2px;\" target=\"_self\" href=\"http:\/\/www.institutodelaliento.com\/preguntas-frecuentes-sobre-el-mal-aliento\/combatir-eliminar-curar-la-halitosis-mal-aliento\/\"><span class=\"fusion-button-text awb-button__text awb-button__text--default\">Voir la question ant\u00e9rieure<\/span><\/a><\/div> <div class=\"fusion-alignright\"><a class=\"fusion-button button-flat fusion-button-default-size button-default fusion-button-default button-2 fusion-button-default-span fusion-button-default-type\" style=\"--button-border-radius-top-left:2px;--button-border-radius-top-right:2px;--button-border-radius-bottom-right:2px;--button-border-radius-bottom-left:2px;\" target=\"_self\" href=\"http:\/\/www.institutodelaliento.com\/preguntas-frecuentes-sobre-el-mal-aliento\/que-tipos-de-halitosis-existen\/\"><span class=\"fusion-button-text awb-button__text awb-button__text--default\">Voir la question suivante<\/span><\/a><\/div><\/p>\n<\/div><\/div><\/div><\/div><\/div><div class=\"fusion-fullwidth fullwidth-box fusion-builder-row-2 fusion-flex-container nonhundred-percent-fullwidth non-hundred-percent-height-scrolling\" style=\"--awb-border-radius-top-left:0px;--awb-border-radius-top-right:0px;--awb-border-radius-bottom-right:0px;--awb-border-radius-bottom-left:0px;--awb-flex-wrap:wrap;\" ><div class=\"fusion-builder-row fusion-row fusion-flex-align-items-flex-start fusion-flex-content-wrap\" style=\"max-width:1144px;margin-left: calc(-4% \/ 2 );margin-right: calc(-4% \/ 2 );\"><div class=\"fusion-layout-column fusion_builder_column fusion-builder-column-2 fusion_builder_column_1_4 1_4 fusion-flex-column\" style=\"--awb-padding-top:20px;--awb-padding-right:20px;--awb-padding-bottom:20px;--awb-padding-left:20px;--awb-bg-size:cover;--awb-width-large:25%;--awb-margin-top-large:0px;--awb-spacing-right-large:7.68%;--awb-margin-bottom-large:20px;--awb-spacing-left-large:7.68%;--awb-width-medium:100%;--awb-spacing-right-medium:1.92%;--awb-spacing-left-medium:1.92%;--awb-width-small:100%;--awb-spacing-right-small:1.92%;--awb-spacing-left-small:1.92%;\"><div class=\"fusion-column-wrapper fusion-flex-justify-content-flex-start fusion-content-layout-column\"><div class=\"fusion-text fusion-text-4\"><h2><strong>Soigner ou traiter l\u2019halitose ou mauvaise haleine<\/strong><\/h2>\n<p>01.  <a href=\"http:\/\/www.institutdelhaleine.be\/les-questions-les-plus-frequentes-sur-lhalitose-ou-mauvaise-haleine\/peut-on-guerir-de-lhalitose-ou-mauvaise-haleine\/\">Peut-on gu\u00e9rir de l\u2019halitose ou mauvaise haleine?<\/a><br \/>\n02.  <a href=\"http:\/\/www.institutdelhaleine.be\/les-questions-les-plus-frequentes-sur-lhalitose-ou-mauvaise-haleine\/comment-combattre-eliminer-soigner-lhalitose-ou-mauvaise-odeur\/\">Comment combattre, \u00e9liminer, soigner l\u2019halitose ou mauvaise haleine?<\/a><\/p>\n<h2><strong>Causes et types d\u2019halitose ou mauvaise haleine<\/strong><\/h2>\n<p>03.  <a href=\"http:\/\/www.institutdelhaleine.be\/les-questions-les-plus-frequentes-sur-lhalitose-ou-mauvaise-haleine\/quest-ce-qui-provoque-lhalitose-ou-mauvaise-haleine\/\">Qu\u2019est-ce qui provoque l\u2019halitose ou mauvaise haleine?<\/a><br \/>\n04.  <a href=\"http:\/\/www.institutdelhaleine.be\/les-questions-les-plus-frequentes-sur-lhalitose-ou-mauvaise-haleine\/quels-sont-les-differents-types-dhalitose\/\">Quels sont les diff\u00e9rents types d\u2019halitose?<\/a><br \/>\n05.  <a href=\"http:\/\/www.institutdelhaleine.be\/les-questions-les-plus-frequentes-sur-lhalitose-ou-mauvaise-haleine\/la-cause-de-lhalitose-ou-mauvaise-haleine-provient-elle-de-lestomac\/\">La cause de l\u2019halitose ou mauvaise haleine provient-elle de l\u2019estomac?<\/a><br \/>\n06.  <a href=\"http:\/\/www.institutdelhaleine.be\/les-questions-les-plus-frequentes-sur-lhalitose-ou-mauvaise-haleine\/quelles-sont-les-causes-de-mauvaise-haleine-chez-les-bebes-et-ou-enfants\/\">Quelles sont les causes de mauvaise haleine chez les b\u00e9b\u00e9s et\/ou enfants?<\/a><\/p>\n<\/div><\/div><\/div><div class=\"fusion-layout-column fusion_builder_column fusion-builder-column-3 fusion_builder_column_1_3 1_3 fusion-flex-column\" style=\"--awb-padding-top:20px;--awb-padding-right:20px;--awb-padding-bottom:20px;--awb-padding-left:20px;--awb-bg-size:cover;--awb-width-large:33.333333333333%;--awb-margin-top-large:0px;--awb-spacing-right-large:0%;--awb-margin-bottom-large:20px;--awb-spacing-left-large:5.76%;--awb-width-medium:100%;--awb-spacing-right-medium:1.92%;--awb-spacing-left-medium:1.92%;--awb-width-small:100%;--awb-spacing-right-small:1.92%;--awb-spacing-left-small:1.92%;\"><div class=\"fusion-column-wrapper fusion-flex-justify-content-flex-start fusion-content-layout-column\"><div class=\"fusion-text fusion-text-5\"><h2><strong>Diagnostic et traitement de l\u2019halitose ou mauvaise haleine<\/strong><\/h2>\n<p>07.  <a href=\"http:\/\/www.institutdelhaleine.be\/les-questions-les-plus-frequentes-sur-lhalitose-ou-mauvaise-haleine\/existe-t-il-des-appareils-pour-mesurer-lhalitose-ou-mauvaise-haleine\/\">Existe-t-il des appareils pour mesurer l\u2019halitose ou mauvaise haleine?<\/a><br \/>\n08.  <a href=\"http:\/\/www.institutdelhaleine.be\/les-questions-les-plus-frequentes-sur-lhalitose-ou-mauvaise-haleine\/comment-fonctionne-une-consultation-de-lhalitose\/\">Comment fonctionne une consultation de l\u2019halitose?<\/a><br \/>\n09.  <a href=\"http:\/\/www.institutdelhaleine.be\/les-questions-les-plus-frequentes-sur-lhalitose-ou-mauvaise-haleine\/combien-coute-un-traitement-complet-pour-eradiquer-lhalitose\/\">Combien co\u00fbte un traitement complet pour \u00e9radiquer l\u2019halitose?<\/a><\/p>\n<\/div><\/div><\/div><div class=\"fusion-layout-column fusion_builder_column fusion-builder-column-4 fusion_builder_column_2_5 2_5 fusion-flex-column\" style=\"--awb-padding-top:20px;--awb-padding-right:20px;--awb-padding-bottom:20px;--awb-padding-left:20px;--awb-bg-size:cover;--awb-width-large:40%;--awb-margin-top-large:0px;--awb-spacing-right-large:4.8%;--awb-margin-bottom-large:20px;--awb-spacing-left-large:0%;--awb-width-medium:100%;--awb-spacing-right-medium:1.92%;--awb-spacing-left-medium:1.92%;--awb-width-small:100%;--awb-spacing-right-small:1.92%;--awb-spacing-left-small:1.92%;\"><div class=\"fusion-column-wrapper fusion-flex-justify-content-flex-start fusion-content-layout-column\"><div class=\"fusion-text fusion-text-6\"><h2><strong>Pr\u00e9venir et \u00e9viter l\u2019halitose ou mauvaise haleine<\/strong><\/h2>\n<p>10.  <a href=\"http:\/\/www.institutdelhaleine.be\/les-questions-les-plus-frequentes-sur-lhalitose-ou-mauvaise-haleine\/comment-eviter-et-ou-prevenir-lhalitose\/\">Comment \u00e9viter et\/ou pr\u00e9venir l\u2019halitose?<\/a><br \/>\n11.  <a href=\"http:\/\/www.institutdelhaleine.be\/les-questions-les-plus-frequentes-sur-lhalitose-ou-mauvaise-haleine\/quels-types-de-chewing-gums-ou-de-bains-de-bouche-dois-je-utiliser-pour-eliminer-lhalitose-ou-mauvaise-haleine\/\">Quels types de chewing-gums ou de bains de bouche dois-je utiliser pour \u00e9liminer l\u2019halitose ou mauvaise haleine?<\/a><br \/>\n12.  <a href=\"http:\/\/www.institutdelhaleine.be\/les-questions-les-plus-frequentes-sur-lhalitose-ou-mauvaise-haleine\/quels-remedes-maison-naturels-ou-solutions-naturelles-existe-t-il-actuellement-pour-lutter-contre-lhalitose\/\">Quels rem\u00e8des maison\/naturels ou solutions naturelles existe-t-il actuellement pour lutter contre l\u2019halitose?<\/a><\/p>\n<h2>Solution \u00e0 l\u2019halitose ou mauvaise haleine<\/h2>\n<p>13.  <a href=\"http:\/\/www.institutdelhaleine.be\/les-questions-les-plus-frequentes-sur-lhalitose-ou-mauvaise-haleine\/est-il-vrai-quil-existe-une-solution-pour-se-debarrasser-de-la-mauvaise-haleine\/\">Est-il vrai qu\u2019il existe une solution pour se d\u00e9barrasser de la mauvaise haleine?<\/a><\/p>\n<\/div><\/div><\/div><\/div><\/div><div class=\"fusion-fullwidth fullwidth-box fusion-builder-row-3 fusion-flex-container nonhundred-percent-fullwidth non-hundred-percent-height-scrolling\" style=\"--awb-border-radius-top-left:0px;--awb-border-radius-top-right:0px;--awb-border-radius-bottom-right:0px;--awb-border-radius-bottom-left:0px;--awb-padding-top:0px;--awb-padding-right:0px;--awb-padding-bottom:0px;--awb-padding-left:0px;--awb-margin-top:0px;--awb-margin-bottom:0px;--awb-flex-wrap:wrap;\" ><div class=\"fusion-builder-row fusion-row fusion-flex-align-items-flex-start fusion-flex-content-wrap\" style=\"max-width:1144px;margin-left: calc(-4% \/ 2 );margin-right: calc(-4% \/ 2 );\"><div class=\"fusion-layout-column fusion_builder_column fusion-builder-column-5 fusion_builder_column_1_3 1_3 fusion-flex-column\" style=\"--awb-padding-top:20px;--awb-padding-right:20px;--awb-padding-bottom:15px;--awb-padding-left:20px;--awb-bg-color:#eeeeee;--awb-bg-color-hover:#eeeeee;--awb-bg-size:cover;--awb-width-large:33.333333333333%;--awb-margin-top-large:0px;--awb-spacing-right-large:0%;--awb-margin-bottom-large:20px;--awb-spacing-left-large:5.76%;--awb-width-medium:100%;--awb-spacing-right-medium:1.92%;--awb-spacing-left-medium:1.92%;--awb-width-small:100%;--awb-spacing-right-small:1.92%;--awb-spacing-left-small:1.92%;\"><div class=\"fusion-column-wrapper fusion-flex-justify-content-flex-start fusion-content-layout-column\"><div class=\"fusion-text fusion-text-7\"><h2><strong>A la d\u00e9couverte de votre haleine.<\/strong><\/h2>\n<p>Saviez-vous que vous pouviez avoir une mauvaise haleine sans le savoir ? De nombreuses personnes souffrent d\u2019halitose ou mauvaise haleine de fa\u00e7on habituelle, ind\u00e9pendamment de leur sexe, de leur \u00e2ge ou de leur classe sociale. L\u2019halitose peut en outre avoir de graves r\u00e9percussions sur l\u2019estime de soi et devenir un facteur de discrimination et d\u2019exclusion sociale. Si vous avez des doutes, nous vous invitons \u00e0 remplir nos questionnaires en ligne et ainsi conna\u00eetre le r\u00e9sultat imm\u00e9diatement.<\/p>\n<\/div><\/div><\/div><div class=\"fusion-layout-column fusion_builder_column fusion-builder-column-6 fusion_builder_column_2_3 2_3 fusion-flex-column\" style=\"--awb-bg-size:cover;--awb-width-large:66.666666666667%;--awb-margin-top-large:0px;--awb-spacing-right-large:2.88%;--awb-margin-bottom-large:20px;--awb-spacing-left-large:0%;--awb-width-medium:100%;--awb-spacing-right-medium:1.92%;--awb-spacing-left-medium:1.92%;--awb-width-small:100%;--awb-spacing-right-small:1.92%;--awb-spacing-left-small:1.92%;\"><div class=\"fusion-column-wrapper fusion-flex-justify-content-flex-start fusion-content-layout-column\"><div class=\"fusion-content-boxes content-boxes columns row fusion-columns-2 fusion-columns-total-2 fusion-content-boxes-1 content-boxes-icon-boxed content-left\" style=\"--awb-hover-accent-color:#008295;--awb-circle-hover-accent-color:#008295;\" data-animationOffset=\"top-into-view\"><div style=\"--awb-backgroundcolor:#d2edf0;\" class=\"fusion-column content-box-column content-box-column content-box-column-1 col-lg-6 col-md-6 col-sm-6 fusion-content-box-hover content-box-column-first-in-row\"><div class=\"col content-box-wrapper content-wrapper-background content-wrapper-boxed link-area-box link-type-button icon-hover-animation-pulsate\" data-link=\"http:\/\/www.institutodelaliento.com\/test-probabilidad-padecer-aliento-desagradable\/\" data-link-target=\"_self\" data-animationOffset=\"top-into-view\"><div class=\"heading icon-left\"><a class=\"heading-link\" href=\"http:\/\/www.institutodelaliento.com\/test-probabilidad-padecer-aliento-desagradable\/\" target=\"_self\"><h2 class=\"content-box-heading\" style=\"--h2_typography-font-size:22px;line-height:27px;\"> Test de probabilit\u00e9 d\u2019avoir une mauvaise haleine.<\/h2><\/a><\/div><div class=\"fusion-clearfix\"><\/div><div class=\"content-container\">\n<p>D\u00e9couvrez si la croyance que vous avez sur votre propre haleine est fond\u00e9e ou pas.<\/p>\n<\/div><div class=\"fusion-clearfix\"><\/div><a class=\"fusion-read-more-button fusion-content-box-button fusion-button button-default fusion-button-default-size button- button-flat\" href=\"http:\/\/www.institutodelaliento.com\/test-probabilidad-padecer-aliento-desagradable\/\" target=\"_self\"><span class=\"fusion-button-text\">FAIRE LE TEST EN LIGNE<\/span><\/a><div class=\"fusion-clearfix\"><\/div><\/div><\/div><div style=\"--awb-backgroundcolor:#c2e7eb;\" class=\"fusion-column content-box-column content-box-column content-box-column-2 col-lg-6 col-md-6 col-sm-6 fusion-content-box-hover content-box-column-last content-box-column-last-in-row\"><div class=\"col content-box-wrapper content-wrapper-background content-wrapper-boxed link-area-box link-type-button icon-hover-animation-pulsate\" data-link=\"http:\/\/www.institutodelaliento.com\/test-impacto-la-halitosis-la-calidad-vida\/\" data-link-target=\"_self\" data-animationOffset=\"top-into-view\"><div class=\"heading icon-left\"><a class=\"heading-link\" href=\"http:\/\/www.institutodelaliento.com\/test-impacto-la-halitosis-la-calidad-vida\/\" target=\"_self\"><h2 class=\"content-box-heading\" style=\"--h2_typography-font-size:22px;line-height:27px;\">Test d\u2019impact de l\u2019halitose sur votre qualit\u00e9 de vie.<\/h2><\/a><\/div><div class=\"fusion-clearfix\"><\/div><div class=\"content-container\">\n<p>D\u00e9couvrez l\u2019impact psychologique de votre haleine au quotidien.<\/p>\n<\/div><div class=\"fusion-clearfix\"><\/div><a class=\"fusion-read-more-button fusion-content-box-button fusion-button button-default fusion-button-default-size button- button-flat\" href=\"http:\/\/www.institutodelaliento.com\/test-impacto-la-halitosis-la-calidad-vida\/\" target=\"_self\"><span class=\"fusion-button-text\">FAIRE LE TEST EN LIGNE<\/span><\/a><div class=\"fusion-clearfix\"><\/div><\/div><\/div><div class=\"fusion-clearfix\"><\/div><\/div><\/div><\/div><\/div><\/div><\/p>\n","protected":false},"excerpt":{"rendered":"","protected":false},"author":2,"featured_media":0,"parent":1832,"menu_order":0,"comment_status":"closed","ping_status":"closed","template":"","meta":{"footnotes":""},"class_list":["post-1658","page","type-page","status-publish","hentry"],"_links":{"self":[{"href":"https:\/\/www.institutdelhaleine.be\/nl\/wp-json\/wp\/v2\/pages\/1658","targetHints":{"allow":["GET"]}}],"collection":[{"href":"https:\/\/www.institutdelhaleine.be\/nl\/wp-json\/wp\/v2\/pages"}],"about":[{"href":"https:\/\/www.institutdelhaleine.be\/nl\/wp-json\/wp\/v2\/types\/page"}],"author":[{"embeddable":true,"href":"https:\/\/www.institutdelhaleine.be\/nl\/wp-json\/wp\/v2\/users\/2"}],"replies":[{"embeddable":true,"href":"https:\/\/www.institutdelhaleine.be\/nl\/wp-json\/wp\/v2\/comments?post=1658"}],"version-history":[{"count":2,"href":"https:\/\/www.institutdelhaleine.be\/nl\/wp-json\/wp\/v2\/pages\/1658\/revisions"}],"predecessor-version":[{"id":1660,"href":"https:\/\/www.institutdelhaleine.be\/nl\/wp-json\/wp\/v2\/pages\/1658\/revisions\/1660"}],"up":[{"embeddable":true,"href":"https:\/\/www.institutdelhaleine.be\/nl\/wp-json\/wp\/v2\/pages\/1832"}],"wp:attachment":[{"href":"https:\/\/www.institutdelhaleine.be\/nl\/wp-json\/wp\/v2\/media?parent=1658"}],"curies":[{"name":"wp","href":"https:\/\/api.w.org\/{rel}","templated":true}]}}