{"id":1664,"date":"2020-02-12T12:53:05","date_gmt":"2020-02-12T12:53:05","guid":{"rendered":"https:\/\/www.institutdelhaleine.be\/quels-remedes-maison-naturels-ou-solutions-naturelles-existe-t-il-actuellement-pour-lutter-contre-lhalitose\/"},"modified":"2025-01-30T08:42:09","modified_gmt":"2025-01-30T08:42:09","slug":"quels-remedes-maison-naturels-ou-solutions-naturelles-existe-t-il-actuellement-pour-lutter-contre-lhalitose","status":"publish","type":"page","link":"https:\/\/www.institutdelhaleine.be\/nl\/les-questions-les-plus-frequentes-sur-lhalitose-ou-mauvaise-haleine\/quels-remedes-maison-naturels-ou-solutions-naturelles-existe-t-il-actuellement-pour-lutter-contre-lhalitose\/","title":{"rendered":"Quels rem\u00e8des maison\/naturels ou solutions naturelles existe-t-il actuellement pour lutter contre l\u2019halitose?"},"content":{"rendered":"<p><div class=\"fusion-fullwidth fullwidth-box fusion-builder-row-1 fusion-flex-container nonhundred-percent-fullwidth non-hundred-percent-height-scrolling\" style=\"--awb-border-radius-top-left:0px;--awb-border-radius-top-right:0px;--awb-border-radius-bottom-right:0px;--awb-border-radius-bottom-left:0px;--awb-flex-wrap:wrap;\" ><div class=\"fusion-builder-row fusion-row fusion-flex-align-items-stretch fusion-flex-content-wrap\" style=\"max-width:1144px;margin-left: calc(-4% \/ 2 );margin-right: calc(-4% \/ 2 );\"><div class=\"fusion-layout-column fusion_builder_column fusion-builder-column-0 fusion_builder_column_1_4 1_4 fusion-flex-column\" style=\"--awb-padding-top:20px;--awb-padding-right:20px;--awb-padding-bottom:20px;--awb-padding-left:20px;--awb-bg-color:#dddddd;--awb-bg-color-hover:#dddddd;--awb-bg-size:cover;--awb-width-large:25%;--awb-margin-top-large:0px;--awb-spacing-right-large:0%;--awb-margin-bottom-large:20px;--awb-spacing-left-large:7.68%;--awb-width-medium:100%;--awb-spacing-right-medium:1.92%;--awb-spacing-left-medium:1.92%;--awb-width-small:100%;--awb-spacing-right-small:1.92%;--awb-spacing-left-small:1.92%;\"><div class=\"fusion-column-wrapper fusion-flex-justify-content-flex-start fusion-content-layout-column\"><div class=\"fusion-text fusion-text-1\"><h2><img decoding=\"async\" class=\"alignnone size-large wp-image-460\" src=\"http:\/\/www.institutodelaliento.com\/wp-content\/uploads\/2017\/10\/doctor-jonas-nunes-halitosis-756x1024.jpg\" alt=\"doctor-jonas-nunes-halitosis\" width=\"756\" height=\"1024\"><\/h2>\n<h2 style=\"text-align: justify;\"><strong>Les 13 questions les plus fr\u00e9quentes sur la mauvaise haleine.<\/strong><\/h2>\n<p style=\"text-align: justify;\">Le <strong>Docteur Jonas Nunes,<\/strong> Directeur de <strong>l\u2019Institut de l\u2019Haleine<\/strong> et de <strong>l\u2019Unit\u00e9 Hospitali\u00e8re du Centre Teknon \u00e0 Barcelone<\/strong>, r\u00e9pond aux questions les plus fr\u00e9quentes sur l\u2019haleine humaine.<\/p>\n<\/div><\/div><\/div><div class=\"fusion-layout-column fusion_builder_column fusion-builder-column-1 fusion_builder_column_3_4 3_4 fusion-flex-column\" style=\"--awb-padding-top:20px;--awb-padding-right:20px;--awb-padding-bottom:20px;--awb-padding-left:20px;--awb-bg-color:#eeeeee;--awb-bg-color-hover:#eeeeee;--awb-bg-size:cover;--awb-width-large:75%;--awb-margin-top-large:0px;--awb-spacing-right-large:2.56%;--awb-margin-bottom-large:20px;--awb-spacing-left-large:0%;--awb-width-medium:100%;--awb-spacing-right-medium:1.92%;--awb-spacing-left-medium:1.92%;--awb-width-small:100%;--awb-spacing-right-small:1.92%;--awb-spacing-left-small:1.92%;\"><div class=\"fusion-column-wrapper fusion-flex-justify-content-flex-start fusion-content-layout-column\"><div class=\"fusion-text fusion-text-2\"><h2><strong>12. Quels rem\u00e8des maison\/naturels ou solutions naturelles existe-t-il actuellement pour lutter contre l\u2019halitose?<\/strong><\/h2>\n<p>Bien que je prescrive parfois des solutions naturelles dans des cas tr\u00e8s particuliers (par exemple, la prune japonaise <em>umeboshi<\/em> comme stimulant salivaire), je pr\u00e9f\u00e8re personnellement \u00e9viter d\u2019en parler. Car j\u2019observe que certaines personnes se pr\u00e9cipitent pour acheter tel breuvage ou tel aliment apr\u00e8s m\u2019avoir \u00e9cout\u00e9, en croyant na\u00efvement que la consommation de ces produits va r\u00e9soudre d\u00e9finitivement leur probl\u00e8me de mauvaise haleine. Il est important de comprendre que <strong>les halitoses doivent \u00eatre identifi\u00e9es en fonction de leur origine<\/strong> et que le traitement n\u2019est efficace que si l\u2019on observe une incidence positive sur la cause apr\u00e8s l\u2019utilisation du produit th\u00e9rapeutique. Les effets b\u00e9n\u00e9fiques de certains aliments \u00e0 l\u2019odeur agr\u00e9able (comme le persil et l\u2019anis) ou de certains compos\u00e9s vendus dans le commerce, non seulement ne fonctionnent pas toujours sur tous les individus mais, lorsque c\u2019est le cas, leur temps d\u2019action d\u00e9passe rarement une heure. Ils ne peuvent \u00eatre envisag\u00e9s ni comme un soin curatif, ni comme un traitement. Il est vrai que certains aliments peuvent am\u00e9liorer l\u2019haleine de fa\u00e7on temporaire gr\u00e2ce essentiellement \u00e0 deux m\u00e9canismes principaux : leur possible effet anti-microbien, et \u00e9galement la capture ou neutralisation de compos\u00e9s malodorants. En ce qui concerne l\u2019effet anti-microbien, il a \u00e9t\u00e9 d\u00e9montr\u00e9, par exemple, que certains th\u00e9s contiennent des anti-microbiens naturels capables d\u2019\u00e9liminer les bact\u00e9ries orales (le th\u00e9 vert et le <em>ginseng<\/em> rouge de Cor\u00e9e ont \u00e9t\u00e9 les plus \u00e9tudi\u00e9s \u00e0 ce propos). <\/p>\n<p style=\"text-align: justify;\">Une \u00e9tude isra\u00e9lienne a \u00e9galement trouv\u00e9 des substances inhibitrices de bact\u00e9ries dans le caf\u00e9 (cependant, \u00e0 cause de la pr\u00e9sence d\u2019autres substances, la consommation de caf\u00e9 a un effet global g\u00e9n\u00e9ralement n\u00e9gatif en ce qui concerne l\u2019haleine, de par la d\u00e9shydratation qu\u2019elle provoque au niveau de la salive et la volatilisation cons\u00e9quente des gaz malodorants). D\u2019autres aliments sont capables de neutraliser les compos\u00e9s du soufre gr\u00e2ce en particulier aux polyph\u00e9nols qu\u2019ils contiennent, et aux enzymes telles que les polyph\u00e9noloxydases et les peroxydases. <\/p>\n<h3><strong>&#8220;Si l\u2019on ne sait pas quelle est la cause de son halitose, il faut d\u2019abord la rechercher au moyen d\u2019un diagnostic et ensuite d\u00e9terminer quelles solutions th\u00e9rapeutiques utiliser&#8221;.<\/strong><\/h3>\n<p>Parmi les aliments contenant ces substances, on cite g\u00e9n\u00e9ralement certains types de champignons, le th\u00e9 vert, certains fruits crus (pomme, prune, kiwi, kaki, myrtille), des herbes aromatiques telles que le persil et le basilic, et quelques l\u00e9gumes comme la laitue, les asperges, l\u2019igname et l\u2019aubergine. De fait, des sources non issues du milieu m\u00e9dical font r\u00e9f\u00e9rence \u00e0 de nombreux autres aliments mais ces suppos\u00e9es propri\u00e9t\u00e9s ne sont pas suffisamment \u00e9tay\u00e9es par des donn\u00e9es scientifiques. En r\u00e9alit\u00e9, l\u2019effet b\u00e9n\u00e9fique r\u00e9sultant de l\u2019ingestion de ces produits naturels ne se ressent que sur une tr\u00e8s courte dur\u00e9e (et ils ne fonctionnent pas toujours, m\u00eame lorsque l\u2019on peut constater une incidence sur l\u2019origine du probl\u00e8me). Par exemple, le th\u00e9 vert peut temporairement am\u00e9liorer l\u2019haleine, bien qu\u2019il ne r\u00e9solve pas le probl\u00e8me de l\u2019halitose. Pour de nombreuses pathologies d\u00e9clenchant une mauvaise haleine, il n\u2019y a tout simplement pas de rem\u00e8de maison ou de solution th\u00e9rapeutique naturelle. Il faut rester tr\u00e8s prudent et ne pas laisser l\u2019anxi\u00e9t\u00e9 prendre le pas sur la raison. C\u2019est pourquoi il nous para\u00eet fondamental de rappeler le principe suivant : <strong>si vous ne savez pas quelle est la cause de votre halitose, vous devez d\u2019abord en rechercher l\u2019origine \u00e0 travers un diagnostic, et seulement sur la base des \u00e9l\u00e9ments recueillis, il sera possible d\u2019\u00e9tablir un protocole de traitement et de d\u00e9terminer quelles solutions th\u00e9rapeutiques utiliser en fonction de votre cas<\/strong> (donc ne pas commencer un traitement \u00e0 l\u2019aveugle, uniquement bas\u00e9 sur des t\u00e9moignages ou des promesses de produits soit disant \u201cmiraculeux\u201d).  <\/p>\n<p style=\"text-align: justify;\">Les personnes souffrant d\u2019halitose ont g\u00e9n\u00e9ralement d\u00e9j\u00e0 investi beaucoup de temps et d\u2019argent dans la recherche de solutions et sont d\u00e9courag\u00e9es par tant de tentatives infructueuses ou de th\u00e9rapies inefficaces. Or nous pouvons affirmer, et c\u2019est la bonne nouvelle, que la science a fait beaucoup de progr\u00e8s en la mati\u00e8re et qu\u2019au jour d\u2019aujourd\u2019hui, tout le monde peut avoir acc\u00e8s \u00e0 un traitement m\u00e9dical s\u00e9rieux pour \u00e9radiquer l\u2019halitose. <\/p>\n<\/div><div class=\"fusion-text fusion-text-3\"><p><div class=\"fusion-alignleft\"><a class=\"fusion-button button-flat fusion-button-default-size button-default fusion-button-default button-1 fusion-button-default-span fusion-button-default-type\" style=\"--button-border-radius-top-left:2px;--button-border-radius-top-right:2px;--button-border-radius-bottom-right:2px;--button-border-radius-bottom-left:2px;\" target=\"_self\" href=\"http:\/\/www.institutodelaliento.com\/preguntas-frecuentes-sobre-el-mal-aliento\/chicles-enjuagues-debo-utilizar-eliminar-la-halitosis-mal-aliento\/\"><span class=\"fusion-button-text awb-button__text awb-button__text--default\">Voir la question pr\u00e9c\u00e9dente<\/span><\/a><\/div> <div class=\"fusion-alignright\"><a class=\"fusion-button button-flat fusion-button-default-size button-default fusion-button-default button-2 fusion-button-default-span fusion-button-default-type\" style=\"--button-border-radius-top-left:2px;--button-border-radius-top-right:2px;--button-border-radius-bottom-right:2px;--button-border-radius-bottom-left:2px;\" target=\"_self\" href=\"http:\/\/www.institutodelaliento.com\/preguntas-frecuentes-sobre-el-mal-aliento\/existe-una-solucion-decir-adios-al-mal-aliento\/\"><span class=\"fusion-button-text awb-button__text awb-button__text--default\">Voir la question suivante<\/span><\/a><\/div><\/p>\n<\/div><\/div><\/div><\/div><\/div><div class=\"fusion-fullwidth fullwidth-box fusion-builder-row-2 fusion-flex-container nonhundred-percent-fullwidth non-hundred-percent-height-scrolling\" style=\"--awb-border-radius-top-left:0px;--awb-border-radius-top-right:0px;--awb-border-radius-bottom-right:0px;--awb-border-radius-bottom-left:0px;--awb-flex-wrap:wrap;\" ><div class=\"fusion-builder-row fusion-row fusion-flex-align-items-flex-start fusion-flex-content-wrap\" style=\"max-width:1144px;margin-left: calc(-4% \/ 2 );margin-right: calc(-4% \/ 2 );\"><div class=\"fusion-layout-column fusion_builder_column fusion-builder-column-2 fusion_builder_column_1_4 1_4 fusion-flex-column\" style=\"--awb-padding-top:20px;--awb-padding-right:20px;--awb-padding-bottom:20px;--awb-padding-left:20px;--awb-bg-size:cover;--awb-width-large:25%;--awb-margin-top-large:0px;--awb-spacing-right-large:7.68%;--awb-margin-bottom-large:20px;--awb-spacing-left-large:7.68%;--awb-width-medium:100%;--awb-spacing-right-medium:1.92%;--awb-spacing-left-medium:1.92%;--awb-width-small:100%;--awb-spacing-right-small:1.92%;--awb-spacing-left-small:1.92%;\"><div class=\"fusion-column-wrapper fusion-flex-justify-content-flex-start fusion-content-layout-column\"><div class=\"fusion-text fusion-text-4\"><h2><strong>Soigner ou traiter l\u2019halitose ou mauvaise haleine<\/strong><\/h2>\n<p>01. Peut-on gu\u00e9rir de l\u2019halitose ou mauvaise haleine ? 02. Comment combattre, \u00e9liminer, soigner l\u2019halitose ou mauvaise haleine ?<\/p>\n<h2><strong>Causes et types d\u2019halitose ou mauvaise haleine<\/strong><\/h2>\n<p>03. Qu\u2019est-ce qui provoque l\u2019halitose ou mauvaise haleine ?<span style=\"color: #00aec7;\"><br \/>\n<\/span>04.<span style=\"color: #00aec7;\"> Quels sont les diff\u00e9rents types d\u2019halitose ?<\/span><br \/>\n05. La cause de l\u2019halitose ou mauvaise haleine provient-elle de l\u2019estomac ?<br \/>\n06. Quelles sont les causes de mauvaise haleine chez les b\u00e9b\u00e9s et\/ou enfants ?<\/p>\n<\/div><\/div><\/div><div class=\"fusion-layout-column fusion_builder_column fusion-builder-column-3 fusion_builder_column_1_3 1_3 fusion-flex-column\" style=\"--awb-padding-top:20px;--awb-padding-right:20px;--awb-padding-bottom:20px;--awb-padding-left:20px;--awb-bg-size:cover;--awb-width-large:33.333333333333%;--awb-margin-top-large:0px;--awb-spacing-right-large:0%;--awb-margin-bottom-large:20px;--awb-spacing-left-large:5.76%;--awb-width-medium:100%;--awb-spacing-right-medium:1.92%;--awb-spacing-left-medium:1.92%;--awb-width-small:100%;--awb-spacing-right-small:1.92%;--awb-spacing-left-small:1.92%;\"><div class=\"fusion-column-wrapper fusion-flex-justify-content-flex-start fusion-content-layout-column\"><div class=\"fusion-text fusion-text-5\"><h2><strong>Diagnostic et traitement de l\u2019halitose ou mauvaise haleine<\/strong><\/h2>\n<p>07. Existe-t-il des appareils pour mesurer l\u2019halitose ou mauvaise haleine? 08. Comment fonctionne une consultation de l\u2019halitose? 09. Combien co\u00fbte un traitement complet pour \u00e9radiquer l\u2019halitose?<\/p>\n<\/div><\/div><\/div><div class=\"fusion-layout-column fusion_builder_column fusion-builder-column-4 fusion_builder_column_2_5 2_5 fusion-flex-column\" style=\"--awb-padding-top:20px;--awb-padding-right:20px;--awb-padding-bottom:20px;--awb-padding-left:20px;--awb-bg-size:cover;--awb-width-large:40%;--awb-margin-top-large:0px;--awb-spacing-right-large:4.8%;--awb-margin-bottom-large:20px;--awb-spacing-left-large:0%;--awb-width-medium:100%;--awb-spacing-right-medium:1.92%;--awb-spacing-left-medium:1.92%;--awb-width-small:100%;--awb-spacing-right-small:1.92%;--awb-spacing-left-small:1.92%;\"><div class=\"fusion-column-wrapper fusion-flex-justify-content-flex-start fusion-content-layout-column\"><div class=\"fusion-text fusion-text-6\"><h2><strong>Pr\u00e9venir et \u00e9viter l\u2019halitose ou mauvaise haleine<\/strong><\/h2>\n<p>10. Comment \u00e9viter et\/ou pr\u00e9venir l\u2019halitose?<br \/>\n11. Quels types de chewing-gums ou de bains de bouche dois-je utiliser pour \u00e9liminer l\u2019halitose ou mauvaise haleine? 12. Quels rem\u00e8des maison\/naturels ou solutions naturelles existe-t-il actuellement pour lutter contre l\u2019halitose?<\/p>\n<h2>Solution \u00e0 l\u2019halitose ou mauvaise haleine<\/h2>\n<p>13. Est-il vrai qu\u2019il existe une solution pour se d\u00e9barrasser de la mauvaise haleine?<\/p>\n<\/div><\/div><\/div><\/div><\/div><div class=\"fusion-fullwidth fullwidth-box fusion-builder-row-3 fusion-flex-container nonhundred-percent-fullwidth non-hundred-percent-height-scrolling\" style=\"--awb-border-radius-top-left:0px;--awb-border-radius-top-right:0px;--awb-border-radius-bottom-right:0px;--awb-border-radius-bottom-left:0px;--awb-padding-top:0px;--awb-padding-right:0px;--awb-padding-bottom:0px;--awb-padding-left:0px;--awb-margin-top:0px;--awb-margin-bottom:0px;--awb-flex-wrap:wrap;\" ><div class=\"fusion-builder-row fusion-row fusion-flex-align-items-flex-start fusion-flex-content-wrap\" style=\"max-width:1144px;margin-left: calc(-4% \/ 2 );margin-right: calc(-4% \/ 2 );\"><div class=\"fusion-layout-column fusion_builder_column fusion-builder-column-5 fusion_builder_column_1_3 1_3 fusion-flex-column\" style=\"--awb-padding-top:20px;--awb-padding-right:20px;--awb-padding-bottom:15px;--awb-padding-left:20px;--awb-bg-color:#eeeeee;--awb-bg-color-hover:#eeeeee;--awb-bg-size:cover;--awb-width-large:33.333333333333%;--awb-margin-top-large:0px;--awb-spacing-right-large:0%;--awb-margin-bottom-large:20px;--awb-spacing-left-large:5.76%;--awb-width-medium:100%;--awb-spacing-right-medium:1.92%;--awb-spacing-left-medium:1.92%;--awb-width-small:100%;--awb-spacing-right-small:1.92%;--awb-spacing-left-small:1.92%;\"><div class=\"fusion-column-wrapper fusion-flex-justify-content-flex-start fusion-content-layout-column\"><div class=\"fusion-text fusion-text-7\"><h2><strong>A la d\u00e9couverte de votre haleine.<\/strong><\/h2>\n<p>Saviez-vous que vous pouviez avoir une mauvaise haleine sans le savoir ? De nombreuses personnes souffrent d\u2019halitose ou mauvaise haleine de fa\u00e7on habituelle, ind\u00e9pendamment de leur sexe, de leur \u00e2ge ou de leur classe sociale. L\u2019halitose peut en outre avoir de graves r\u00e9percussions sur l\u2019estime de soi et devenir un facteur de discrimination et d\u2019exclusion sociale. Si vous avez des doutes, nous vous invitons \u00e0 remplir nos questionnaires en ligne et ainsi conna\u00eetre le r\u00e9sultat imm\u00e9diatement.<\/p>\n<\/div><\/div><\/div><div class=\"fusion-layout-column fusion_builder_column fusion-builder-column-6 fusion_builder_column_2_3 2_3 fusion-flex-column\" style=\"--awb-bg-size:cover;--awb-width-large:66.666666666667%;--awb-margin-top-large:0px;--awb-spacing-right-large:2.88%;--awb-margin-bottom-large:20px;--awb-spacing-left-large:0%;--awb-width-medium:100%;--awb-spacing-right-medium:1.92%;--awb-spacing-left-medium:1.92%;--awb-width-small:100%;--awb-spacing-right-small:1.92%;--awb-spacing-left-small:1.92%;\"><div class=\"fusion-column-wrapper fusion-flex-justify-content-flex-start fusion-content-layout-column\"><div class=\"fusion-content-boxes content-boxes columns row fusion-columns-2 fusion-columns-total-2 fusion-content-boxes-1 content-boxes-icon-boxed content-left\" style=\"--awb-hover-accent-color:#008295;--awb-circle-hover-accent-color:#008295;\" data-animationOffset=\"top-into-view\"><div style=\"--awb-backgroundcolor:#d2edf0;\" class=\"fusion-column content-box-column content-box-column content-box-column-1 col-lg-6 col-md-6 col-sm-6 fusion-content-box-hover content-box-column-first-in-row\"><div class=\"col content-box-wrapper content-wrapper-background content-wrapper-boxed link-area-box link-type-button icon-hover-animation-pulsate\" data-link=\"http:\/\/www.institutodelaliento.com\/test-probabilidad-padecer-aliento-desagradable\/\" data-link-target=\"_self\" data-animationOffset=\"top-into-view\"><div class=\"heading icon-left\"><a class=\"heading-link\" href=\"http:\/\/www.institutodelaliento.com\/test-probabilidad-padecer-aliento-desagradable\/\" target=\"_self\"><h2 class=\"content-box-heading\" style=\"--h2_typography-font-size:22px;line-height:27px;\"> Test de probabilit\u00e9 d\u2019avoir une mauvaise haleine.<\/h2><\/a><\/div><div class=\"fusion-clearfix\"><\/div><div class=\"content-container\">\n<p>D\u00e9couvrez si la croyance que vous avez sur votre propre haleine est fond\u00e9e ou pas.<\/p>\n<\/div><div class=\"fusion-clearfix\"><\/div><a class=\"fusion-read-more-button fusion-content-box-button fusion-button button-default fusion-button-default-size button- button-flat\" href=\"http:\/\/www.institutodelaliento.com\/test-probabilidad-padecer-aliento-desagradable\/\" target=\"_self\"><span class=\"fusion-button-text\">FAIRE LE TEST EN LIGNE<\/span><\/a><div class=\"fusion-clearfix\"><\/div><\/div><\/div><div style=\"--awb-backgroundcolor:#c2e7eb;\" class=\"fusion-column content-box-column content-box-column content-box-column-2 col-lg-6 col-md-6 col-sm-6 fusion-content-box-hover content-box-column-last content-box-column-last-in-row\"><div class=\"col content-box-wrapper content-wrapper-background content-wrapper-boxed link-area-box link-type-button icon-hover-animation-pulsate\" data-link=\"http:\/\/www.institutodelaliento.com\/test-impacto-la-halitosis-la-calidad-vida\/\" data-link-target=\"_self\" data-animationOffset=\"top-into-view\"><div class=\"heading icon-left\"><a class=\"heading-link\" href=\"http:\/\/www.institutodelaliento.com\/test-impacto-la-halitosis-la-calidad-vida\/\" target=\"_self\"><h2 class=\"content-box-heading\" style=\"--h2_typography-font-size:22px;line-height:27px;\">Test d\u2019impact de l\u2019halitose sur votre qualit\u00e9 de vie.<\/h2><\/a><\/div><div class=\"fusion-clearfix\"><\/div><div class=\"content-container\">\n<p>D\u00e9couvrez l\u2019impact psychologique de votre haleine au quotidien.<\/p>\n<\/div><div class=\"fusion-clearfix\"><\/div><a class=\"fusion-read-more-button fusion-content-box-button fusion-button button-default fusion-button-default-size button- button-flat\" href=\"http:\/\/www.institutodelaliento.com\/test-impacto-la-halitosis-la-calidad-vida\/\" target=\"_self\"><span class=\"fusion-button-text\">FAIRE LE TEST EN LIGNE<\/span><\/a><div class=\"fusion-clearfix\"><\/div><\/div><\/div><div class=\"fusion-clearfix\"><\/div><\/div><\/div><\/div><\/div><\/div><\/p>\n","protected":false},"excerpt":{"rendered":"","protected":false},"author":2,"featured_media":0,"parent":1832,"menu_order":0,"comment_status":"closed","ping_status":"closed","template":"","meta":{"footnotes":""},"class_list":["post-1664","page","type-page","status-publish","hentry"],"_links":{"self":[{"href":"https:\/\/www.institutdelhaleine.be\/nl\/wp-json\/wp\/v2\/pages\/1664","targetHints":{"allow":["GET"]}}],"collection":[{"href":"https:\/\/www.institutdelhaleine.be\/nl\/wp-json\/wp\/v2\/pages"}],"about":[{"href":"https:\/\/www.institutdelhaleine.be\/nl\/wp-json\/wp\/v2\/types\/page"}],"author":[{"embeddable":true,"href":"https:\/\/www.institutdelhaleine.be\/nl\/wp-json\/wp\/v2\/users\/2"}],"replies":[{"embeddable":true,"href":"https:\/\/www.institutdelhaleine.be\/nl\/wp-json\/wp\/v2\/comments?post=1664"}],"version-history":[{"count":2,"href":"https:\/\/www.institutdelhaleine.be\/nl\/wp-json\/wp\/v2\/pages\/1664\/revisions"}],"predecessor-version":[{"id":1666,"href":"https:\/\/www.institutdelhaleine.be\/nl\/wp-json\/wp\/v2\/pages\/1664\/revisions\/1666"}],"up":[{"embeddable":true,"href":"https:\/\/www.institutdelhaleine.be\/nl\/wp-json\/wp\/v2\/pages\/1832"}],"wp:attachment":[{"href":"https:\/\/www.institutdelhaleine.be\/nl\/wp-json\/wp\/v2\/media?parent=1664"}],"curies":[{"name":"wp","href":"https:\/\/api.w.org\/{rel}","templated":true}]}}