{"id":1667,"date":"2020-02-11T11:51:53","date_gmt":"2020-02-11T11:51:53","guid":{"rendered":"https:\/\/www.institutdelhaleine.be\/quels-sont-les-differents-types-dhalitose\/"},"modified":"2025-01-30T08:42:09","modified_gmt":"2025-01-30T08:42:09","slug":"quels-sont-les-differents-types-dhalitose","status":"publish","type":"page","link":"https:\/\/www.institutdelhaleine.be\/nl\/les-questions-les-plus-frequentes-sur-lhalitose-ou-mauvaise-haleine\/quels-sont-les-differents-types-dhalitose\/","title":{"rendered":"Quels sont les diff\u00e9rents types d\u2019halitose?"},"content":{"rendered":"<p><div class=\"fusion-fullwidth fullwidth-box fusion-builder-row-1 fusion-flex-container nonhundred-percent-fullwidth non-hundred-percent-height-scrolling\" style=\"--awb-border-radius-top-left:0px;--awb-border-radius-top-right:0px;--awb-border-radius-bottom-right:0px;--awb-border-radius-bottom-left:0px;--awb-flex-wrap:wrap;\" ><div class=\"fusion-builder-row fusion-row fusion-flex-align-items-stretch fusion-flex-content-wrap\" style=\"max-width:1144px;margin-left: calc(-4% \/ 2 );margin-right: calc(-4% \/ 2 );\"><div class=\"fusion-layout-column fusion_builder_column fusion-builder-column-0 fusion_builder_column_1_4 1_4 fusion-flex-column\" style=\"--awb-padding-top:20px;--awb-padding-right:20px;--awb-padding-bottom:20px;--awb-padding-left:20px;--awb-bg-color:#eeeeee;--awb-bg-color-hover:#eeeeee;--awb-bg-size:cover;--awb-width-large:25%;--awb-margin-top-large:0px;--awb-spacing-right-large:0%;--awb-margin-bottom-large:20px;--awb-spacing-left-large:7.68%;--awb-width-medium:100%;--awb-spacing-right-medium:1.92%;--awb-spacing-left-medium:1.92%;--awb-width-small:100%;--awb-spacing-right-small:1.92%;--awb-spacing-left-small:1.92%;\"><div class=\"fusion-column-wrapper fusion-flex-justify-content-flex-start fusion-content-layout-column\"><div class=\"fusion-text fusion-text-1\"><h2><img decoding=\"async\" class=\"alignnone wp-image-733 size-large\" src=\"http:\/\/www.halito.pt\/wp-content\/uploads\/2017\/08\/doutor-jonas-nunes-alito-756x1024.jpg\" alt=\"doctor-jonas-nunes-halitosis\" width=\"756\" height=\"1024\"><\/h2>\n<h2><strong>Les 13 questions les plus fr\u00e9quentes sur la mauvaise haleine.<\/strong><\/h2>\n<p style=\"text-align: justify;\">Le <strong>Docteur Jonas Nunes,<\/strong> Directeur de <strong>l\u2019Institut de l\u2019Haleine<\/strong> et de <strong>l\u2019Unit\u00e9 Hospitali\u00e8re du Centre Teknon \u00e0 Barcelone<\/strong>, r\u00e9pond aux questions les plus fr\u00e9quentes sur l\u2019haleine humaine.<\/p>\n<\/div><\/div><\/div><div class=\"fusion-layout-column fusion_builder_column fusion-builder-column-1 fusion_builder_column_3_4 3_4 fusion-flex-column\" style=\"--awb-padding-top:20px;--awb-padding-right:20px;--awb-padding-bottom:20px;--awb-padding-left:20px;--awb-bg-color:#dddddd;--awb-bg-color-hover:#dddddd;--awb-bg-size:cover;--awb-width-large:75%;--awb-margin-top-large:0px;--awb-spacing-right-large:2.56%;--awb-margin-bottom-large:20px;--awb-spacing-left-large:0%;--awb-width-medium:100%;--awb-spacing-right-medium:1.92%;--awb-spacing-left-medium:1.92%;--awb-width-small:100%;--awb-spacing-right-small:1.92%;--awb-spacing-left-small:1.92%;\"><div class=\"fusion-column-wrapper fusion-flex-justify-content-flex-start fusion-content-layout-column\"><div class=\"fusion-text fusion-text-2\"><h2><strong>04. Quels sont les diff\u00e9rents types d\u2019halitose?<\/strong><\/h2>\n<p>Les alt\u00e9rations de l\u2019odeur dans l\u2019air expir\u00e9 peuvent \u00eatre classifi\u00e9es de diverses mani\u00e8res : selon leur intensit\u00e9, allant de l\u2019odeur non perceptible jusqu\u2019au tr\u00e8s intense ou d\u00e9sagr\u00e9able (il existe des \u00e9chelles scientifiques sp\u00e9cifiques comme celles de Rosenberg ou de Seemann entre autres) ; selon leur fr\u00e9quence, pouvant \u00eatre occasionnelles, intermittentes, r\u00e9actives, ou continues et chroniques ; selon leur dur\u00e9e, courte ou longue ; selon le type d\u2019odeur, etc.<\/p>\n<h3><strong>&#8220;Il existe plus de 80 causes possibles provoquant l\u2019halitose&#8221;.<\/strong><\/h3>\n<p>Il est important de noter que les sch\u00e9mas de manifestation de l\u2019halitose correspondent souvent aux causes qui la d\u00e9clenchent. Par exemple, l\u2019halitose d\u00e9clench\u00e9e par une cirrhose du foie est souvent tr\u00e8s intense, chronique, de longue dur\u00e9e et poss\u00e8de g\u00e9n\u00e9ralement une odeur tr\u00e8s caract\u00e9ristique (le c\u00e9l\u00e8bre Foetor Hepaticus). Ainsi, comme <strong>on d\u00e9nombre plus de 80 causes possibles g\u00e9n\u00e9rant l\u2019halitose<\/strong>, elles peuvent aussi \u00eatre class\u00e9es selon leur nature (on parle alors de \u00ab classification \u00e9tiologique \u00bb). D\u2019un point de vue clinique, ces causes peuvent \u00eatre physiologiques (pas de n\u00e9cessit\u00e9 de traitement m\u00e9dical ; par exemple : l\u2019halitose d\u2019une personne au r\u00e9veil) ou pathologiques (n\u00e9cessit\u00e9 d\u2019un traitement m\u00e9dical ; par exemple : le diverticule de Zenker).  <\/p>\n<p style=\"text-align: justify;\">Enfin, il existe une classification selon les patients en demande d\u2019un traitement pour l\u2019halitose. <strong>La classification la plus couramment utilis\u00e9e au niveau scientifique est celle de Miyazaki\/Yaegaki<\/strong> : de type I ou <strong>authentique<\/strong> (lorsqu\u2019elle est d\u00e9tectable par un tiers), de type II ou de <strong>Pseudo-halitose<\/strong> (lorsqu\u2019il n\u2019y a qu\u2019auto-perception, et que des tiers ou des appareils de mesure ne la d\u00e9tectent pas) et type III ou <strong>Halitophobie<\/strong> (trouble obsessionnel d\u2019ordre psychiatrique).<\/p>\n<\/div><div class=\"fusion-text fusion-text-3\"><p><div class=\"fusion-alignleft\"><a class=\"fusion-button button-flat fusion-button-default-size button-default fusion-button-default button-1 fusion-button-default-span fusion-button-default-type\" style=\"--button-border-radius-top-left:2px;--button-border-radius-top-right:2px;--button-border-radius-bottom-right:2px;--button-border-radius-bottom-left:2px;\" target=\"_self\" href=\"http:\/\/www.institutodelaliento.com\/preguntas-frecuentes-sobre-el-mal-aliento\/causa-la-halitosis-mal-aliento\/\"><span class=\"fusion-button-text awb-button__text awb-button__text--default\">Voir la question pr\u00e9c\u00e9dente<\/span><\/a><\/div> <div class=\"fusion-alignright\"><a class=\"fusion-button button-flat fusion-button-default-size button-default fusion-button-default button-2 fusion-button-default-span fusion-button-default-type\" style=\"--button-border-radius-top-left:2px;--button-border-radius-top-right:2px;--button-border-radius-bottom-right:2px;--button-border-radius-bottom-left:2px;\" target=\"_self\" href=\"http:\/\/www.institutodelaliento.com\/preguntas-frecuentes-sobre-el-mal-aliento\/estomago-responsable-la-halitosis-mal-aliento\/\"><span class=\"fusion-button-text awb-button__text awb-button__text--default\">Voir la question suivante<\/span><\/a><\/div><\/p>\n<\/div><\/div><\/div><\/div><\/div><div class=\"fusion-fullwidth fullwidth-box fusion-builder-row-2 fusion-flex-container nonhundred-percent-fullwidth non-hundred-percent-height-scrolling\" style=\"--awb-border-radius-top-left:0px;--awb-border-radius-top-right:0px;--awb-border-radius-bottom-right:0px;--awb-border-radius-bottom-left:0px;--awb-flex-wrap:wrap;\" ><div class=\"fusion-builder-row fusion-row fusion-flex-align-items-flex-start fusion-flex-content-wrap\" style=\"max-width:1144px;margin-left: calc(-4% \/ 2 );margin-right: calc(-4% \/ 2 );\"><div class=\"fusion-layout-column fusion_builder_column fusion-builder-column-2 fusion_builder_column_1_4 1_4 fusion-flex-column\" style=\"--awb-padding-top:20px;--awb-padding-right:20px;--awb-padding-bottom:20px;--awb-padding-left:20px;--awb-bg-size:cover;--awb-width-large:25%;--awb-margin-top-large:0px;--awb-spacing-right-large:7.68%;--awb-margin-bottom-large:20px;--awb-spacing-left-large:7.68%;--awb-width-medium:100%;--awb-spacing-right-medium:1.92%;--awb-spacing-left-medium:1.92%;--awb-width-small:100%;--awb-spacing-right-small:1.92%;--awb-spacing-left-small:1.92%;\"><div class=\"fusion-column-wrapper fusion-flex-justify-content-flex-start fusion-content-layout-column\"><div class=\"fusion-text fusion-text-4\"><h2><strong>Soigner ou traiter l\u2019halitose ou mauvaise haleine<\/strong><\/h2>\n<p>01. Peut-on gu\u00e9rir de l\u2019halitose ou mauvaise haleine ? 02. Comment combattre, \u00e9liminer, soigner l\u2019halitose ou mauvaise haleine ?<\/p>\n<h2><strong>Causes et types d\u2019halitose ou mauvaise haleine<\/strong><\/h2>\n<p>03. Qu\u2019est-ce qui provoque l\u2019halitose ou mauvaise haleine ?<span style=\"color: #00aec7;\"><br \/>\n<\/span>04.<span style=\"color: #00aec7;\"> Quels sont les diff\u00e9rents types d\u2019halitose ?<\/span><br \/>\n05. La cause de l\u2019halitose ou mauvaise haleine provient-elle de l\u2019estomac ?<br \/>\n06. Quelles sont les causes de mauvaise haleine chez les b\u00e9b\u00e9s et\/ou enfants ?<\/p>\n<\/div><\/div><\/div><div class=\"fusion-layout-column fusion_builder_column fusion-builder-column-3 fusion_builder_column_1_3 1_3 fusion-flex-column\" style=\"--awb-padding-top:20px;--awb-padding-right:20px;--awb-padding-bottom:20px;--awb-padding-left:20px;--awb-bg-size:cover;--awb-width-large:33.333333333333%;--awb-margin-top-large:0px;--awb-spacing-right-large:0%;--awb-margin-bottom-large:20px;--awb-spacing-left-large:5.76%;--awb-width-medium:100%;--awb-spacing-right-medium:1.92%;--awb-spacing-left-medium:1.92%;--awb-width-small:100%;--awb-spacing-right-small:1.92%;--awb-spacing-left-small:1.92%;\"><div class=\"fusion-column-wrapper fusion-flex-justify-content-flex-start fusion-content-layout-column\"><div class=\"fusion-text fusion-text-5\"><h2><strong>Diagnostic et traitement de l\u2019halitose ou mauvaise haleine<\/strong><\/h2>\n<p>07. Existe-t-il des appareils pour mesurer l\u2019halitose ou mauvaise haleine? 08. Comment fonctionne une consultation de l\u2019halitose? 09. Combien co\u00fbte un traitement complet pour \u00e9radiquer l\u2019halitose?<\/p>\n<\/div><\/div><\/div><div class=\"fusion-layout-column fusion_builder_column fusion-builder-column-4 fusion_builder_column_2_5 2_5 fusion-flex-column\" style=\"--awb-padding-top:20px;--awb-padding-right:20px;--awb-padding-bottom:20px;--awb-padding-left:20px;--awb-bg-size:cover;--awb-width-large:40%;--awb-margin-top-large:0px;--awb-spacing-right-large:4.8%;--awb-margin-bottom-large:20px;--awb-spacing-left-large:0%;--awb-width-medium:100%;--awb-spacing-right-medium:1.92%;--awb-spacing-left-medium:1.92%;--awb-width-small:100%;--awb-spacing-right-small:1.92%;--awb-spacing-left-small:1.92%;\"><div class=\"fusion-column-wrapper fusion-flex-justify-content-flex-start fusion-content-layout-column\"><div class=\"fusion-text fusion-text-6\"><h2><strong>Pr\u00e9venir et \u00e9viter l\u2019halitose ou mauvaise haleine<\/strong><\/h2>\n<p>10. Comment \u00e9viter et\/ou pr\u00e9venir l\u2019halitose?<br \/>\n11. Quels types de chewing-gums ou de bains de bouche dois-je utiliser pour \u00e9liminer l\u2019halitose ou mauvaise haleine?<br \/>\n12. Quels rem\u00e8des maison\/naturels ou solutions naturelles existe-t-il actuellement pour lutter contre l\u2019halitose?<\/p>\n<h2>Solution \u00e0 l\u2019halitose ou mauvaise haleine<\/h2>\n<p>13. Est-il vrai qu\u2019il existe une solution pour se d\u00e9barrasser de la mauvaise haleine?<\/p>\n<\/div><\/div><\/div><\/div><\/div><div class=\"fusion-fullwidth fullwidth-box fusion-builder-row-3 fusion-flex-container nonhundred-percent-fullwidth non-hundred-percent-height-scrolling\" style=\"--awb-border-radius-top-left:0px;--awb-border-radius-top-right:0px;--awb-border-radius-bottom-right:0px;--awb-border-radius-bottom-left:0px;--awb-padding-top:0px;--awb-padding-right:0px;--awb-padding-bottom:0px;--awb-padding-left:0px;--awb-margin-top:0px;--awb-margin-bottom:0px;--awb-flex-wrap:wrap;\" ><div class=\"fusion-builder-row fusion-row fusion-flex-align-items-flex-start fusion-flex-content-wrap\" style=\"max-width:1144px;margin-left: calc(-4% \/ 2 );margin-right: calc(-4% \/ 2 );\"><div class=\"fusion-layout-column fusion_builder_column fusion-builder-column-5 fusion_builder_column_1_3 1_3 fusion-flex-column\" style=\"--awb-padding-top:20px;--awb-padding-right:20px;--awb-padding-bottom:15px;--awb-padding-left:20px;--awb-bg-color:#eeeeee;--awb-bg-color-hover:#eeeeee;--awb-bg-size:cover;--awb-width-large:33.333333333333%;--awb-margin-top-large:0px;--awb-spacing-right-large:0%;--awb-margin-bottom-large:20px;--awb-spacing-left-large:5.76%;--awb-width-medium:100%;--awb-spacing-right-medium:1.92%;--awb-spacing-left-medium:1.92%;--awb-width-small:100%;--awb-spacing-right-small:1.92%;--awb-spacing-left-small:1.92%;\"><div class=\"fusion-column-wrapper fusion-flex-justify-content-flex-start fusion-content-layout-column\"><div class=\"fusion-text fusion-text-7\"><h2><strong>A la d\u00e9couverte de votre haleine.<\/strong><\/h2>\n<p>Saviez-vous que vous pouviez avoir une mauvaise haleine sans le savoir ? De nombreuses personnes souffrent d\u2019halitose ou mauvaise haleine de fa\u00e7on habituelle, ind\u00e9pendamment de leur sexe, de leur \u00e2ge ou de leur classe sociale. L\u2019halitose peut en outre avoir de graves r\u00e9percussions sur l\u2019estime de soi et devenir un facteur de discrimination et d\u2019exclusion sociale. Si vous avez des doutes, nous vous invitons \u00e0 remplir nos questionnaires en ligne et ainsi conna\u00eetre le r\u00e9sultat imm\u00e9diatement.<\/p>\n<\/div><\/div><\/div><div class=\"fusion-layout-column fusion_builder_column fusion-builder-column-6 fusion_builder_column_2_3 2_3 fusion-flex-column\" style=\"--awb-bg-size:cover;--awb-width-large:66.666666666667%;--awb-margin-top-large:0px;--awb-spacing-right-large:2.88%;--awb-margin-bottom-large:20px;--awb-spacing-left-large:0%;--awb-width-medium:100%;--awb-spacing-right-medium:1.92%;--awb-spacing-left-medium:1.92%;--awb-width-small:100%;--awb-spacing-right-small:1.92%;--awb-spacing-left-small:1.92%;\"><div class=\"fusion-column-wrapper fusion-flex-justify-content-flex-start fusion-content-layout-column\"><div class=\"fusion-content-boxes content-boxes columns row fusion-columns-2 fusion-columns-total-2 fusion-content-boxes-1 content-boxes-icon-boxed content-left\" style=\"--awb-hover-accent-color:#008295;--awb-circle-hover-accent-color:#008295;\" data-animationOffset=\"top-into-view\"><div style=\"--awb-backgroundcolor:#d2edf0;\" class=\"fusion-column content-box-column content-box-column content-box-column-1 col-lg-6 col-md-6 col-sm-6 fusion-content-box-hover content-box-column-first-in-row\"><div class=\"col content-box-wrapper content-wrapper-background content-wrapper-boxed link-area-box link-type-button icon-hover-animation-pulsate\" data-link=\"http:\/\/www.institutodelaliento.com\/test-probabilidad-padecer-aliento-desagradable\/\" data-link-target=\"_self\" data-animationOffset=\"top-into-view\"><div class=\"heading icon-left\"><a class=\"heading-link\" href=\"http:\/\/www.institutodelaliento.com\/test-probabilidad-padecer-aliento-desagradable\/\" target=\"_self\"><h2 class=\"content-box-heading\" style=\"--h2_typography-font-size:22px;line-height:27px;\"> Test de probabilit\u00e9 d\u2019avoir une mauvaise haleine.<\/h2><\/a><\/div><div class=\"fusion-clearfix\"><\/div><div class=\"content-container\">\n<p>D\u00e9couvrez si la croyance que vous avez sur votre propre haleine est fond\u00e9e ou pas.<\/p>\n<\/div><div class=\"fusion-clearfix\"><\/div><a class=\"fusion-read-more-button fusion-content-box-button fusion-button button-default fusion-button-default-size button- button-flat\" href=\"http:\/\/www.institutodelaliento.com\/test-probabilidad-padecer-aliento-desagradable\/\" target=\"_self\"><span class=\"fusion-button-text\">FAIRE LE TEST EN LIGNE<\/span><\/a><div class=\"fusion-clearfix\"><\/div><\/div><\/div><div style=\"--awb-backgroundcolor:#c2e7eb;\" class=\"fusion-column content-box-column content-box-column content-box-column-2 col-lg-6 col-md-6 col-sm-6 fusion-content-box-hover content-box-column-last content-box-column-last-in-row\"><div class=\"col content-box-wrapper content-wrapper-background content-wrapper-boxed link-area-box link-type-button icon-hover-animation-pulsate\" data-link=\"http:\/\/www.institutodelaliento.com\/test-impacto-la-halitosis-la-calidad-vida\/\" data-link-target=\"_self\" data-animationOffset=\"top-into-view\"><div class=\"heading icon-left\"><a class=\"heading-link\" href=\"http:\/\/www.institutodelaliento.com\/test-impacto-la-halitosis-la-calidad-vida\/\" target=\"_self\"><h2 class=\"content-box-heading\" style=\"--h2_typography-font-size:22px;line-height:27px;\">Test d\u2019impact de l\u2019halitose sur votre qualit\u00e9 de vie.<\/h2><\/a><\/div><div class=\"fusion-clearfix\"><\/div><div class=\"content-container\">\n<p>D\u00e9couvrez l\u2019impact psychologique de votre haleine au quotidien.<\/p>\n<\/div><div class=\"fusion-clearfix\"><\/div><a class=\"fusion-read-more-button fusion-content-box-button fusion-button button-default fusion-button-default-size button- button-flat\" href=\"http:\/\/www.institutodelaliento.com\/test-impacto-la-halitosis-la-calidad-vida\/\" target=\"_self\"><span class=\"fusion-button-text\">FAIRE LE TEST EN LIGNE<\/span><\/a><div class=\"fusion-clearfix\"><\/div><\/div><\/div><div class=\"fusion-clearfix\"><\/div><\/div><\/div><\/div><\/div><\/div><\/p>\n","protected":false},"excerpt":{"rendered":"","protected":false},"author":2,"featured_media":0,"parent":1832,"menu_order":0,"comment_status":"closed","ping_status":"closed","template":"","meta":{"footnotes":""},"class_list":["post-1667","page","type-page","status-publish","hentry"],"_links":{"self":[{"href":"https:\/\/www.institutdelhaleine.be\/nl\/wp-json\/wp\/v2\/pages\/1667","targetHints":{"allow":["GET"]}}],"collection":[{"href":"https:\/\/www.institutdelhaleine.be\/nl\/wp-json\/wp\/v2\/pages"}],"about":[{"href":"https:\/\/www.institutdelhaleine.be\/nl\/wp-json\/wp\/v2\/types\/page"}],"author":[{"embeddable":true,"href":"https:\/\/www.institutdelhaleine.be\/nl\/wp-json\/wp\/v2\/users\/2"}],"replies":[{"embeddable":true,"href":"https:\/\/www.institutdelhaleine.be\/nl\/wp-json\/wp\/v2\/comments?post=1667"}],"version-history":[{"count":2,"href":"https:\/\/www.institutdelhaleine.be\/nl\/wp-json\/wp\/v2\/pages\/1667\/revisions"}],"predecessor-version":[{"id":1669,"href":"https:\/\/www.institutdelhaleine.be\/nl\/wp-json\/wp\/v2\/pages\/1667\/revisions\/1669"}],"up":[{"embeddable":true,"href":"https:\/\/www.institutdelhaleine.be\/nl\/wp-json\/wp\/v2\/pages\/1832"}],"wp:attachment":[{"href":"https:\/\/www.institutdelhaleine.be\/nl\/wp-json\/wp\/v2\/media?parent=1667"}],"curies":[{"name":"wp","href":"https:\/\/api.w.org\/{rel}","templated":true}]}}