{"id":1670,"date":"2020-02-12T12:17:45","date_gmt":"2020-02-12T12:17:45","guid":{"rendered":"https:\/\/www.institutdelhaleine.be\/quels-types-de-chewing-gums-ou-de-bains-de-bouche-dois-je-utiliser-pour-eliminer-lhalitose-ou-mauvaise-haleine\/"},"modified":"2025-01-30T08:42:09","modified_gmt":"2025-01-30T08:42:09","slug":"quels-types-de-chewing-gums-ou-de-bains-de-bouche-dois-je-utiliser-pour-eliminer-lhalitose-ou-mauvaise-haleine","status":"publish","type":"page","link":"https:\/\/www.institutdelhaleine.be\/nl\/les-questions-les-plus-frequentes-sur-lhalitose-ou-mauvaise-haleine\/quels-types-de-chewing-gums-ou-de-bains-de-bouche-dois-je-utiliser-pour-eliminer-lhalitose-ou-mauvaise-haleine\/","title":{"rendered":"Quels types de chewing-gums ou de bains de bouche dois-je utiliser pour \u00e9liminer l\u2019halitose ou mauvaise haleine?"},"content":{"rendered":"<p><div class=\"fusion-fullwidth fullwidth-box fusion-builder-row-1 fusion-flex-container nonhundred-percent-fullwidth non-hundred-percent-height-scrolling\" style=\"--awb-border-radius-top-left:0px;--awb-border-radius-top-right:0px;--awb-border-radius-bottom-right:0px;--awb-border-radius-bottom-left:0px;--awb-flex-wrap:wrap;\" ><div class=\"fusion-builder-row fusion-row fusion-flex-align-items-stretch fusion-flex-content-wrap\" style=\"max-width:1144px;margin-left: calc(-4% \/ 2 );margin-right: calc(-4% \/ 2 );\"><div class=\"fusion-layout-column fusion_builder_column fusion-builder-column-0 fusion_builder_column_1_4 1_4 fusion-flex-column\" style=\"--awb-padding-top:20px;--awb-padding-right:20px;--awb-padding-bottom:20px;--awb-padding-left:20px;--awb-bg-color:#dddddd;--awb-bg-color-hover:#dddddd;--awb-bg-size:cover;--awb-width-large:25%;--awb-margin-top-large:0px;--awb-spacing-right-large:0%;--awb-margin-bottom-large:20px;--awb-spacing-left-large:7.68%;--awb-width-medium:100%;--awb-spacing-right-medium:1.92%;--awb-spacing-left-medium:1.92%;--awb-width-small:100%;--awb-spacing-right-small:1.92%;--awb-spacing-left-small:1.92%;\"><div class=\"fusion-column-wrapper fusion-flex-justify-content-flex-start fusion-content-layout-column\"><div class=\"fusion-text fusion-text-1\"><h2><img decoding=\"async\" class=\"alignnone size-large wp-image-460\" src=\"http:\/\/www.institutodelaliento.com\/wp-content\/uploads\/2017\/10\/doctor-jonas-nunes-halitosis-756x1024.jpg\" alt=\"doctor-jonas-nunes-halitosis\" width=\"756\" height=\"1024\"><\/h2>\n<h2><strong>Les 13 questions les plus fr\u00e9quentes sur la mauvaise haleine.<\/strong><\/h2>\n<p style=\"text-align: justify;\">Le <strong>Docteur Jonas Nunes,<\/strong> Directeur de <strong>l\u2019Institut de l\u2019Haleine<\/strong> et de <strong>l\u2019Unit\u00e9 Hospitali\u00e8re du Centre Teknon \u00e0 Barcelone<\/strong>, r\u00e9pond aux questions les plus fr\u00e9quentes sur l\u2019haleine humaine.<\/p>\n<\/div><\/div><\/div><div class=\"fusion-layout-column fusion_builder_column fusion-builder-column-1 fusion_builder_column_3_4 3_4 fusion-flex-column\" style=\"--awb-padding-top:20px;--awb-padding-right:20px;--awb-padding-bottom:20px;--awb-padding-left:20px;--awb-bg-color:#eeeeee;--awb-bg-color-hover:#eeeeee;--awb-bg-size:cover;--awb-width-large:75%;--awb-margin-top-large:0px;--awb-spacing-right-large:2.56%;--awb-margin-bottom-large:20px;--awb-spacing-left-large:0%;--awb-width-medium:100%;--awb-spacing-right-medium:1.92%;--awb-spacing-left-medium:1.92%;--awb-width-small:100%;--awb-spacing-right-small:1.92%;--awb-spacing-left-small:1.92%;\"><div class=\"fusion-column-wrapper fusion-flex-justify-content-flex-start fusion-content-layout-column\"><div class=\"fusion-text fusion-text-2\"><h2><strong>11. Quels types de chewing-gums ou de bains de bouche dois-je utiliser pour \u00e9liminer l\u2019halitose ou mauvaise haleine?<\/strong><\/h2>\n<p>La plupart des chewing-gums provoquent (au mieux) deux effets : ils augmentent la salivation (cons\u00e9quence naturelle du fait de m\u00e2cher) et peuvent masquer temporairement la mauvaise haleine (parce qu\u2019ils d\u00e9gagent une odeur\/saveur plus intense : menthe, cannelle, etc.). Les patients savent que cet <strong>effet occultant dure tr\u00e8s peu<\/strong>. D\u2019un point de vue scientifique, on ne peut pas parler de ces deux effets comme \u00e9tant \u00ab \u00e9liminateur \u00bb de la mauvaise haleine. En effet, le b\u00e9n\u00e9fice ressenti par l\u2019augmentation de la s\u00e9cr\u00e9tion salivaire chez les patients souffrant de s\u00e8cheresse buccale dispara\u00eet quelques minutes apr\u00e8s que le patient cesse de m\u00e2cher ; les probl\u00e8mes reviennent aussit\u00f4t : mauvaise haleine, bouche s\u00e8che, etc&#8230; Les chewing-gums ne sont donc pas recommand\u00e9s pour traiter les probl\u00e8mes de mauvaise haleine ou de s\u00e8cheresse buccale. <strong>L\u2019utilisation continue de chewing-gums peut entra\u00eener des probl\u00e8mes<\/strong> au niveau de l\u2019articulation associ\u00e9e \u00e0 l\u2019ouverture et \u00e0 la fermeture de la bouche, l\u2019articulation temporo-mandibulaire : bruits, usure des surfaces articulaires, douleur, inflammation &#8230; Elle peut aussi g\u00e9n\u00e9rer une acidit\u00e9 gastrique excessive (r\u00e9flexe neuronal r\u00e9sultant de la mastication) qui \u00e0 son tour peut entra\u00eener une gastrite, des ulc\u00e8res, etc&#8230; A savoir qu\u2019il existe d\u2019autres options pour augmenter la s\u00e9cr\u00e9tion salivaire tout en \u00e9vitant ces effets nocifs, et bien entendu, beaucoup d\u2019autres alternatives pour traiter la mauvaise haleine. Plus r\u00e9cemment, des chewing-gums contenant des antimicrobiens et\/ou des probiotiques ont \u00e9t\u00e9 mis sur le march\u00e9. Bien qu\u2019une certaine efficacit\u00e9 ait \u00e9t\u00e9 d\u00e9montr\u00e9e, leur effet est limit\u00e9 \u00e0 court terme (effet th\u00e9rapeutique efficace uniquement lorsque la cause de la mauvaise haleine est intra-orale).<\/p>\n<h3><strong>&#8220;Les chewing-gums ne sont pas une solution th\u00e9rapeutique recommand\u00e9e pour traiter une mauvaise haleine ou des probl\u00e8mes de s\u00e8cheresse buccale&#8221;.<\/strong><\/h3>\n<p>En ce qui concerne les solutions orales\/ bains de bouche, je crois que j\u2019ai clairement expos\u00e9 mon opinion. <strong>Un bon rince-bouche ne doit pas comporter d\u2019alcool dans sa composition<\/strong> (par cons\u00e9quent, on ne doit pas avoir une sensation de br\u00fblure ou de picotement quand on l\u2019utilise) ; il poss\u00e8de des antimicrobiens \u00e0 l\u2019efficacit\u00e9 prouv\u00e9e tels que le chlorure de c\u00e9tipyridine ou le digluconate de chlorrhexidine ou des substances qui captent de mauvaises odeurs comme le lactate de zinc ou le chlorure de sodium. Lorsque la cause de l\u2019haleine se trouve dans la bouche (bact\u00e9ries orales), ces solutions orales peuvent aider et s\u2019av\u00e9rer tr\u00e8s utiles. Mais le probl\u00e8me que l\u2019on rencontre est qu\u2019une part tr\u00e8s importante des bains de bouche disponibles dans le commerce ne poss\u00e8de aucun de ces compos\u00e9s reposant sur un v\u00e9ritable fondement scientifique. Pour les autres causes d\u2019halitose (qui ne sont pas li\u00e9es \u00e0 des bact\u00e9ries orales), les rince-bouche ne sont pas des agents th\u00e9rapeutiques efficaces (c\u2019est pourquoi la quasi-totalit\u00e9 des fabricants de rince-bouche anti-microbiens incorpore de la menthe poivr\u00e9e dans leurs produits, pour essayer de masquer leur inefficacit\u00e9 lorsque l\u2019origine de l\u2019halitose ne provient pas des bact\u00e9ries buccales).    <\/p>\n<p style=\"text-align: justify;\">En cons\u00e9quence, si une personne utilise deux fois par jour un rince-bouche approuv\u00e9 scientifiquement et que sa mauvaise haleine perdure, on en d\u00e9duira ais\u00e9ment que la cause n\u2019est pas en lien avec les bact\u00e9ries orales mais avec une autre origine ; il sera donc totalement vain d\u2019utiliser des substances qui ne font que masquer le probl\u00e8me et qui ne sont incorpor\u00e9es dans la plupart des rince-bouche que par pur marketing (comme la menthe), parce que leur effet ne dure g\u00e9n\u00e9ralement que 15 minutes au maximum. Les halitoses (au pluriel) doivent \u00eatre trait\u00e9es avec des techniques r\u00e9ellement performantes et en ayant pr\u00e9alablement diagnostiqu\u00e9 la cause (non pas avec des chewing-gums \u00e0 la menthe ou \u00e0 la cannelle, des rince-bouche menthol\u00e9s ou d\u2019autres produits de ce genre). Les effets b\u00e9n\u00e9fiques de certains aliments \u00e0 l\u2019odeur agr\u00e9able (comme le persil et l\u2019anis) ou de certains compos\u00e9s vendus dans le commerce non seulement ne fonctionnent pas syst\u00e9matiquement sur tous les individus mais, lorsque c\u2019est le cas, leur temps d\u2019action d\u00e9passe rarement une heure.  <\/p>\n<\/div><div class=\"fusion-text fusion-text-3\"><p><div class=\"fusion-alignleft\"><a class=\"fusion-button button-flat fusion-button-default-size button-default fusion-button-default button-1 fusion-button-default-span fusion-button-default-type\" style=\"--button-border-radius-top-left:2px;--button-border-radius-top-right:2px;--button-border-radius-bottom-right:2px;--button-border-radius-bottom-left:2px;\" target=\"_self\" href=\"http:\/\/www.institutodelaliento.com\/preguntas-frecuentes-sobre-el-mal-aliento\/evitar-prevenir-la-halitosis\/\"><span class=\"fusion-button-text awb-button__text awb-button__text--default\">Voir la question pr\u00e9c\u00e9dente<\/span><\/a><\/div> <div class=\"fusion-alignright\"><a class=\"fusion-button button-flat fusion-button-default-size button-default fusion-button-default button-2 fusion-button-default-span fusion-button-default-type\" style=\"--button-border-radius-top-left:2px;--button-border-radius-top-right:2px;--button-border-radius-bottom-right:2px;--button-border-radius-bottom-left:2px;\" target=\"_self\" href=\"http:\/\/www.institutodelaliento.com\/preguntas-frecuentes-sobre-el-mal-aliento\/remedios-caseros-naturales-soluciones-naturales-existen-actualmente-combatir-la-halitosis\/\"><span class=\"fusion-button-text awb-button__text awb-button__text--default\">Voir la question suivante<\/span><\/a><\/div><\/p>\n<\/div><\/div><\/div><\/div><\/div><div class=\"fusion-fullwidth fullwidth-box fusion-builder-row-2 fusion-flex-container nonhundred-percent-fullwidth non-hundred-percent-height-scrolling\" style=\"--awb-border-radius-top-left:0px;--awb-border-radius-top-right:0px;--awb-border-radius-bottom-right:0px;--awb-border-radius-bottom-left:0px;--awb-flex-wrap:wrap;\" ><div class=\"fusion-builder-row fusion-row fusion-flex-align-items-flex-start fusion-flex-content-wrap\" style=\"max-width:1144px;margin-left: calc(-4% \/ 2 );margin-right: calc(-4% \/ 2 );\"><div class=\"fusion-layout-column fusion_builder_column fusion-builder-column-2 fusion_builder_column_1_4 1_4 fusion-flex-column\" style=\"--awb-padding-top:20px;--awb-padding-right:20px;--awb-padding-bottom:20px;--awb-padding-left:20px;--awb-bg-size:cover;--awb-width-large:25%;--awb-margin-top-large:0px;--awb-spacing-right-large:7.68%;--awb-margin-bottom-large:20px;--awb-spacing-left-large:7.68%;--awb-width-medium:100%;--awb-spacing-right-medium:1.92%;--awb-spacing-left-medium:1.92%;--awb-width-small:100%;--awb-spacing-right-small:1.92%;--awb-spacing-left-small:1.92%;\"><div class=\"fusion-column-wrapper fusion-flex-justify-content-flex-start fusion-content-layout-column\"><div class=\"fusion-text fusion-text-4\"><h2><strong>Soigner ou traiter l\u2019halitose ou mauvaise haleine<\/strong><\/h2>\n<p>01. Peut-on gu\u00e9rir de l\u2019halitose ou mauvaise haleine ? 02. Comment combattre, \u00e9liminer, soigner l\u2019halitose ou mauvaise haleine ?<\/p>\n<h2><strong>Causes et types d\u2019halitose ou mauvaise haleine<\/strong><\/h2>\n<p>03. Qu\u2019est-ce qui provoque l\u2019halitose ou mauvaise haleine ?<span style=\"color: #00aec7;\"><br \/>\n<\/span>04.<span style=\"color: #00aec7;\"> Quels sont les diff\u00e9rents types d\u2019halitose ?<\/span><br \/>\n05. La cause de l\u2019halitose ou mauvaise haleine provient-elle de l\u2019estomac ?<br \/>\n06. Quelles sont les causes de mauvaise haleine chez les b\u00e9b\u00e9s et\/ou enfants ?<\/p>\n<\/div><\/div><\/div><div class=\"fusion-layout-column fusion_builder_column fusion-builder-column-3 fusion_builder_column_1_3 1_3 fusion-flex-column\" style=\"--awb-padding-top:20px;--awb-padding-right:20px;--awb-padding-bottom:20px;--awb-padding-left:20px;--awb-bg-size:cover;--awb-width-large:33.333333333333%;--awb-margin-top-large:0px;--awb-spacing-right-large:0%;--awb-margin-bottom-large:20px;--awb-spacing-left-large:5.76%;--awb-width-medium:100%;--awb-spacing-right-medium:1.92%;--awb-spacing-left-medium:1.92%;--awb-width-small:100%;--awb-spacing-right-small:1.92%;--awb-spacing-left-small:1.92%;\"><div class=\"fusion-column-wrapper fusion-flex-justify-content-flex-start fusion-content-layout-column\"><div class=\"fusion-text fusion-text-5\"><h2><strong>Diagnostic et traitement de l\u2019halitose ou mauvaise haleine<\/strong><\/h2>\n<p>07. Existe-t-il des appareils pour mesurer l\u2019halitose ou mauvaise haleine? 08. Comment fonctionne une consultation de l\u2019halitose? 09. Combien co\u00fbte un traitement complet pour \u00e9radiquer l\u2019halitose?<\/p>\n<\/div><\/div><\/div><div class=\"fusion-layout-column fusion_builder_column fusion-builder-column-4 fusion_builder_column_2_5 2_5 fusion-flex-column\" style=\"--awb-padding-top:20px;--awb-padding-right:20px;--awb-padding-bottom:20px;--awb-padding-left:20px;--awb-bg-size:cover;--awb-width-large:40%;--awb-margin-top-large:0px;--awb-spacing-right-large:4.8%;--awb-margin-bottom-large:20px;--awb-spacing-left-large:0%;--awb-width-medium:100%;--awb-spacing-right-medium:1.92%;--awb-spacing-left-medium:1.92%;--awb-width-small:100%;--awb-spacing-right-small:1.92%;--awb-spacing-left-small:1.92%;\"><div class=\"fusion-column-wrapper fusion-flex-justify-content-flex-start fusion-content-layout-column\"><div class=\"fusion-text fusion-text-6\"><h2><strong>Pr\u00e9venir et \u00e9viter l\u2019halitose ou mauvaise haleine<\/strong><\/h2>\n<p>10. Comment \u00e9viter et\/ou pr\u00e9venir l\u2019halitose? 11. Quels types de chewing-gums ou de bains de bouche dois-je utiliser pour \u00e9liminer l\u2019halitose ou mauvaise haleine? 12. Quels rem\u00e8des maison\/naturels ou solutions naturelles existe-t-il actuellement pour lutter contre l\u2019halitose?<\/p>\n<h2>Solution \u00e0 l\u2019halitose ou mauvaise haleine<\/h2>\n<p>13. Est-il vrai qu\u2019il existe une solution pour se d\u00e9barrasser de la mauvaise haleine?<\/p>\n<\/div><\/div><\/div><\/div><\/div><div class=\"fusion-fullwidth fullwidth-box fusion-builder-row-3 fusion-flex-container nonhundred-percent-fullwidth non-hundred-percent-height-scrolling\" style=\"--awb-border-radius-top-left:0px;--awb-border-radius-top-right:0px;--awb-border-radius-bottom-right:0px;--awb-border-radius-bottom-left:0px;--awb-padding-top:0px;--awb-padding-right:0px;--awb-padding-bottom:0px;--awb-padding-left:0px;--awb-margin-top:0px;--awb-margin-bottom:0px;--awb-flex-wrap:wrap;\" ><div class=\"fusion-builder-row fusion-row fusion-flex-align-items-flex-start fusion-flex-content-wrap\" style=\"max-width:1144px;margin-left: calc(-4% \/ 2 );margin-right: calc(-4% \/ 2 );\"><div class=\"fusion-layout-column fusion_builder_column fusion-builder-column-5 fusion_builder_column_1_3 1_3 fusion-flex-column\" style=\"--awb-padding-top:20px;--awb-padding-right:20px;--awb-padding-bottom:15px;--awb-padding-left:20px;--awb-bg-color:#eeeeee;--awb-bg-color-hover:#eeeeee;--awb-bg-size:cover;--awb-width-large:33.333333333333%;--awb-margin-top-large:0px;--awb-spacing-right-large:0%;--awb-margin-bottom-large:20px;--awb-spacing-left-large:5.76%;--awb-width-medium:100%;--awb-spacing-right-medium:1.92%;--awb-spacing-left-medium:1.92%;--awb-width-small:100%;--awb-spacing-right-small:1.92%;--awb-spacing-left-small:1.92%;\"><div class=\"fusion-column-wrapper fusion-flex-justify-content-flex-start fusion-content-layout-column\"><div class=\"fusion-text fusion-text-7\"><h2><strong>A la d\u00e9couverte de votre haleine.<\/strong><\/h2>\n<p>Saviez-vous que vous pouviez avoir une mauvaise haleine sans le savoir ? De nombreuses personnes souffrent d\u2019halitose ou mauvaise haleine de fa\u00e7on habituelle, ind\u00e9pendamment de leur sexe, de leur \u00e2ge ou de leur classe sociale. L\u2019halitose peut en outre avoir de graves r\u00e9percussions sur l\u2019estime de soi et devenir un facteur de discrimination et d\u2019exclusion sociale. Si vous avez des doutes, nous vous invitons \u00e0 remplir nos questionnaires en ligne et ainsi conna\u00eetre le r\u00e9sultat imm\u00e9diatement.<\/p>\n<\/div><\/div><\/div><div class=\"fusion-layout-column fusion_builder_column fusion-builder-column-6 fusion_builder_column_2_3 2_3 fusion-flex-column\" style=\"--awb-bg-size:cover;--awb-width-large:66.666666666667%;--awb-margin-top-large:0px;--awb-spacing-right-large:2.88%;--awb-margin-bottom-large:20px;--awb-spacing-left-large:0%;--awb-width-medium:100%;--awb-spacing-right-medium:1.92%;--awb-spacing-left-medium:1.92%;--awb-width-small:100%;--awb-spacing-right-small:1.92%;--awb-spacing-left-small:1.92%;\"><div class=\"fusion-column-wrapper fusion-flex-justify-content-flex-start fusion-content-layout-column\"><div class=\"fusion-content-boxes content-boxes columns row fusion-columns-2 fusion-columns-total-2 fusion-content-boxes-1 content-boxes-icon-boxed content-left\" style=\"--awb-hover-accent-color:#008295;--awb-circle-hover-accent-color:#008295;\" data-animationOffset=\"top-into-view\"><div style=\"--awb-backgroundcolor:#d2edf0;\" class=\"fusion-column content-box-column content-box-column content-box-column-1 col-lg-6 col-md-6 col-sm-6 fusion-content-box-hover content-box-column-first-in-row\"><div class=\"col content-box-wrapper content-wrapper-background content-wrapper-boxed link-area-box link-type-button icon-hover-animation-pulsate\" data-link=\"http:\/\/www.institutodelaliento.com\/test-probabilidad-padecer-aliento-desagradable\/\" data-link-target=\"_self\" data-animationOffset=\"top-into-view\"><div class=\"heading icon-left\"><a class=\"heading-link\" href=\"http:\/\/www.institutodelaliento.com\/test-probabilidad-padecer-aliento-desagradable\/\" target=\"_self\"><h2 class=\"content-box-heading\" style=\"--h2_typography-font-size:22px;line-height:27px;\"> Test de probabilit\u00e9 d\u2019avoir une mauvaise haleine.<\/h2><\/a><\/div><div class=\"fusion-clearfix\"><\/div><div class=\"content-container\">\n<p>D\u00e9couvrez si la croyance que vous avez sur votre propre haleine est fond\u00e9e ou pas.<\/p>\n<\/div><div class=\"fusion-clearfix\"><\/div><a class=\"fusion-read-more-button fusion-content-box-button fusion-button button-default fusion-button-default-size button- button-flat\" href=\"http:\/\/www.institutodelaliento.com\/test-probabilidad-padecer-aliento-desagradable\/\" target=\"_self\"><span class=\"fusion-button-text\">FAIRE LE TEST EN LIGNE<\/span><\/a><div class=\"fusion-clearfix\"><\/div><\/div><\/div><div style=\"--awb-backgroundcolor:#c2e7eb;\" class=\"fusion-column content-box-column content-box-column content-box-column-2 col-lg-6 col-md-6 col-sm-6 fusion-content-box-hover content-box-column-last content-box-column-last-in-row\"><div class=\"col content-box-wrapper content-wrapper-background content-wrapper-boxed link-area-box link-type-button icon-hover-animation-pulsate\" data-link=\"http:\/\/www.institutodelaliento.com\/test-impacto-la-halitosis-la-calidad-vida\/\" data-link-target=\"_self\" data-animationOffset=\"top-into-view\"><div class=\"heading icon-left\"><a class=\"heading-link\" href=\"http:\/\/www.institutodelaliento.com\/test-impacto-la-halitosis-la-calidad-vida\/\" target=\"_self\"><h2 class=\"content-box-heading\" style=\"--h2_typography-font-size:22px;line-height:27px;\">Test d\u2019impact de l\u2019halitose sur votre qualit\u00e9 de vie.<\/h2><\/a><\/div><div class=\"fusion-clearfix\"><\/div><div class=\"content-container\">\n<p>D\u00e9couvrez l\u2019impact psychologique de votre haleine au quotidien.<\/p>\n<\/div><div class=\"fusion-clearfix\"><\/div><a class=\"fusion-read-more-button fusion-content-box-button fusion-button button-default fusion-button-default-size button- button-flat\" href=\"http:\/\/www.institutodelaliento.com\/test-impacto-la-halitosis-la-calidad-vida\/\" target=\"_self\"><span class=\"fusion-button-text\">FAIRE LE TEST EN LIGNE<\/span><\/a><div class=\"fusion-clearfix\"><\/div><\/div><\/div><div class=\"fusion-clearfix\"><\/div><\/div><\/div><\/div><\/div><\/div><\/p>\n","protected":false},"excerpt":{"rendered":"","protected":false},"author":2,"featured_media":0,"parent":1832,"menu_order":0,"comment_status":"closed","ping_status":"closed","template":"","meta":{"footnotes":""},"class_list":["post-1670","page","type-page","status-publish","hentry"],"_links":{"self":[{"href":"https:\/\/www.institutdelhaleine.be\/nl\/wp-json\/wp\/v2\/pages\/1670","targetHints":{"allow":["GET"]}}],"collection":[{"href":"https:\/\/www.institutdelhaleine.be\/nl\/wp-json\/wp\/v2\/pages"}],"about":[{"href":"https:\/\/www.institutdelhaleine.be\/nl\/wp-json\/wp\/v2\/types\/page"}],"author":[{"embeddable":true,"href":"https:\/\/www.institutdelhaleine.be\/nl\/wp-json\/wp\/v2\/users\/2"}],"replies":[{"embeddable":true,"href":"https:\/\/www.institutdelhaleine.be\/nl\/wp-json\/wp\/v2\/comments?post=1670"}],"version-history":[{"count":2,"href":"https:\/\/www.institutdelhaleine.be\/nl\/wp-json\/wp\/v2\/pages\/1670\/revisions"}],"predecessor-version":[{"id":1672,"href":"https:\/\/www.institutdelhaleine.be\/nl\/wp-json\/wp\/v2\/pages\/1670\/revisions\/1672"}],"up":[{"embeddable":true,"href":"https:\/\/www.institutdelhaleine.be\/nl\/wp-json\/wp\/v2\/pages\/1832"}],"wp:attachment":[{"href":"https:\/\/www.institutdelhaleine.be\/nl\/wp-json\/wp\/v2\/media?parent=1670"}],"curies":[{"name":"wp","href":"https:\/\/api.w.org\/{rel}","templated":true}]}}